{"id":991,"date":"2013-08-29T11:51:49","date_gmt":"2013-08-29T10:51:49","guid":{"rendered":"http:\/\/eli-s.com\/?page_id=991"},"modified":"2021-05-19T10:15:27","modified_gmt":"2021-05-19T09:15:27","slug":"values","status":"publish","type":"page","link":"https:\/\/eli-s.com\/fr\/values\/","title":{"rendered":"NOS VALEURS"},"content":{"rendered":"\n<h1 class=\"has-text-align-center wp-block-heading\" style=\"color:#42aaaa\">NOS VALEURS<\/h1>\n\n\n\n<div style=\"height:20px\" aria-hidden=\"true\" class=\"wp-block-spacer\"><\/div>\n\n\n\n<hr class=\"wp-block-separator is-style-wide\"\/>\n\n\n\n<p class=\"has-text-color has-text-align-center has-medium-font-size has-very-dark-gray-color\">Nous recherchons au travers d\u2019ELI-S de partager des moments forts qui marquent la vie de toute personne. <\/p>\n\n\n\n<p class=\"has-text-color has-text-align-center has-medium-font-size has-very-dark-gray-color\">Nous souhaitons transmettre des valeurs fondamentales : le respect, le partage, la solidarit\u00e9, la convivialit\u00e9 et l\u2019honn\u00eatet\u00e9.<\/p>\n\n\n\n<hr class=\"wp-block-separator is-style-wide\"\/>\n\n\n\n<div style=\"height:41px\" aria-hidden=\"true\" class=\"wp-block-spacer\"><\/div>\n\n\n\n<div class=\"wp-block-columns is-layout-flex wp-container-core-columns-is-layout-9d6595d7 wp-block-columns-is-layout-flex\">\n<div class=\"wp-block-column is-layout-flow wp-block-column-is-layout-flow\">\n<h2 class=\"has-text-align-center wp-block-heading\" style=\"color:#42aaaa\"><i class=\"fas fa-futbol\"><\/i> SPORT<\/h2>\n\n\n\n<div style=\"height:20px\" aria-hidden=\"true\" class=\"wp-block-spacer\"><\/div>\n\n\n\n<p class=\"has-text-color has-very-dark-gray-color\">Nous utilisons le sport&nbsp;afin de permettre \u00e0 tous les publics d\u2019\u00eatre int\u00e9gr\u00e9s dans la soci\u00e9t\u00e9.<\/p>\n\n\n\n<p class=\"has-text-color has-very-dark-gray-color\">Nos activit\u00e9s permettent de :<\/p>\n\n\n\n<p class=\"has-text-color has-very-dark-gray-color\"><i class=\"fas fa-check\"><\/i> Lutter contre l\u2019exclusion (physique, raciale, sociale, selon le sexe,etc)<\/p>\n\n\n\n<p class=\"has-text-color has-very-dark-gray-color\"><i class=\"fas fa-check\"><\/i> Oeuvrer pour une coh\u00e9sion sociale et humaine<\/p>\n\n\n\n<p class=\"has-text-color has-very-dark-gray-color\"><i class=\"fas fa-check\"><\/i> Amener une parit\u00e9<\/p>\n\n\n\n<p class=\"has-text-color has-very-dark-gray-color\"><i class=\"fas fa-check\"><\/i> Int\u00e9grer des personnes en situation de handicap<\/p>\n\n\n\n<figure class=\"wp-block-image size-large is-resized\"><img loading=\"lazy\" decoding=\"async\" src=\"https:\/\/eli-s.com\/wp-content\/uploads\/2015\/02\/11813456_492107527619063_4590579885190430852_n.jpg\" alt=\"\" class=\"wp-image-2750\" width=\"468\" height=\"396\"\/><\/figure>\n<\/div>\n\n\n\n<div class=\"wp-block-column is-layout-flow wp-block-column-is-layout-flow\">\n<h2 class=\"has-text-align-center wp-block-heading\" style=\"color:#42aaaa\"><i class=\"fas fa-flask\"><\/i> SCIENCE<\/h2>\n\n\n\n<div style=\"height:20px\" aria-hidden=\"true\" class=\"wp-block-spacer\"><\/div>\n\n\n\n<p class=\"has-text-color has-very-dark-gray-color\">Nous utilisons la science afin de cr\u00e9er une prise de conscience environnementale.<\/p>\n\n\n\n<p class=\"has-text-color has-very-dark-gray-color\">Nos activit\u00e9s permettent de :<\/p>\n\n\n\n<p class=\"has-text-color has-very-dark-gray-color\"><i class=\"fas fa-check\"><\/i> Sensibliser tous publics \u00e0 la probl\u00e9matique environnementale <\/p>\n\n\n\n<p class=\"has-text-color has-very-dark-gray-color\"><i class=\"fas fa-check\"><\/i> G\u00e9n\u00e9rer une base de donn\u00e9es unique sur les c\u00e9tac\u00e9s du pays<\/p>\n\n\n\n<p class=\"has-text-color has-very-dark-gray-color\"><i class=\"fas fa-check\"><\/i> Mettre en place des mesures de gestion pour la protection de la faune marine<\/p>\n\n\n\n<p class=\"has-text-color has-very-dark-gray-color\"><i class=\"fas fa-check\"><\/i> Donner des chances \u00e9gales aux hommes et aux femmes<\/p>\n\n\n\n<figure class=\"wp-block-image size-large\"><img loading=\"lazy\" decoding=\"async\" width=\"1030\" height=\"688\" src=\"https:\/\/eli-s.com\/wp-content\/uploads\/2019\/09\/CCN_SJDS_29072016_JDW_003_3371-1030x688.jpg\" alt=\"\" class=\"wp-image-3811\" srcset=\"https:\/\/eli-s.com\/wp-content\/uploads\/2019\/09\/CCN_SJDS_29072016_JDW_003_3371-1030x688.jpg 1030w, https:\/\/eli-s.com\/wp-content\/uploads\/2019\/09\/CCN_SJDS_29072016_JDW_003_3371-600x401.jpg 600w, https:\/\/eli-s.com\/wp-content\/uploads\/2019\/09\/CCN_SJDS_29072016_JDW_003_3371-300x200.jpg 300w, https:\/\/eli-s.com\/wp-content\/uploads\/2019\/09\/CCN_SJDS_29072016_JDW_003_3371-768x513.jpg 768w, https:\/\/eli-s.com\/wp-content\/uploads\/2019\/09\/CCN_SJDS_29072016_JDW_003_3371-1500x1002.jpg 1500w, https:\/\/eli-s.com\/wp-content\/uploads\/2019\/09\/CCN_SJDS_29072016_JDW_003_3371-705x471.jpg 705w\" sizes=\"auto, (max-width: 1030px) 100vw, 1030px\" \/><\/figure>\n<\/div>\n<\/div>\n\n\n\n<div class=\"wp-block-columns is-layout-flex wp-container-core-columns-is-layout-9d6595d7 wp-block-columns-is-layout-flex\">\n<div class=\"wp-block-column is-layout-flow wp-block-column-is-layout-flow\">\n<h2 class=\"has-text-align-center wp-block-heading\" style=\"color:#42aaaa\"><i class=\"fab fa-envira\"><\/i> ENVIRONNEMENT<\/h2>\n\n\n\n<div style=\"height:20px\" aria-hidden=\"true\" class=\"wp-block-spacer\"><\/div>\n\n\n\n<p class=\"has-text-color has-very-dark-gray-color\">Nous utilisons le sport et la science&nbsp;pour sensibiliser tous les public \u00e0 la protection environnementale. Nos actions sont construites autour du d\u00e9veloppement durable et de l\u2019\u00e9cologie car c\u2019est une th\u00e9matique qui nous tient \u00e0 coeur. <\/p>\n\n\n\n<div style=\"height:33px\" aria-hidden=\"true\" class=\"wp-block-spacer\"><\/div>\n\n\n\n<figure class=\"wp-block-image size-large\"><img loading=\"lazy\" decoding=\"async\" width=\"960\" height=\"720\" src=\"https:\/\/eli-s.com\/wp-content\/uploads\/2019\/09\/Operacion-basura.jpg\" alt=\"\" class=\"wp-image-3782\" srcset=\"https:\/\/eli-s.com\/wp-content\/uploads\/2019\/09\/Operacion-basura.jpg 960w, https:\/\/eli-s.com\/wp-content\/uploads\/2019\/09\/Operacion-basura-600x450.jpg 600w, https:\/\/eli-s.com\/wp-content\/uploads\/2019\/09\/Operacion-basura-300x225.jpg 300w, https:\/\/eli-s.com\/wp-content\/uploads\/2019\/09\/Operacion-basura-768x576.jpg 768w, https:\/\/eli-s.com\/wp-content\/uploads\/2019\/09\/Operacion-basura-705x529.jpg 705w\" sizes=\"auto, (max-width: 960px) 100vw, 960px\" \/><\/figure>\n<\/div>\n\n\n\n<div class=\"wp-block-column is-layout-flow wp-block-column-is-layout-flow\">\n<h2 class=\"has-text-align-center wp-block-heading\" style=\"color:#42aaaa\"> <i class=\"fas fa-hands\"><\/i> SOLIDARIT\u00c9<\/h2>\n\n\n\n<div style=\"height:20px\" aria-hidden=\"true\" class=\"wp-block-spacer\"><\/div>\n\n\n\n<p class=\"has-text-color has-very-dark-gray-color\">Nous organisons des missions humanitaires pour soutenir des communaut\u00e9s locales dans des pays en voie de d\u00e9veloppement.<\/p>\n\n\n\n<p class=\"has-text-color has-very-dark-gray-color\">Aussi, nous sensibilisons au handicap et nous agissons pour inclure le public handicap\u00e9 au travers diff\u00e9rentes activit\u00e9s.<\/p>\n\n\n\n<figure class=\"wp-block-image size-large\"><img loading=\"lazy\" decoding=\"async\" width=\"1030\" height=\"773\" src=\"https:\/\/eli-s.com\/wp-content\/uploads\/2019\/10\/72478955_1307367532773989_1671019299239624704_n-1030x773.jpg\" alt=\"\" class=\"wp-image-3924\" srcset=\"https:\/\/eli-s.com\/wp-content\/uploads\/2019\/10\/72478955_1307367532773989_1671019299239624704_n-1030x773.jpg 1030w, https:\/\/eli-s.com\/wp-content\/uploads\/2019\/10\/72478955_1307367532773989_1671019299239624704_n-600x450.jpg 600w, https:\/\/eli-s.com\/wp-content\/uploads\/2019\/10\/72478955_1307367532773989_1671019299239624704_n-300x225.jpg 300w, https:\/\/eli-s.com\/wp-content\/uploads\/2019\/10\/72478955_1307367532773989_1671019299239624704_n-768x576.jpg 768w, https:\/\/eli-s.com\/wp-content\/uploads\/2019\/10\/72478955_1307367532773989_1671019299239624704_n-1500x1125.jpg 1500w, https:\/\/eli-s.com\/wp-content\/uploads\/2019\/10\/72478955_1307367532773989_1671019299239624704_n-705x529.jpg 705w\" sizes=\"auto, (max-width: 1030px) 100vw, 1030px\" \/><\/figure>\n\n\n\n<p><\/p>\n<\/div>\n<\/div>\n","protected":false},"excerpt":{"rendered":"<p>NOS VALEURS Nous recherchons au travers d\u2019ELI-S de partager des moments forts qui marquent la vie de toute personne. Nous souhaitons transmettre des valeurs fondamentales : le respect, le partage, la solidarit\u00e9, la convivialit\u00e9 et l\u2019honn\u00eatet\u00e9. SPORT Nous utilisons le sport&nbsp;afin de permettre \u00e0 tous les publics d\u2019\u00eatre int\u00e9gr\u00e9s dans la soci\u00e9t\u00e9. Nos activit\u00e9s permettent [&hellip;]<\/p>\n","protected":false},"author":1,"featured_media":0,"parent":0,"menu_order":0,"comment_status":"open","ping_status":"closed","template":"","meta":{"footnotes":""},"class_list":["post-991","page","type-page","status-publish","hentry"],"jetpack_sharing_enabled":true,"_links":{"self":[{"href":"https:\/\/eli-s.com\/fr\/wp-json\/wp\/v2\/pages\/991","targetHints":{"allow":["GET"]}}],"collection":[{"href":"https:\/\/eli-s.com\/fr\/wp-json\/wp\/v2\/pages"}],"about":[{"href":"https:\/\/eli-s.com\/fr\/wp-json\/wp\/v2\/types\/page"}],"author":[{"embeddable":true,"href":"https:\/\/eli-s.com\/fr\/wp-json\/wp\/v2\/users\/1"}],"replies":[{"embeddable":true,"href":"https:\/\/eli-s.com\/fr\/wp-json\/wp\/v2\/comments?post=991"}],"version-history":[{"count":114,"href":"https:\/\/eli-s.com\/fr\/wp-json\/wp\/v2\/pages\/991\/revisions"}],"predecessor-version":[{"id":5386,"href":"https:\/\/eli-s.com\/fr\/wp-json\/wp\/v2\/pages\/991\/revisions\/5386"}],"wp:attachment":[{"href":"https:\/\/eli-s.com\/fr\/wp-json\/wp\/v2\/media?parent=991"}],"curies":[{"name":"wp","href":"https:\/\/api.w.org\/{rel}","templated":true}]}}