{"id":7,"date":"2013-07-30T08:42:45","date_gmt":"2013-07-30T07:42:45","guid":{"rendered":"http:\/\/eli-s.com\/?page_id=7"},"modified":"2021-05-18T09:43:16","modified_gmt":"2021-05-18T08:43:16","slug":"stages","status":"publish","type":"page","link":"https:\/\/eli-s.com\/fr\/association\/stages\/","title":{"rendered":"Stages"},"content":{"rendered":"\n<h2 class=\"has-text-align-center wp-block-heading\" style=\"color:#42aaaa\">STAGES ELI-S<\/h2>\n\n\n\n<div style=\"height:24px\" aria-hidden=\"true\" class=\"wp-block-spacer\"><\/div>\n\n\n\n<div class=\"wp-block-cover has-background-dim\" style=\"background-image:url(https:\/\/eli-s.com\/wp-content\/uploads\/2016\/04\/zuru.png)\"><div class=\"wp-block-cover__inner-container is-layout-flow wp-block-cover-is-layout-flow\">\n<p class=\"has-text-align-center has-large-font-size\">Les stages ELI-S, c&rsquo;est quoi ? <\/p>\n<\/div><\/div>\n\n\n\n<div style=\"height:58px\" aria-hidden=\"true\" class=\"wp-block-spacer\"><\/div>\n\n\n\n<div class=\"wp-block-media-text alignwide\"><figure class=\"wp-block-media-text__media\"><img loading=\"lazy\" decoding=\"async\" width=\"960\" height=\"636\" src=\"https:\/\/eli-s.com\/wp-content\/uploads\/2013\/07\/Stage-eli-s_p\u00e2ques2015.jpg\" alt=\"\" class=\"wp-image-2498\" srcset=\"https:\/\/eli-s.com\/wp-content\/uploads\/2013\/07\/Stage-eli-s_p\u00e2ques2015.jpg 960w, https:\/\/eli-s.com\/wp-content\/uploads\/2013\/07\/Stage-eli-s_p\u00e2ques2015-600x398.jpg 600w, https:\/\/eli-s.com\/wp-content\/uploads\/2013\/07\/Stage-eli-s_p\u00e2ques2015-300x199.jpg 300w, https:\/\/eli-s.com\/wp-content\/uploads\/2013\/07\/Stage-eli-s_p\u00e2ques2015-768x509.jpg 768w, https:\/\/eli-s.com\/wp-content\/uploads\/2013\/07\/Stage-eli-s_p\u00e2ques2015-705x467.jpg 705w\" sizes=\"auto, (max-width: 960px) 100vw, 960px\" \/><\/figure><div class=\"wp-block-media-text__content\">\n<p style=\"color:#42aaaa\" class=\"has-text-color has-large-font-size\">Pr\u00e9sentation <\/p>\n\n\n\n<p class=\"has-text-color has-very-dark-gray-color\">L\u2019association ELI-S, en collaboration avec plusieurs acteurs locaux: clubs d\u2019amateurs, mairies, associations, organise des stages de football pour les enfants de 7 \u00e0 14 ans, pendant les vacances scolaires (P\u00e2ques \/ \u00c9t\u00e9 \/ Toussaint). Les stages sont disponibles pour les gar\u00e7ons et les filles.<\/p>\n\n\n\n<p class=\"has-text-color has-very-dark-gray-color\">Nous proposons uniquement des cours en demi-pension (sans h\u00e9bergement). Les enfants seront surveill\u00e9s pendant 5 jours, \u00e0 partir de 9h00. \u00e0 18 heures, par des \u00e9ducateurs qualifi\u00e9s et un personnel qualifi\u00e9<\/p>\n<\/div><\/div>\n\n\n\n<div style=\"height:56px\" aria-hidden=\"true\" class=\"wp-block-spacer\"><\/div>\n\n\n\n<h2 class=\"has-text-align-center wp-block-heading\" style=\"color:#42aaaa\">ACTIVITES <\/h2>\n\n\n\n<div style=\"height:44px\" aria-hidden=\"true\" class=\"wp-block-spacer\"><\/div>\n\n\n\n<div class=\"wp-block-columns is-layout-flex wp-container-core-columns-is-layout-9d6595d7 wp-block-columns-is-layout-flex\">\n<div class=\"wp-block-column is-layout-flow wp-block-column-is-layout-flow\" style=\"flex-basis:26%\">\n<div class=\"wp-block-group\"><div class=\"wp-block-group__inner-container is-layout-flow wp-block-group-is-layout-flow\">\n<h4 class=\"wp-block-heading\" style=\"color:#42aaaa\"><i class=\"fas fa-star\"><\/i> RELAXATION <\/h4>\n\n\n\n<ul class=\"wp-block-list\"><li>Tennis Ballon<\/li><li>Baby foot<\/li><li>Tournoi de Playstation<\/li><li>Slackline<\/li><\/ul>\n<\/div><\/div>\n<\/div>\n\n\n\n<div class=\"wp-block-column is-layout-flow wp-block-column-is-layout-flow\" style=\"flex-basis:24%\">\n<h4 class=\"wp-block-heading\" style=\"color:#42aaaa\"><i class=\"fas fa-futbol\"> <\/i> FOOTBALL<\/h4>\n\n\n\n<ul class=\"wp-block-list\"><li>Entrainements<\/li><li>Tournoi\/Match<\/li><\/ul>\n<\/div>\n\n\n\n<div class=\"wp-block-column is-layout-flow wp-block-column-is-layout-flow\" style=\"flex-basis:24.99%\">\n<h4 class=\"wp-block-heading\" style=\"color:#42aaaa\"><i class=\"fas fa-briefcase\"><\/i> INTERVENTIONS<\/h4>\n\n\n\n<ul class=\"wp-block-list\"><li>Recyclage <\/li><li>Nutrition<\/li><li>Premier Secours<\/li><li>Education<\/li><\/ul>\n<\/div>\n\n\n\n<div class=\"wp-block-column is-layout-flow wp-block-column-is-layout-flow\" style=\"flex-basis:25%\">\n<h4 class=\"wp-block-heading\" style=\"color:#42aaaa\"><i class=\"fab fa-cc-discover\"><\/i> \n DECOUVERTES<\/h4>\n\n\n\n<ul class=\"wp-block-list\"><li>Visite du Stade Anoeta<\/li><li>Visite du centre de la Real Sociedad<\/li><\/ul>\n<\/div>\n<\/div>\n\n\n\n<div style=\"height:49px\" aria-hidden=\"true\" class=\"wp-block-spacer\"><\/div>\n\n\n\n<h2 class=\"has-text-align-center wp-block-heading\" style=\"color:#42aaaa\">QUELQUES CHIFFRES<\/h2>\n\n\n\n<div style=\"height:46px\" aria-hidden=\"true\" class=\"wp-block-spacer\"><\/div>\n\n\n\n<p class=\"has-text-color has-text-align-center has-huge-font-size has-very-dark-gray-color\"><i class=\"far fa-calendar\"><\/i> 2010 <\/p>\n\n\n\n<p class=\"has-text-color has-text-align-center has-huge-font-size has-very-dark-gray-color\"><i class=\"fab fa-angellist\"><\/i>21 STAGES <\/p>\n\n\n\n<p class=\"has-text-color has-text-align-center has-huge-font-size has-very-dark-gray-color\"><i class=\"fas fa-child\"><\/i> 1280 ENFANTS<\/p>\n\n\n\n<div style=\"height:60px\" aria-hidden=\"true\" class=\"wp-block-spacer\"><\/div>\n\n\n\n<h2 class=\"has-text-align-center wp-block-heading\" style=\"color:#42aaaa\">LES LIEUX DE STAGES<\/h2>\n\n\n\n<div style=\"height:41px\" aria-hidden=\"true\" class=\"wp-block-spacer\"><\/div>\n\n\n\n<div class=\"wp-block-image\"><figure class=\"aligncenter size-large\"><img loading=\"lazy\" decoding=\"async\" width=\"696\" height=\"452\" src=\"https:\/\/eli-s.com\/wp-content\/uploads\/2019\/11\/Capture-d\u2019e\u0301cran-2019-11-02-a\u0300-20.53.55.png\" alt=\"\" class=\"wp-image-4953\" srcset=\"https:\/\/eli-s.com\/wp-content\/uploads\/2019\/11\/Capture-d\u2019e\u0301cran-2019-11-02-a\u0300-20.53.55.png 696w, https:\/\/eli-s.com\/wp-content\/uploads\/2019\/11\/Capture-d\u2019e\u0301cran-2019-11-02-a\u0300-20.53.55-600x390.png 600w, https:\/\/eli-s.com\/wp-content\/uploads\/2019\/11\/Capture-d\u2019e\u0301cran-2019-11-02-a\u0300-20.53.55-300x195.png 300w\" sizes=\"auto, (max-width: 696px) 100vw, 696px\" \/><\/figure><\/div>\n\n\n\n<div style=\"height:56px\" aria-hidden=\"true\" class=\"wp-block-spacer\"><\/div>\n\n\n\n<h2 class=\"has-text-align-center wp-block-heading\" style=\"color:#42aaaa\">QUELQUES PHOTOS<\/h2>\n\n\n\n<div style=\"height:53px\" aria-hidden=\"true\" class=\"wp-block-spacer\"><\/div>\n\n\n\n<div class=\"wp-block-columns is-layout-flex wp-container-core-columns-is-layout-9d6595d7 wp-block-columns-is-layout-flex\">\n<div class=\"wp-block-column is-layout-flow wp-block-column-is-layout-flow\">\n<figure class=\"wp-block-image size-large\"><img loading=\"lazy\" decoding=\"async\" width=\"728\" height=\"1030\" src=\"https:\/\/eli-s.com\/wp-content\/uploads\/2013\/07\/Flyer_1-728x1030.png\" alt=\"\" class=\"wp-image-2564\" srcset=\"https:\/\/eli-s.com\/wp-content\/uploads\/2013\/07\/Flyer_1-728x1030.png 728w, https:\/\/eli-s.com\/wp-content\/uploads\/2013\/07\/Flyer_1-600x848.png 600w, https:\/\/eli-s.com\/wp-content\/uploads\/2013\/07\/Flyer_1-212x300.png 212w, https:\/\/eli-s.com\/wp-content\/uploads\/2013\/07\/Flyer_1-768x1086.png 768w, https:\/\/eli-s.com\/wp-content\/uploads\/2013\/07\/Flyer_1-1061x1500.png 1061w, https:\/\/eli-s.com\/wp-content\/uploads\/2013\/07\/Flyer_1-499x705.png 499w, https:\/\/eli-s.com\/wp-content\/uploads\/2013\/07\/Flyer_1.png 1754w\" sizes=\"auto, (max-width: 728px) 100vw, 728px\" \/><\/figure>\n<\/div>\n\n\n\n<div class=\"wp-block-column is-layout-flow wp-block-column-is-layout-flow\">\n<figure class=\"wp-block-image size-large\"><img loading=\"lazy\" decoding=\"async\" width=\"1024\" height=\"680\" src=\"https:\/\/eli-s.com\/wp-content\/uploads\/2013\/07\/DSC_0382-1024x680.jpg\" alt=\"\" class=\"wp-image-2563\" srcset=\"https:\/\/eli-s.com\/wp-content\/uploads\/2013\/07\/DSC_0382-1024x680.jpg 1024w, https:\/\/eli-s.com\/wp-content\/uploads\/2013\/07\/DSC_0382-1024x680-600x398.jpg 600w, https:\/\/eli-s.com\/wp-content\/uploads\/2013\/07\/DSC_0382-1024x680-300x199.jpg 300w, https:\/\/eli-s.com\/wp-content\/uploads\/2013\/07\/DSC_0382-1024x680-768x510.jpg 768w, https:\/\/eli-s.com\/wp-content\/uploads\/2013\/07\/DSC_0382-1024x680-705x468.jpg 705w\" sizes=\"auto, (max-width: 1024px) 100vw, 1024px\" \/><figcaption>STAGE DE FOOTBALL \u00c0 BAYONNE<\/figcaption><\/figure>\n<\/div>\n\n\n\n<div class=\"wp-block-column is-layout-flow wp-block-column-is-layout-flow\">\n<figure class=\"wp-block-image size-large\"><img loading=\"lazy\" decoding=\"async\" width=\"960\" height=\"816\" src=\"https:\/\/eli-s.com\/wp-content\/uploads\/2015\/02\/11813456_492107527619063_4590579885190430852_n.jpg\" alt=\"\" class=\"wp-image-2750\" srcset=\"https:\/\/eli-s.com\/wp-content\/uploads\/2015\/02\/11813456_492107527619063_4590579885190430852_n.jpg 960w, https:\/\/eli-s.com\/wp-content\/uploads\/2015\/02\/11813456_492107527619063_4590579885190430852_n-600x510.jpg 600w, https:\/\/eli-s.com\/wp-content\/uploads\/2015\/02\/11813456_492107527619063_4590579885190430852_n-300x255.jpg 300w, https:\/\/eli-s.com\/wp-content\/uploads\/2015\/02\/11813456_492107527619063_4590579885190430852_n-768x653.jpg 768w, https:\/\/eli-s.com\/wp-content\/uploads\/2015\/02\/11813456_492107527619063_4590579885190430852_n-705x599.jpg 705w\" sizes=\"auto, (max-width: 960px) 100vw, 960px\" \/><\/figure>\n<\/div>\n<\/div>\n\n\n\n<p><\/p>\n","protected":false},"excerpt":{"rendered":"<p>STAGES ELI-S Pr\u00e9sentation L\u2019association ELI-S, en collaboration avec plusieurs acteurs locaux: clubs d\u2019amateurs, mairies, associations, organise des stages de football pour les enfants de 7 \u00e0 14 ans, pendant les vacances scolaires (P\u00e2ques \/ \u00c9t\u00e9 \/ Toussaint). Les stages sont disponibles pour les gar\u00e7ons et les filles. Nous proposons uniquement des cours en demi-pension (sans [&hellip;]<\/p>\n","protected":false},"author":1,"featured_media":0,"parent":2382,"menu_order":0,"comment_status":"closed","ping_status":"closed","template":"","meta":{"footnotes":""},"class_list":["post-7","page","type-page","status-publish","hentry"],"jetpack_sharing_enabled":true,"_links":{"self":[{"href":"https:\/\/eli-s.com\/fr\/wp-json\/wp\/v2\/pages\/7","targetHints":{"allow":["GET"]}}],"collection":[{"href":"https:\/\/eli-s.com\/fr\/wp-json\/wp\/v2\/pages"}],"about":[{"href":"https:\/\/eli-s.com\/fr\/wp-json\/wp\/v2\/types\/page"}],"author":[{"embeddable":true,"href":"https:\/\/eli-s.com\/fr\/wp-json\/wp\/v2\/users\/1"}],"replies":[{"embeddable":true,"href":"https:\/\/eli-s.com\/fr\/wp-json\/wp\/v2\/comments?post=7"}],"version-history":[{"count":105,"href":"https:\/\/eli-s.com\/fr\/wp-json\/wp\/v2\/pages\/7\/revisions"}],"predecessor-version":[{"id":5334,"href":"https:\/\/eli-s.com\/fr\/wp-json\/wp\/v2\/pages\/7\/revisions\/5334"}],"up":[{"embeddable":true,"href":"https:\/\/eli-s.com\/fr\/wp-json\/wp\/v2\/pages\/2382"}],"wp:attachment":[{"href":"https:\/\/eli-s.com\/fr\/wp-json\/wp\/v2\/media?parent=7"}],"curies":[{"name":"wp","href":"https:\/\/api.w.org\/{rel}","templated":true}]}}