{"id":3160,"date":"2019-09-13T23:07:20","date_gmt":"2019-09-13T22:07:20","guid":{"rendered":"https:\/\/eli-s.com\/?page_id=3160"},"modified":"2021-05-19T11:22:22","modified_gmt":"2021-05-19T10:22:22","slug":"daily","status":"publish","type":"page","link":"https:\/\/eli-s.com\/fr\/daily\/","title":{"rendered":"AU QUOTIDIEN"},"content":{"rendered":"\n<div style=\"height:60px\" aria-hidden=\"true\" class=\"wp-block-spacer\"><\/div>\n\n\n\n<h1 class=\"has-text-align-center wp-block-heading\" style=\"color:#42aaaa\">AU QUOTIDIEN<\/h1>\n\n\n\n<div style=\"height:60px\" aria-hidden=\"true\" class=\"wp-block-spacer\"><\/div>\n\n\n\n<div class=\"wp-block-columns is-layout-flex wp-container-core-columns-is-layout-9d6595d7 wp-block-columns-is-layout-flex\">\n<div class=\"wp-block-column is-layout-flow wp-block-column-is-layout-flow\">\n<h3 class=\"has-text-align-center wp-block-heading\" style=\"color:#42aaaa\">UTULISER LILO COMME MOTEUR DE RECHERCHE<\/h3>\n\n\n\n<p class=\"has-text-color has-medium-font-size has-very-dark-gray-color\">Lilo est un moteur de recherche solidaire qui permet gr\u00e2ce \u00e0 vos recherches en ligne de g\u00e9n\u00e9rer des gouttes d\u2019eau virtuelles. Ces gouttes peuvent \u00eatre distribu\u00e9es \u00e0 des projets socio-environnementaux. Seuls ceux qui sont en possession du lien de notre projet peuvent faire un don \u00e0 notre projet pour l\u2019instant\u00a0 <\/p>\n\n\n\n<figure class=\"wp-block-embed-youtube wp-block-embed is-type-video is-provider-youtube wp-embed-aspect-16-9 wp-has-aspect-ratio\"><div class=\"wp-block-embed__wrapper\">\n<div class='avia-iframe-wrap'><iframe loading=\"lazy\" width=\"1500\" height=\"844\" src=\"https:\/\/www.youtube.com\/embed\/W3-I2VSHxxg?feature=oembed\" frameborder=\"0\" allow=\"accelerometer; autoplay; encrypted-media; gyroscope; picture-in-picture\" allowfullscreen><\/iframe><\/div>\n<\/div><\/figure>\n<\/div>\n\n\n\n<div class=\"wp-block-column is-layout-flow wp-block-column-is-layout-flow\">\n<figure class=\"wp-block-image size-large\"><img loading=\"lazy\" decoding=\"async\" width=\"731\" height=\"469\" src=\"https:\/\/eli-s.com\/wp-content\/uploads\/2019\/09\/Lilo.jpg\" alt=\"\" class=\"wp-image-3586\" srcset=\"https:\/\/eli-s.com\/wp-content\/uploads\/2019\/09\/Lilo.jpg 731w, https:\/\/eli-s.com\/wp-content\/uploads\/2019\/09\/Lilo-600x385.jpg 600w, https:\/\/eli-s.com\/wp-content\/uploads\/2019\/09\/Lilo-300x192.jpg 300w, https:\/\/eli-s.com\/wp-content\/uploads\/2019\/09\/Lilo-705x452.jpg 705w\" sizes=\"auto, (max-width: 731px) 100vw, 731px\" \/><\/figure>\n\n\n\n<div class=\"wp-block-button aligncenter is-style-squared\"><a class=\"wp-block-button__link has-text-color has-background\" href=\"https:\/\/www.lilo.org\/fr\/eli-scientific\/\" style=\"background-color:#42aaaa;color:#ffffff\">J&rsquo;UTILISE LILO POUR SOUTENIR ELI-S<\/a><\/div>\n<\/div>\n<\/div>\n\n\n\n<div class=\"wp-block-columns is-layout-flex wp-container-core-columns-is-layout-9d6595d7 wp-block-columns-is-layout-flex\">\n<div class=\"wp-block-column is-layout-flow wp-block-column-is-layout-flow\">\n<h3 class=\"has-text-align-center wp-block-heading\" style=\"color:#42aaaa\">VOUS ETES CLIENT CHEZ MAKRO ?<\/h3>\n\n\n\n<p class=\"has-text-color has-medium-font-size has-very-dark-gray-color\"> <strong>Pour le ressortissants Belges<\/strong><\/p>\n\n\n\n<p>A chaque fois que vous faites des courses chez Makro, votre association pr\u00e9f\u00e9r\u00e9e re\u00e7oit 3 % du montant de vos achats sous forme de bon \u00e0 valoir chez Makro !<\/p>\n\n\n\n<p>La seule chose que vous devez faire, c\u2019est\u00a0<strong>lier votre carte client \u00e0 l&rsquo;association ELI-S<\/strong>. C\u2019est tout. Vous deviendrez ainsi notre h\u00e9ro en un clin d\u2019oeil. Libre \u00e0 vous ensuite d\u2019enfiler ou non votre magnifique costume de superh\u00e9ros \ud83d\ude42<\/p>\n<\/div>\n\n\n\n<div class=\"wp-block-column is-layout-flow wp-block-column-is-layout-flow\">\n<figure class=\"wp-block-image size-large\"><img loading=\"lazy\" decoding=\"async\" width=\"615\" height=\"513\" src=\"https:\/\/eli-s.com\/wp-content\/uploads\/2019\/11\/makro.png\" alt=\"\" class=\"wp-image-5071\" srcset=\"https:\/\/eli-s.com\/wp-content\/uploads\/2019\/11\/makro.png 615w, https:\/\/eli-s.com\/wp-content\/uploads\/2019\/11\/makro-600x500.png 600w, https:\/\/eli-s.com\/wp-content\/uploads\/2019\/11\/makro-300x250.png 300w\" sizes=\"auto, (max-width: 615px) 100vw, 615px\" \/><\/figure>\n\n\n\n<div class=\"wp-block-button aligncenter is-style-squared\"><a class=\"wp-block-button__link has-text-color has-background\" href=\"https:\/\/www.coursescoupdepouce.be\/sympathisants\" style=\"background-color:#42aaaa;color:#ffffff\">J&rsquo;UTILISE LILO POUR SOUTENIR ELI-S<\/a><\/div>\n<\/div>\n<\/div>\n\n\n\n<div style=\"height:51px\" aria-hidden=\"true\" class=\"wp-block-spacer\"><\/div>\n\n\n\n<hr class=\"wp-block-separator is-style-wide\"\/>\n\n\n\n<div class=\"wp-block-columns is-layout-flex wp-container-core-columns-is-layout-9d6595d7 wp-block-columns-is-layout-flex\">\n<div class=\"wp-block-column is-layout-flow wp-block-column-is-layout-flow\">\n<div style=\"height:44px\" aria-hidden=\"true\" class=\"wp-block-spacer\"><\/div>\n\n\n\n<h3 class=\"wp-block-heading\" style=\"color:#42aaaa\"><strong>PARLEZ DU PROJET \u00c0 VOTRE ENTOURAGE<\/strong><\/h3>\n<\/div>\n\n\n\n<div class=\"wp-block-column is-layout-flow wp-block-column-is-layout-flow\">\n<p class=\"has-text-color has-medium-font-size has-very-dark-gray-color\">Rien de mieux que de partager votre exp\u00e9rience avec vos amis, votre famille, vos connaissances et demandez leur de suivre le projet sur facebook, instagram ou m\u00eame de donner des gouttes sur le moteur de recherche Lilo (Lien vers Utilisez Lilo).\u00a0<\/p>\n<\/div>\n<\/div>\n\n\n\n<hr class=\"wp-block-separator is-style-wide\"\/>\n\n\n\n<div class=\"wp-block-columns is-layout-flex wp-container-core-columns-is-layout-9d6595d7 wp-block-columns-is-layout-flex\">\n<div class=\"wp-block-column is-layout-flow wp-block-column-is-layout-flow\">\n<div style=\"height:44px\" aria-hidden=\"true\" class=\"wp-block-spacer\"><\/div>\n\n\n\n<h3 class=\"wp-block-heading\" style=\"color:#42aaaa\">UTILISER DES OBJETS DURABLES<\/h3>\n<\/div>\n\n\n\n<div class=\"wp-block-column is-layout-flow wp-block-column-is-layout-flow\">\n<p class=\"has-text-color has-medium-font-size has-very-dark-gray-color\"> Utilisez du mat\u00e9riel r\u00e9utilisable et \u00e9co-responsable. N\u2019h\u00e9sitez pas \u00e0 faire un tour sur notre boutique en ligne pour acqu\u00e9rir l\u2019objet de vos d\u00e9sirs \u00e9co-responsable.&nbsp;&nbsp;<\/p>\n\n\n\n<div class=\"wp-block-button aligncenter is-style-squared\"><a class=\"wp-block-button__link has-text-color has-background\" style=\"background-color:#42aaaa;color:#ffffff\">BOUTIQUE EN LIGNE<\/a><\/div>\n<\/div>\n<\/div>\n","protected":false},"excerpt":{"rendered":"<p>AU QUOTIDIEN UTULISER LILO COMME MOTEUR DE RECHERCHE Lilo est un moteur de recherche solidaire qui permet gr\u00e2ce \u00e0 vos recherches en ligne de g\u00e9n\u00e9rer des gouttes d\u2019eau virtuelles. Ces gouttes peuvent \u00eatre distribu\u00e9es \u00e0 des projets socio-environnementaux. Seuls ceux qui sont en possession du lien de notre projet peuvent faire un don \u00e0 notre [&hellip;]<\/p>\n","protected":false},"author":1,"featured_media":3582,"parent":0,"menu_order":0,"comment_status":"closed","ping_status":"closed","template":"","meta":{"footnotes":""},"class_list":["post-3160","page","type-page","status-publish","has-post-thumbnail","hentry"],"jetpack_sharing_enabled":true,"_links":{"self":[{"href":"https:\/\/eli-s.com\/fr\/wp-json\/wp\/v2\/pages\/3160","targetHints":{"allow":["GET"]}}],"collection":[{"href":"https:\/\/eli-s.com\/fr\/wp-json\/wp\/v2\/pages"}],"about":[{"href":"https:\/\/eli-s.com\/fr\/wp-json\/wp\/v2\/types\/page"}],"author":[{"embeddable":true,"href":"https:\/\/eli-s.com\/fr\/wp-json\/wp\/v2\/users\/1"}],"replies":[{"embeddable":true,"href":"https:\/\/eli-s.com\/fr\/wp-json\/wp\/v2\/comments?post=3160"}],"version-history":[{"count":57,"href":"https:\/\/eli-s.com\/fr\/wp-json\/wp\/v2\/pages\/3160\/revisions"}],"predecessor-version":[{"id":5413,"href":"https:\/\/eli-s.com\/fr\/wp-json\/wp\/v2\/pages\/3160\/revisions\/5413"}],"wp:featuredmedia":[{"embeddable":true,"href":"https:\/\/eli-s.com\/fr\/wp-json\/wp\/v2\/media\/3582"}],"wp:attachment":[{"href":"https:\/\/eli-s.com\/fr\/wp-json\/wp\/v2\/media?parent=3160"}],"curies":[{"name":"wp","href":"https:\/\/api.w.org\/{rel}","templated":true}]}}