{"id":3156,"date":"2019-09-13T23:06:35","date_gmt":"2019-09-13T22:06:35","guid":{"rendered":"https:\/\/eli-s.com\/?page_id=3156"},"modified":"2021-05-19T10:36:41","modified_gmt":"2021-05-19T09:36:41","slug":"support","status":"publish","type":"page","link":"https:\/\/eli-s.com\/fr\/support\/","title":{"rendered":"NOUS SOUTENIR"},"content":{"rendered":"\n<p class=\"has-text-color has-text-align-center has-very-dark-gray-color\">L&rsquo;association ELI-S est une organisation \u00e0 but non lucratif et d\u00e9pend des partenaires, des dons et des bourses accord\u00e9es par des fondations internationales. Tous les fonds sont utilis\u00e9s pour la recherche scientifique, \u00e9tablir le projet \u00e9ducatif et couvrir les co\u00fbts administratifs du projet. Notre objectif est d&rsquo;\u00eatre une organisation autonome \u00e0 long terme offrant des missions humanitaires et scientifiques au Nicaragua.<\/p>\n\n\n\n<p class=\"has-text-color has-text-align-center has-very-dark-gray-color\">Si vous voulez faire une diff\u00e9rence dans la conservation des c\u00e9tac\u00e9s, c&rsquo;est possible!<\/p>\n\n\n\n<p class=\"has-text-color has-text-align-center has-very-dark-gray-color\">Num\u00e9ro de compte de l&rsquo;association ELI-S<\/p>\n\n\n\n<p class=\"has-text-color has-text-align-center has-very-dark-gray-color\">Credit Agricole<\/p>\n\n\n\n<p class=\"has-text-color has-text-align-center has-very-dark-gray-color\"><strong>IBAN<\/strong>&nbsp;FR76 1330 6002 5123 0872 4293 529<br><strong>BIC&nbsp;<\/strong>AGRIFRPP833<\/p>\n\n\n\n<div class=\"wp-block-button aligncenter is-style-squared\"><a class=\"wp-block-button__link has-text-color has-background\" style=\"background-color:#42aaaa;color:#ffffff\">FAIRE LA DIFFERENCE<\/a><\/div>\n\n\n\n<blockquote class=\"wp-block-quote is-layout-flow wp-block-quote-is-layout-flow\"><p>Les fa\u00e7ons de soutenir nos actions sont multiples et chacun peut contribuer \u00e0 cette cause selon ses possibilit\u00e9s<\/p><\/blockquote>\n\n\n\n<p class=\"has-text-color has-text-align-center has-very-dark-gray-color\"><br><\/p>\n\n\n\n<div class=\"wp-block-media-text alignwide is-stacked-on-mobile is-image-fill\"><figure class=\"wp-block-media-text__media\" style=\"background-image:url(https:\/\/eli-s.com\/wp-content\/uploads\/2019\/09\/IMG-20190826-WA0007-1030x666.jpg);background-position:50% 75%\"><img loading=\"lazy\" decoding=\"async\" width=\"1030\" height=\"666\" src=\"https:\/\/eli-s.com\/wp-content\/uploads\/2019\/09\/IMG-20190826-WA0007-1030x666.jpg\" alt=\"\" class=\"wp-image-3518\" srcset=\"https:\/\/eli-s.com\/wp-content\/uploads\/2019\/09\/IMG-20190826-WA0007-1030x666.jpg 1030w, https:\/\/eli-s.com\/wp-content\/uploads\/2019\/09\/IMG-20190826-WA0007-600x388.jpg 600w, https:\/\/eli-s.com\/wp-content\/uploads\/2019\/09\/IMG-20190826-WA0007-300x194.jpg 300w, https:\/\/eli-s.com\/wp-content\/uploads\/2019\/09\/IMG-20190826-WA0007-768x497.jpg 768w, https:\/\/eli-s.com\/wp-content\/uploads\/2019\/09\/IMG-20190826-WA0007-1500x970.jpg 1500w, https:\/\/eli-s.com\/wp-content\/uploads\/2019\/09\/IMG-20190826-WA0007-705x456.jpg 705w, https:\/\/eli-s.com\/wp-content\/uploads\/2019\/09\/IMG-20190826-WA0007.jpg 1920w\" sizes=\"auto, (max-width: 1030px) 100vw, 1030px\" \/><\/figure><div class=\"wp-block-media-text__content\">\n<div class=\"wp-block-button aligncenter is-style-squared\"><a class=\"wp-block-button__link has-text-color has-background\" href=\"https:\/\/www.helloasso.com\/associations\/association-eli-s\/adhesions\/adhesion-association-eli-s%C2%A0\" style=\"background-color:#42aaaa;color:#ffffff\">DEVENIR MEMBRE<\/a><\/div>\n<\/div><\/div>\n\n\n\n<div class=\"wp-block-media-text alignwide is-stacked-on-mobile is-image-fill\"><figure class=\"wp-block-media-text__media\" style=\"background-image:url(https:\/\/eli-s.com\/wp-content\/uploads\/2019\/09\/CCN_7396-1030x687.jpg);background-position:50% 50%\"><img loading=\"lazy\" decoding=\"async\" width=\"1030\" height=\"687\" src=\"https:\/\/eli-s.com\/wp-content\/uploads\/2019\/09\/CCN_7396-1030x687.jpg\" alt=\"\" class=\"wp-image-3584\" srcset=\"https:\/\/eli-s.com\/wp-content\/uploads\/2019\/09\/CCN_7396-1030x687.jpg 1030w, https:\/\/eli-s.com\/wp-content\/uploads\/2019\/09\/CCN_7396-600x400.jpg 600w, https:\/\/eli-s.com\/wp-content\/uploads\/2019\/09\/CCN_7396-300x200.jpg 300w, https:\/\/eli-s.com\/wp-content\/uploads\/2019\/09\/CCN_7396-768x512.jpg 768w, https:\/\/eli-s.com\/wp-content\/uploads\/2019\/09\/CCN_7396-1500x1000.jpg 1500w, https:\/\/eli-s.com\/wp-content\/uploads\/2019\/09\/CCN_7396-705x470.jpg 705w\" sizes=\"auto, (max-width: 1030px) 100vw, 1030px\" \/><\/figure><div class=\"wp-block-media-text__content\">\n<div class=\"wp-block-button aligncenter is-style-squared\"><a class=\"wp-block-button__link has-text-color has-background\" href=\"https:\/\/eli-s.com\/faire-un-don\/\" style=\"background-color:#42aaaa;color:#ffffff\">FAIRE UN DON<\/a><\/div>\n\n\n\n<p><\/p>\n<\/div><\/div>\n\n\n\n<div class=\"wp-block-media-text alignwide is-stacked-on-mobile is-image-fill\"><figure class=\"wp-block-media-text__media\" style=\"background-image:url(https:\/\/eli-s.com\/wp-content\/uploads\/2019\/11\/44973245_2181499938776194_8049611960813092864_n.jpg);background-position:65.44117647058823% 59.411764705882355%\"><img loading=\"lazy\" decoding=\"async\" width=\"480\" height=\"600\" src=\"https:\/\/eli-s.com\/wp-content\/uploads\/2019\/11\/44973245_2181499938776194_8049611960813092864_n.jpg\" alt=\"\" class=\"wp-image-4792\" srcset=\"https:\/\/eli-s.com\/wp-content\/uploads\/2019\/11\/44973245_2181499938776194_8049611960813092864_n.jpg 480w, https:\/\/eli-s.com\/wp-content\/uploads\/2019\/11\/44973245_2181499938776194_8049611960813092864_n-240x300.jpg 240w, https:\/\/eli-s.com\/wp-content\/uploads\/2019\/11\/44973245_2181499938776194_8049611960813092864_n-450x563.jpg 450w\" sizes=\"auto, (max-width: 480px) 100vw, 480px\" \/><\/figure><div class=\"wp-block-media-text__content\">\n<div class=\"wp-block-button aligncenter is-style-squared\"><a class=\"wp-block-button__link has-text-color has-background\" href=\"https:\/\/www.helloasso.com\/associations\/association-eli-s\" style=\"background-color:#42aaaa;color:#ffffff\">NOTRE BOUTIQUE<\/a><\/div>\n<\/div><\/div>\n\n\n\n<div class=\"wp-block-media-text alignwide is-stacked-on-mobile is-image-fill\"><figure class=\"wp-block-media-text__media\" style=\"background-image:url(https:\/\/eli-s.com\/wp-content\/uploads\/2019\/10\/Fluke_noauthor-1030x616.jpg);background-position:52.5% 81%\"><img loading=\"lazy\" decoding=\"async\" width=\"1030\" height=\"616\" src=\"https:\/\/eli-s.com\/wp-content\/uploads\/2019\/10\/Fluke_noauthor-1030x616.jpg\" alt=\"\" class=\"wp-image-3950\" srcset=\"https:\/\/eli-s.com\/wp-content\/uploads\/2019\/10\/Fluke_noauthor-1030x616.jpg 1030w, https:\/\/eli-s.com\/wp-content\/uploads\/2019\/10\/Fluke_noauthor-600x359.jpg 600w, https:\/\/eli-s.com\/wp-content\/uploads\/2019\/10\/Fluke_noauthor-300x179.jpg 300w, https:\/\/eli-s.com\/wp-content\/uploads\/2019\/10\/Fluke_noauthor-768x459.jpg 768w, https:\/\/eli-s.com\/wp-content\/uploads\/2019\/10\/Fluke_noauthor-1500x897.jpg 1500w, https:\/\/eli-s.com\/wp-content\/uploads\/2019\/10\/Fluke_noauthor-705x421.jpg 705w\" sizes=\"auto, (max-width: 1030px) 100vw, 1030px\" \/><\/figure><div class=\"wp-block-media-text__content\">\n<div class=\"wp-block-button aligncenter is-style-squared\"><a class=\"wp-block-button__link has-text-color has-background\" href=\"https:\/\/eli-s.com\/contact\/\" style=\"background-color:#42aaaa;color:#ffffff\">ADOPTER UNE BALEINE<\/a><\/div>\n<\/div><\/div>\n\n\n\n<div class=\"wp-block-media-text alignwide is-stacked-on-mobile is-image-fill\"><figure class=\"wp-block-media-text__media\" style=\"background-image:url(https:\/\/eli-s.com\/wp-content\/uploads\/2019\/10\/Association-ELI-S-600x400.jpg);background-position:49% 0%\"><img loading=\"lazy\" decoding=\"async\" width=\"600\" height=\"400\" src=\"https:\/\/eli-s.com\/wp-content\/uploads\/2019\/10\/Association-ELI-S-600x400.jpg\" alt=\"\" class=\"wp-image-4335\" srcset=\"https:\/\/eli-s.com\/wp-content\/uploads\/2019\/10\/Association-ELI-S-600x400.jpg 600w, https:\/\/eli-s.com\/wp-content\/uploads\/2019\/10\/Association-ELI-S-600x400-300x200.jpg 300w, https:\/\/eli-s.com\/wp-content\/uploads\/2019\/10\/Association-ELI-S-600x400-450x300.jpg 450w\" sizes=\"auto, (max-width: 600px) 100vw, 600px\" \/><\/figure><div class=\"wp-block-media-text__content\">\n<div class=\"wp-block-button aligncenter is-style-squared\"><a class=\"wp-block-button__link has-text-color has-background\" href=\"https:\/\/www.lilo.org\/fr\/eli-scientific\/\" style=\"background-color:#42aaaa;color:#ffffff\">UTILISER LILO COMME MOTEUR DE RECHERCHE<\/a><\/div>\n<\/div><\/div>\n","protected":false},"excerpt":{"rendered":"<p>L&rsquo;association ELI-S est une organisation \u00e0 but non lucratif et d\u00e9pend des partenaires, des dons et des bourses accord\u00e9es par des fondations internationales. Tous les fonds sont utilis\u00e9s pour la recherche scientifique, \u00e9tablir le projet \u00e9ducatif et couvrir les co\u00fbts administratifs du projet. Notre objectif est d&rsquo;\u00eatre une organisation autonome \u00e0 long terme offrant des [&hellip;]<\/p>\n","protected":false},"author":1,"featured_media":3547,"parent":0,"menu_order":0,"comment_status":"closed","ping_status":"closed","template":"","meta":{"footnotes":""},"class_list":["post-3156","page","type-page","status-publish","has-post-thumbnail","hentry"],"jetpack_sharing_enabled":true,"_links":{"self":[{"href":"https:\/\/eli-s.com\/fr\/wp-json\/wp\/v2\/pages\/3156","targetHints":{"allow":["GET"]}}],"collection":[{"href":"https:\/\/eli-s.com\/fr\/wp-json\/wp\/v2\/pages"}],"about":[{"href":"https:\/\/eli-s.com\/fr\/wp-json\/wp\/v2\/types\/page"}],"author":[{"embeddable":true,"href":"https:\/\/eli-s.com\/fr\/wp-json\/wp\/v2\/users\/1"}],"replies":[{"embeddable":true,"href":"https:\/\/eli-s.com\/fr\/wp-json\/wp\/v2\/comments?post=3156"}],"version-history":[{"count":97,"href":"https:\/\/eli-s.com\/fr\/wp-json\/wp\/v2\/pages\/3156\/revisions"}],"predecessor-version":[{"id":5391,"href":"https:\/\/eli-s.com\/fr\/wp-json\/wp\/v2\/pages\/3156\/revisions\/5391"}],"wp:featuredmedia":[{"embeddable":true,"href":"https:\/\/eli-s.com\/fr\/wp-json\/wp\/v2\/media\/3547"}],"wp:attachment":[{"href":"https:\/\/eli-s.com\/fr\/wp-json\/wp\/v2\/media?parent=3156"}],"curies":[{"name":"wp","href":"https:\/\/api.w.org\/{rel}","templated":true}]}}