{"id":3123,"date":"2019-09-13T22:59:56","date_gmt":"2019-09-13T21:59:56","guid":{"rendered":"https:\/\/eli-s.com\/?page_id=3123"},"modified":"2025-07-26T20:46:36","modified_gmt":"2025-07-26T19:46:36","slug":"training","status":"publish","type":"page","link":"https:\/\/eli-s.com\/fr\/training\/","title":{"rendered":"FORMATION SUR LE TERRAIN"},"content":{"rendered":"\n<h2 class=\"wp-block-heading has-text-align-center has-text-color\" style=\"color:#42aaaa\">FORMATION SUR LE TERRAIN<\/h2>\n\n\n\n<div style=\"height:20px\" aria-hidden=\"true\" class=\"wp-block-spacer\"><\/div>\n\n\n\n<p class=\"has-text-align-center has-very-dark-gray-color has-text-color\">Vous avez une formation scientifique et vous souhaitez approfondir vos connaissances sur les c\u00e9tac\u00e9s ?<\/p>\n\n\n\n<p class=\"has-text-align-center has-very-dark-gray-color has-text-color\">Alors la formation que propose l\u2019association ELI-S est faite pour vous !<\/p>\n\n\n\n<div style=\"height:20px\" aria-hidden=\"true\" class=\"wp-block-spacer\"><\/div>\n\n\n\n<div class=\"wp-block-media-text alignwide is-stacked-on-mobile\"><figure class=\"wp-block-media-text__media\"><img loading=\"lazy\" decoding=\"async\" width=\"1030\" height=\"687\" src=\"https:\/\/eli-s.com\/wp-content\/uploads\/2019\/10\/CCN_SJDS_02032018_JDW_032bis_4758-1030x687.jpg\" alt=\"\" class=\"wp-image-3933 size-full\" srcset=\"https:\/\/eli-s.com\/wp-content\/uploads\/2019\/10\/CCN_SJDS_02032018_JDW_032bis_4758-1030x687.jpg 1030w, https:\/\/eli-s.com\/wp-content\/uploads\/2019\/10\/CCN_SJDS_02032018_JDW_032bis_4758-600x400.jpg 600w, https:\/\/eli-s.com\/wp-content\/uploads\/2019\/10\/CCN_SJDS_02032018_JDW_032bis_4758-300x200.jpg 300w, https:\/\/eli-s.com\/wp-content\/uploads\/2019\/10\/CCN_SJDS_02032018_JDW_032bis_4758-768x512.jpg 768w, https:\/\/eli-s.com\/wp-content\/uploads\/2019\/10\/CCN_SJDS_02032018_JDW_032bis_4758-1500x1000.jpg 1500w, https:\/\/eli-s.com\/wp-content\/uploads\/2019\/10\/CCN_SJDS_02032018_JDW_032bis_4758-705x470.jpg 705w\" sizes=\"auto, (max-width: 1030px) 100vw, 1030px\" \/><\/figure><div class=\"wp-block-media-text__content\">\n<p class=\"has-text-align-center has-very-dark-gray-color has-text-color has-normal-font-size\">L\u2019Association ELI-S \u00e9tant une organisation \u00e0 but non lucratif, une participation financi\u00e8re est demand\u00e9e pour la formation en Am\u00e9rique Centrale afin de pouvoir couvrir les frais li\u00e9s aux missions de terrain (bateau, carburant), de r\u00e9mun\u00e9rer le staff encadrant et les locaux impliqu\u00e9s dans notre projet. Ainsi, depuis 2016 nous avons pu aider financi\u00e8rement une dizaine de famille Nicaraguayenne. <\/p>\n\n\n\n<p class=\"has-large-font-size\"><\/p>\n<\/div><\/div>\n\n\n\n<div style=\"height:20px\" aria-hidden=\"true\" class=\"wp-block-spacer\"><\/div>\n\n\n\n<h2 class=\"wp-block-heading has-text-align-center has-text-color\" style=\"color:#42aaaa\"><strong>Formation Scientifique : En bref<\/strong><\/h2>\n\n\n\n<p class=\"has-text-align-left has-very-dark-gray-color has-text-color\"><i class=\"far fa-check-square\"><\/i> Dipl\u00f4me Scientifique requis<\/p>\n\n\n\n<p class=\"has-very-dark-gray-color has-text-color\"><i class=\"far fa-check-square\"><\/i> Recrutement sur CV et entretien<\/p>\n\n\n\n<p class=\"has-very-dark-gray-color has-text-color\"><i class=\"far fa-check-square\"><\/i> Minimum 1 mois<\/p>\n\n\n\n<h5 class=\"wp-block-heading has-text-color\" style=\"color:#42aaaa\">PRIX COMPREND*<\/h5>\n\n\n\n<p class=\"has-very-dark-gray-color has-text-color\"><i class=\"far fa-check-square\"><\/i> Encadrement par une \u00e9quipe professionnelle<\/p>\n\n\n\n<p class=\"has-very-dark-gray-color has-text-color\"><i class=\"far fa-check-square\"><\/i> Inclus formation intensive d\u2019une semaine sur l\u2019\u00e9tude des mammif\u00e8res marins <\/p>\n\n\n\n<p class=\"has-very-dark-gray-color has-text-color\"><i class=\"far fa-check-square\"><\/i> Logement, nourriture (3 repas par jours)<\/p>\n\n\n\n<p class=\"has-very-dark-gray-color has-text-color\"><i class=\"far fa-check-square\"><\/i> Transport de l&rsquo;a\u00e9roport vers le site d&rsquo;\u00e9tude<\/p>\n\n\n\n<p class=\"has-very-dark-gray-color has-text-color\"><i class=\"far fa-check-square\"><\/i> Sorties en mer<\/p>\n\n\n\n<p class=\"has-very-dark-gray-color has-text-color\"><i class=\"far fa-check-square\"><\/i> R\u00f4le: R\u00e9colter et entrer les donn\u00e9es scientifiques sur les c\u00e9tac\u00e9s au Nicaragua<\/p>\n\n\n\n<p class=\"has-very-dark-gray-color has-text-color\"><i class=\"far fa-check-square\"><\/i> Max. 5 jours par semaine \/ 5-6 h par jour<\/p>\n\n\n\n<h5 class=\"wp-block-heading has-text-color\" style=\"color:#42aaaa\">PRIX NE COMPRENDS PAS*<\/h5>\n\n\n\n<p class=\"has-very-dark-gray-color has-text-color\"><i class=\"far fa-check-square\">\n<\/i> Vol international <\/p>\n\n\n\n<p class=\"has-very-dark-gray-color has-text-color\"><i class=\"far fa-check-square\"><\/i> D\u00e9penses personnelles (snacks, sorties, etc) <\/p>\n\n\n\n<p><br><\/p>\n\n\n\n<div class=\"wp-block-button aligncenter\"><a class=\"wp-block-button__link has-background wp-element-button\" href=\"training@eli-s.com\" style=\"background-color:#42aaaa\">PLUS D&rsquo;INFORMATIONS ?<br>Envoyez-nous un email<\/a><\/div>\n\n\n\n<p><\/p>\n\n\n\n<figure class=\"wp-block-gallery has-nested-images columns-3 is-cropped wp-block-gallery-1 is-layout-flex wp-block-gallery-is-layout-flex\">\n<figure class=\"wp-block-image\"><img loading=\"lazy\" decoding=\"async\" width=\"1030\" height=\"1030\" data-id=\"3867\" src=\"https:\/\/eli-s.com\/wp-content\/uploads\/2019\/09\/5-1030x1030.jpg\" alt=\"\" class=\"wp-image-3867\" srcset=\"https:\/\/eli-s.com\/wp-content\/uploads\/2019\/09\/5-1030x1030.jpg 1030w, https:\/\/eli-s.com\/wp-content\/uploads\/2019\/09\/5-300x300.jpg 300w, https:\/\/eli-s.com\/wp-content\/uploads\/2019\/09\/5-100x100.jpg 100w, https:\/\/eli-s.com\/wp-content\/uploads\/2019\/09\/5-600x600.jpg 600w, https:\/\/eli-s.com\/wp-content\/uploads\/2019\/09\/5-80x80.jpg 80w, https:\/\/eli-s.com\/wp-content\/uploads\/2019\/09\/5-768x768.jpg 768w, https:\/\/eli-s.com\/wp-content\/uploads\/2019\/09\/5-36x36.jpg 36w, https:\/\/eli-s.com\/wp-content\/uploads\/2019\/09\/5-180x180.jpg 180w, https:\/\/eli-s.com\/wp-content\/uploads\/2019\/09\/5-705x705.jpg 705w, https:\/\/eli-s.com\/wp-content\/uploads\/2019\/09\/5.jpg 1080w\" sizes=\"auto, (max-width: 1030px) 100vw, 1030px\" \/><\/figure>\n\n\n\n<figure class=\"wp-block-image\"><img loading=\"lazy\" decoding=\"async\" width=\"1030\" height=\"1030\" data-id=\"3865\" src=\"https:\/\/eli-s.com\/wp-content\/uploads\/2019\/09\/3-1030x1030.jpg\" alt=\"\" class=\"wp-image-3865\" srcset=\"https:\/\/eli-s.com\/wp-content\/uploads\/2019\/09\/3-1030x1030.jpg 1030w, https:\/\/eli-s.com\/wp-content\/uploads\/2019\/09\/3-300x300.jpg 300w, https:\/\/eli-s.com\/wp-content\/uploads\/2019\/09\/3-100x100.jpg 100w, https:\/\/eli-s.com\/wp-content\/uploads\/2019\/09\/3-600x600.jpg 600w, https:\/\/eli-s.com\/wp-content\/uploads\/2019\/09\/3-80x80.jpg 80w, https:\/\/eli-s.com\/wp-content\/uploads\/2019\/09\/3-768x768.jpg 768w, https:\/\/eli-s.com\/wp-content\/uploads\/2019\/09\/3-36x36.jpg 36w, https:\/\/eli-s.com\/wp-content\/uploads\/2019\/09\/3-180x180.jpg 180w, https:\/\/eli-s.com\/wp-content\/uploads\/2019\/09\/3-705x705.jpg 705w, https:\/\/eli-s.com\/wp-content\/uploads\/2019\/09\/3.jpg 1080w\" sizes=\"auto, (max-width: 1030px) 100vw, 1030px\" \/><\/figure>\n\n\n\n<figure class=\"wp-block-image\"><img loading=\"lazy\" decoding=\"async\" width=\"1030\" height=\"1030\" data-id=\"3866\" src=\"https:\/\/eli-s.com\/wp-content\/uploads\/2019\/09\/4-1030x1030.jpg\" alt=\"\" class=\"wp-image-3866\" srcset=\"https:\/\/eli-s.com\/wp-content\/uploads\/2019\/09\/4-1030x1030.jpg 1030w, https:\/\/eli-s.com\/wp-content\/uploads\/2019\/09\/4-300x300.jpg 300w, https:\/\/eli-s.com\/wp-content\/uploads\/2019\/09\/4-100x100.jpg 100w, https:\/\/eli-s.com\/wp-content\/uploads\/2019\/09\/4-600x600.jpg 600w, https:\/\/eli-s.com\/wp-content\/uploads\/2019\/09\/4-80x80.jpg 80w, https:\/\/eli-s.com\/wp-content\/uploads\/2019\/09\/4-768x768.jpg 768w, https:\/\/eli-s.com\/wp-content\/uploads\/2019\/09\/4-36x36.jpg 36w, https:\/\/eli-s.com\/wp-content\/uploads\/2019\/09\/4-180x180.jpg 180w, https:\/\/eli-s.com\/wp-content\/uploads\/2019\/09\/4-705x705.jpg 705w, https:\/\/eli-s.com\/wp-content\/uploads\/2019\/09\/4.jpg 1080w\" sizes=\"auto, (max-width: 1030px) 100vw, 1030px\" \/><\/figure>\n\n\n\n<figure class=\"wp-block-image\"><img loading=\"lazy\" decoding=\"async\" width=\"1030\" height=\"1030\" data-id=\"3863\" src=\"https:\/\/eli-s.com\/wp-content\/uploads\/2019\/09\/1-1030x1030.jpg\" alt=\"\" class=\"wp-image-3863\" srcset=\"https:\/\/eli-s.com\/wp-content\/uploads\/2019\/09\/1-1030x1030.jpg 1030w, https:\/\/eli-s.com\/wp-content\/uploads\/2019\/09\/1-300x300.jpg 300w, https:\/\/eli-s.com\/wp-content\/uploads\/2019\/09\/1-100x100.jpg 100w, https:\/\/eli-s.com\/wp-content\/uploads\/2019\/09\/1-600x600.jpg 600w, https:\/\/eli-s.com\/wp-content\/uploads\/2019\/09\/1-80x80.jpg 80w, https:\/\/eli-s.com\/wp-content\/uploads\/2019\/09\/1-768x768.jpg 768w, https:\/\/eli-s.com\/wp-content\/uploads\/2019\/09\/1-36x36.jpg 36w, https:\/\/eli-s.com\/wp-content\/uploads\/2019\/09\/1-180x180.jpg 180w, https:\/\/eli-s.com\/wp-content\/uploads\/2019\/09\/1-705x705.jpg 705w, https:\/\/eli-s.com\/wp-content\/uploads\/2019\/09\/1.jpg 1080w\" sizes=\"auto, (max-width: 1030px) 100vw, 1030px\" \/><\/figure>\n\n\n\n<figure class=\"wp-block-image\"><img loading=\"lazy\" decoding=\"async\" width=\"940\" height=\"715\" data-id=\"3862\" src=\"https:\/\/eli-s.com\/wp-content\/uploads\/2019\/09\/Victoria_avec-titre.jpg\" alt=\"\" class=\"wp-image-3862\" srcset=\"https:\/\/eli-s.com\/wp-content\/uploads\/2019\/09\/Victoria_avec-titre.jpg 940w, https:\/\/eli-s.com\/wp-content\/uploads\/2019\/09\/Victoria_avec-titre-600x456.jpg 600w, https:\/\/eli-s.com\/wp-content\/uploads\/2019\/09\/Victoria_avec-titre-300x228.jpg 300w, https:\/\/eli-s.com\/wp-content\/uploads\/2019\/09\/Victoria_avec-titre-768x584.jpg 768w, https:\/\/eli-s.com\/wp-content\/uploads\/2019\/09\/Victoria_avec-titre-705x536.jpg 705w\" sizes=\"auto, (max-width: 940px) 100vw, 940px\" \/><\/figure>\n\n\n\n<figure class=\"wp-block-image\"><img loading=\"lazy\" decoding=\"async\" width=\"940\" height=\"622\" data-id=\"3870\" src=\"https:\/\/eli-s.com\/wp-content\/uploads\/2019\/09\/Amandine-Lambot.jpg\" alt=\"\" class=\"wp-image-3870\" srcset=\"https:\/\/eli-s.com\/wp-content\/uploads\/2019\/09\/Amandine-Lambot.jpg 940w, https:\/\/eli-s.com\/wp-content\/uploads\/2019\/09\/Amandine-Lambot-600x397.jpg 600w, https:\/\/eli-s.com\/wp-content\/uploads\/2019\/09\/Amandine-Lambot-300x199.jpg 300w, https:\/\/eli-s.com\/wp-content\/uploads\/2019\/09\/Amandine-Lambot-768x508.jpg 768w, https:\/\/eli-s.com\/wp-content\/uploads\/2019\/09\/Amandine-Lambot-705x467.jpg 705w\" sizes=\"auto, (max-width: 940px) 100vw, 940px\" \/><\/figure>\n\n\n\n<figure class=\"wp-block-image\"><img loading=\"lazy\" decoding=\"async\" width=\"940\" height=\"721\" data-id=\"3869\" src=\"https:\/\/eli-s.com\/wp-content\/uploads\/2019\/09\/Alda.jpg\" alt=\"\" class=\"wp-image-3869\" srcset=\"https:\/\/eli-s.com\/wp-content\/uploads\/2019\/09\/Alda.jpg 940w, https:\/\/eli-s.com\/wp-content\/uploads\/2019\/09\/Alda-600x460.jpg 600w, https:\/\/eli-s.com\/wp-content\/uploads\/2019\/09\/Alda-300x230.jpg 300w, https:\/\/eli-s.com\/wp-content\/uploads\/2019\/09\/Alda-768x589.jpg 768w, https:\/\/eli-s.com\/wp-content\/uploads\/2019\/09\/Alda-705x541.jpg 705w\" sizes=\"auto, (max-width: 940px) 100vw, 940px\" \/><\/figure>\n\n\n\n<figure class=\"wp-block-image\"><img loading=\"lazy\" decoding=\"async\" width=\"940\" height=\"611\" data-id=\"3861\" src=\"https:\/\/eli-s.com\/wp-content\/uploads\/2019\/09\/Fanny-Belli\u00e8re.jpg\" alt=\"\" class=\"wp-image-3861\" srcset=\"https:\/\/eli-s.com\/wp-content\/uploads\/2019\/09\/Fanny-Belli\u00e8re.jpg 940w, https:\/\/eli-s.com\/wp-content\/uploads\/2019\/09\/Fanny-Belli\u00e8re-600x390.jpg 600w, https:\/\/eli-s.com\/wp-content\/uploads\/2019\/09\/Fanny-Belli\u00e8re-300x195.jpg 300w, https:\/\/eli-s.com\/wp-content\/uploads\/2019\/09\/Fanny-Belli\u00e8re-768x499.jpg 768w, https:\/\/eli-s.com\/wp-content\/uploads\/2019\/09\/Fanny-Belli\u00e8re-705x458.jpg 705w\" sizes=\"auto, (max-width: 940px) 100vw, 940px\" \/><\/figure>\n\n\n\n<figure class=\"wp-block-image\"><img loading=\"lazy\" decoding=\"async\" width=\"939\" height=\"620\" data-id=\"3859\" src=\"https:\/\/eli-s.com\/wp-content\/uploads\/2019\/09\/CHelsea-Whiting_2.jpg\" alt=\"\" class=\"wp-image-3859\" srcset=\"https:\/\/eli-s.com\/wp-content\/uploads\/2019\/09\/CHelsea-Whiting_2.jpg 939w, https:\/\/eli-s.com\/wp-content\/uploads\/2019\/09\/CHelsea-Whiting_2-600x396.jpg 600w, https:\/\/eli-s.com\/wp-content\/uploads\/2019\/09\/CHelsea-Whiting_2-300x198.jpg 300w, https:\/\/eli-s.com\/wp-content\/uploads\/2019\/09\/CHelsea-Whiting_2-768x507.jpg 768w, https:\/\/eli-s.com\/wp-content\/uploads\/2019\/09\/CHelsea-Whiting_2-705x465.jpg 705w\" sizes=\"auto, (max-width: 939px) 100vw, 939px\" \/><\/figure>\n<\/figure>\n\n\n\n<div style=\"height:46px\" aria-hidden=\"true\" class=\"wp-block-spacer\"><\/div>\n","protected":false},"excerpt":{"rendered":"<p>FORMATION SUR LE TERRAIN Vous avez une formation scientifique et vous souhaitez approfondir vos connaissances sur les c\u00e9tac\u00e9s ? Alors la formation que propose l\u2019association ELI-S est faite pour vous ! L\u2019Association ELI-S \u00e9tant une organisation \u00e0 but non lucratif, une participation financi\u00e8re est demand\u00e9e pour la formation en Am\u00e9rique Centrale afin de pouvoir couvrir [&hellip;]<\/p>\n","protected":false},"author":1,"featured_media":0,"parent":0,"menu_order":0,"comment_status":"closed","ping_status":"closed","template":"","meta":{"footnotes":""},"class_list":["post-3123","page","type-page","status-publish","hentry"],"jetpack_sharing_enabled":true,"_links":{"self":[{"href":"https:\/\/eli-s.com\/fr\/wp-json\/wp\/v2\/pages\/3123","targetHints":{"allow":["GET"]}}],"collection":[{"href":"https:\/\/eli-s.com\/fr\/wp-json\/wp\/v2\/pages"}],"about":[{"href":"https:\/\/eli-s.com\/fr\/wp-json\/wp\/v2\/types\/page"}],"author":[{"embeddable":true,"href":"https:\/\/eli-s.com\/fr\/wp-json\/wp\/v2\/users\/1"}],"replies":[{"embeddable":true,"href":"https:\/\/eli-s.com\/fr\/wp-json\/wp\/v2\/comments?post=3123"}],"version-history":[{"count":102,"href":"https:\/\/eli-s.com\/fr\/wp-json\/wp\/v2\/pages\/3123\/revisions"}],"predecessor-version":[{"id":5791,"href":"https:\/\/eli-s.com\/fr\/wp-json\/wp\/v2\/pages\/3123\/revisions\/5791"}],"wp:attachment":[{"href":"https:\/\/eli-s.com\/fr\/wp-json\/wp\/v2\/media?parent=3123"}],"curies":[{"name":"wp","href":"https:\/\/api.w.org\/{rel}","templated":true}]}}