{"id":3119,"date":"2019-09-13T22:55:44","date_gmt":"2019-09-13T21:55:44","guid":{"rendered":"https:\/\/eli-s.com\/?page_id=3119"},"modified":"2021-05-19T10:26:14","modified_gmt":"2021-05-19T09:26:14","slug":"conservation","status":"publish","type":"page","link":"https:\/\/eli-s.com\/fr\/conservation\/","title":{"rendered":"CONSERVATION"},"content":{"rendered":"\n<div style=\"height:29px\" aria-hidden=\"true\" class=\"wp-block-spacer\"><\/div>\n\n\n\n<div class=\"wp-block-media-text alignwide has-media-on-the-right\"><figure class=\"wp-block-media-text__media\"><img loading=\"lazy\" decoding=\"async\" width=\"1030\" height=\"687\" src=\"https:\/\/eli-s.com\/wp-content\/uploads\/2019\/09\/Figure-2A_cropped_logo-1-1030x687.jpg\" alt=\"\" class=\"wp-image-3535\" srcset=\"https:\/\/eli-s.com\/wp-content\/uploads\/2019\/09\/Figure-2A_cropped_logo-1-1030x687.jpg 1030w, https:\/\/eli-s.com\/wp-content\/uploads\/2019\/09\/Figure-2A_cropped_logo-1-600x400.jpg 600w, https:\/\/eli-s.com\/wp-content\/uploads\/2019\/09\/Figure-2A_cropped_logo-1-300x200.jpg 300w, https:\/\/eli-s.com\/wp-content\/uploads\/2019\/09\/Figure-2A_cropped_logo-1-768x512.jpg 768w, https:\/\/eli-s.com\/wp-content\/uploads\/2019\/09\/Figure-2A_cropped_logo-1-1500x1000.jpg 1500w, https:\/\/eli-s.com\/wp-content\/uploads\/2019\/09\/Figure-2A_cropped_logo-1-705x470.jpg 705w\" sizes=\"auto, (max-width: 1030px) 100vw, 1030px\" \/><\/figure><div class=\"wp-block-media-text__content\">\n<h1 class=\"has-text-align-center wp-block-heading\" style=\"color:#42aaaa\">ACTIONS<\/h1>\n\n\n\n<p class=\"has-text-color has-normal-font-size has-very-dark-gray-color\"><i class=\"fas fa-check\"><\/i> Former les op\u00e9rateurs locaux aux pratiques durables d\u2019observation des baleines<\/p>\n\n\n\n<p class=\"has-text-color has-normal-font-size has-very-dark-gray-color\"><i class=\"fas fa-check\"><\/i> Faire un rapport annuel aux d\u00e9cideurs afin de d\u00e9velopper l\u2019observation durable des baleines<\/p>\n\n\n\n<p class=\"has-text-color has-normal-font-size has-very-dark-gray-color\"><i class=\"fas fa-check\"><\/i> Identifier les probl\u00e8mes li\u00e9s \u00e0 la pr\u00e9servation de la faune marine<\/p>\n\n\n\n<p class=\"has-text-color has-normal-font-size has-very-dark-gray-color\"><i class=\"fas fa-check\"><\/i> Cr\u00e9er des documents cl\u00e9s pour l\u2019observation des c\u00e9tac\u00e9s (guide d\u2019identification et charte d\u2019approche aux c\u00e9tac\u00e9s)<\/p>\n\n\n\n<p class=\"has-text-color has-normal-font-size has-very-dark-gray-color\"><i class=\"fas fa-check\"><\/i> Organiser des \u00e9v\u00e9nements de nettoyage de plage et des eaux c\u00f4ti\u00e8res<\/p>\n\n\n\n<p class=\"has-text-color has-normal-font-size has-very-dark-gray-color\"><i class=\"fas fa-check\"><\/i> R\u00e9cup\u00e9rer les d\u00e9chets marins lors des sorties en mer<\/p>\n\n\n\n<p class=\"has-text-color has-normal-font-size has-very-dark-gray-color\"><i class=\"fas fa-check\"><\/i> R\u00e9seau de r\u00e9ponse aux&nbsp;\u00e9chouages de c\u00e9tac\u00e9s<\/p>\n\n\n\n<p class=\"has-text-color has-normal-font-size has-very-dark-gray-color\"><i class=\"fas fa-check\"><\/i> Lib\u00e9rer la faune marine de pr\u00e9sence de filets de p\u00eache<\/p>\n<\/div><\/div>\n\n\n\n<div style=\"height:39px\" aria-hidden=\"true\" class=\"wp-block-spacer\"><\/div>\n\n\n\n<div class=\"wp-block-media-text alignwide\"><figure class=\"wp-block-media-text__media\"><img loading=\"lazy\" decoding=\"async\" width=\"1030\" height=\"689\" src=\"https:\/\/eli-s.com\/wp-content\/uploads\/2019\/09\/CCN_SJDS_01022016_JDW_004_1842-1030x689.jpg\" alt=\"\" class=\"wp-image-3810\" srcset=\"https:\/\/eli-s.com\/wp-content\/uploads\/2019\/09\/CCN_SJDS_01022016_JDW_004_1842-1030x689.jpg 1030w, https:\/\/eli-s.com\/wp-content\/uploads\/2019\/09\/CCN_SJDS_01022016_JDW_004_1842-600x401.jpg 600w, https:\/\/eli-s.com\/wp-content\/uploads\/2019\/09\/CCN_SJDS_01022016_JDW_004_1842-300x201.jpg 300w, https:\/\/eli-s.com\/wp-content\/uploads\/2019\/09\/CCN_SJDS_01022016_JDW_004_1842-768x513.jpg 768w, https:\/\/eli-s.com\/wp-content\/uploads\/2019\/09\/CCN_SJDS_01022016_JDW_004_1842-1500x1003.jpg 1500w, https:\/\/eli-s.com\/wp-content\/uploads\/2019\/09\/CCN_SJDS_01022016_JDW_004_1842-705x471.jpg 705w\" sizes=\"auto, (max-width: 1030px) 100vw, 1030px\" \/><\/figure><div class=\"wp-block-media-text__content\">\n<h2 class=\"wp-block-heading\" style=\"color:#42aaaa\">OBJECTIFS &#038; RESULTATS<\/h2>\n\n\n\n<p class=\"has-text-color has-normal-font-size has-very-dark-gray-color\"><i class=\"fas fa-check\"><\/i> Augmenter \/ am\u00e9liorer les efforts de conservation dans les aires marines prot\u00e9g\u00e9es<\/p>\n\n\n\n<p class=\"has-text-color has-normal-font-size has-very-dark-gray-color\"><i class=\"fas fa-check\"><\/i> Faire reconna\u00eetre les baleines et les dauphins aupr\u00e8s du gouvernement et le minist\u00e8re de l\u2019environnement comme \u00e9tant d\u2019importance \u00e0 la conservation<\/p>\n\n\n\n<p class=\"has-text-color has-normal-font-size has-very-dark-gray-color\"><i class=\"fas fa-check\"><\/i> G\u00e9n\u00e9rer un \u00e9cotourisme responsable li\u00e9 \u00e0 l\u2019observation des baleines et dauphins<\/p>\n<\/div><\/div>\n\n\n\n<div style=\"height:58px\" aria-hidden=\"true\" class=\"wp-block-spacer\"><\/div>\n\n\n\n<h1 class=\"has-text-align-center wp-block-heading\" style=\"color:#42aaaa\">VOUS VOULEZ EN SAVOIR PLUS ?<\/h1>\n\n\n\n<div style=\"height:29px\" aria-hidden=\"true\" class=\"wp-block-spacer\"><\/div>\n\n\n\n<div class=\"wp-block-columns is-layout-flex wp-container-core-columns-is-layout-9d6595d7 wp-block-columns-is-layout-flex\">\n<div class=\"wp-block-column is-layout-flow wp-block-column-is-layout-flow\">\n<div class=\"wp-block-button aligncenter is-style-squared\"><a class=\"wp-block-button__link has-text-color has-background\" href=\"https:\/\/eli-s.com\/science-2\/\" style=\"background-color:#42aaaa;color:#ffffff\"> NOS ACTIONS SCIENTIFIQUES <\/a><\/div>\n<\/div>\n\n\n\n<div class=\"wp-block-column is-layout-flow wp-block-column-is-layout-flow\">\n<div class=\"wp-block-button aligncenter is-style-squared\"><a class=\"wp-block-button__link has-text-color has-background\" href=\"https:\/\/eli-s.com\/education\/\" style=\"background-color:#42aaaa;color:#ffffff\"> NOS ACTIONS EDUCATIVES <\/a><\/div>\n<\/div>\n<\/div>\n","protected":false},"excerpt":{"rendered":"<p>ACTIONS Former les op\u00e9rateurs locaux aux pratiques durables d\u2019observation des baleines Faire un rapport annuel aux d\u00e9cideurs afin de d\u00e9velopper l\u2019observation durable des baleines Identifier les probl\u00e8mes li\u00e9s \u00e0 la pr\u00e9servation de la faune marine Cr\u00e9er des documents cl\u00e9s pour l\u2019observation des c\u00e9tac\u00e9s (guide d\u2019identification et charte d\u2019approche aux c\u00e9tac\u00e9s) Organiser des \u00e9v\u00e9nements de nettoyage [&hellip;]<\/p>\n","protected":false},"author":1,"featured_media":0,"parent":0,"menu_order":0,"comment_status":"closed","ping_status":"closed","template":"","meta":{"footnotes":""},"class_list":["post-3119","page","type-page","status-publish","hentry"],"jetpack_sharing_enabled":true,"_links":{"self":[{"href":"https:\/\/eli-s.com\/fr\/wp-json\/wp\/v2\/pages\/3119","targetHints":{"allow":["GET"]}}],"collection":[{"href":"https:\/\/eli-s.com\/fr\/wp-json\/wp\/v2\/pages"}],"about":[{"href":"https:\/\/eli-s.com\/fr\/wp-json\/wp\/v2\/types\/page"}],"author":[{"embeddable":true,"href":"https:\/\/eli-s.com\/fr\/wp-json\/wp\/v2\/users\/1"}],"replies":[{"embeddable":true,"href":"https:\/\/eli-s.com\/fr\/wp-json\/wp\/v2\/comments?post=3119"}],"version-history":[{"count":43,"href":"https:\/\/eli-s.com\/fr\/wp-json\/wp\/v2\/pages\/3119\/revisions"}],"predecessor-version":[{"id":5388,"href":"https:\/\/eli-s.com\/fr\/wp-json\/wp\/v2\/pages\/3119\/revisions\/5388"}],"wp:attachment":[{"href":"https:\/\/eli-s.com\/fr\/wp-json\/wp\/v2\/media?parent=3119"}],"curies":[{"name":"wp","href":"https:\/\/api.w.org\/{rel}","templated":true}]}}