{"id":3115,"date":"2019-09-13T22:52:44","date_gmt":"2019-09-13T21:52:44","guid":{"rendered":"https:\/\/eli-s.com\/?page_id=3115"},"modified":"2021-06-14T00:30:41","modified_gmt":"2021-06-13T23:30:41","slug":"education","status":"publish","type":"page","link":"https:\/\/eli-s.com\/fr\/education\/","title":{"rendered":"EDUCATION"},"content":{"rendered":"\n<h1 class=\"has-text-align-center has-text-color wp-block-heading\" style=\"color:#42aaaa\">AU COEUR DES COMMUNAUTES LOCALES<\/h1>\n\n\n\n<div style=\"height:33px\" aria-hidden=\"true\" class=\"wp-block-spacer\"><\/div>\n\n\n\n<hr class=\"wp-block-separator is-style-wide\"\/>\n\n\n\n<p class=\"has-text-align-center has-very-dark-gray-color has-text-color has-medium-font-size\">L&rsquo;association ELI-S vise \u00e0 partager les connaissances scientifiques avec les communaut\u00e9s locales, y compris les p\u00eacheurs, les populations indig\u00e8nes et les enfants. <\/p>\n\n\n\n<p class=\"has-text-align-center has-very-dark-gray-color has-text-color has-medium-font-size\">Des ateliers ludiques sont organis\u00e9s pour les enfants des communaut\u00e9s locales. <\/p>\n\n\n\n<p class=\"has-text-align-center has-very-dark-gray-color has-text-color has-medium-font-size\">Nous donnons \u00e9galement des s\u00e9ances d&rsquo;information et une formation aux p\u00eacheurs locaux sur les pratiques durables pour l\u2019observation des baleines.<\/p>\n\n\n\n<div style=\"height:20px\" aria-hidden=\"true\" class=\"wp-block-spacer\"><\/div>\n\n\n\n<hr class=\"wp-block-separator is-style-wide\"\/>\n\n\n\n<div class=\"wp-block-media-text alignwide is-stacked-on-mobile\"><figure class=\"wp-block-media-text__media\"><img loading=\"lazy\" decoding=\"async\" width=\"960\" height=\"720\" src=\"https:\/\/eli-s.com\/wp-content\/uploads\/2013\/07\/12924342_1683589748567218_5486444620708011574_n.jpg\" alt=\"\" class=\"wp-image-2623\" srcset=\"https:\/\/eli-s.com\/wp-content\/uploads\/2013\/07\/12924342_1683589748567218_5486444620708011574_n.jpg 960w, https:\/\/eli-s.com\/wp-content\/uploads\/2013\/07\/12924342_1683589748567218_5486444620708011574_n-600x450.jpg 600w, https:\/\/eli-s.com\/wp-content\/uploads\/2013\/07\/12924342_1683589748567218_5486444620708011574_n-300x225.jpg 300w, https:\/\/eli-s.com\/wp-content\/uploads\/2013\/07\/12924342_1683589748567218_5486444620708011574_n-768x576.jpg 768w, https:\/\/eli-s.com\/wp-content\/uploads\/2013\/07\/12924342_1683589748567218_5486444620708011574_n-705x529.jpg 705w\" sizes=\"auto, (max-width: 960px) 100vw, 960px\" \/><\/figure><div class=\"wp-block-media-text__content\">\n<h1 class=\"has-text-align-center has-text-color wp-block-heading\" style=\"color:#42aaaa\"><strong>ACTIONS<\/strong><\/h1>\n\n\n\n<p class=\"has-very-dark-gray-color has-text-color has-normal-font-size\"><i class=\"fas fa-check\"><\/i> Cours et ateliers sur l\u2019environnement et la prise de conscience pour les enfants de 5 \u00e0 18 ans dans les \u00e9coles, la biblioth\u00e8que et d\u2019autres institutions educatifs.<\/p>\n\n\n\n<p class=\"has-very-dark-gray-color has-text-color has-normal-font-size\"><i class=\"fas fa-check\"><\/i> Session d\u2019informations pour les p\u00eacheurs sur les pratiques durables d\u2019observation des baleines<\/p>\n\n\n\n<p class=\"has-very-dark-gray-color has-text-color has-normal-font-size\"><i class=\"fas fa-check\"><\/i> Former des biologistes nationaux et internationaux<\/p>\n\n\n\n<p class=\"has-very-dark-gray-color has-text-color has-normal-font-size\"><i class=\"fas fa-check\"><\/i> Organiser\/Participer \u00e0 des \u00e9v\u00e9nements de sensibilisation au public (Nettoyage de plage, salons, festivals, repas solidaire, etc)<\/p>\n\n\n\n<p><\/p>\n<\/div><\/div>\n\n\n\n<div class=\"wp-block-media-text alignwide is-stacked-on-mobile\"><figure class=\"wp-block-media-text__media\"><img loading=\"lazy\" decoding=\"async\" width=\"960\" height=\"640\" src=\"https:\/\/eli-s.com\/wp-content\/uploads\/2013\/07\/12805951_1671671243092402_7993209639692216645_n.jpg\" alt=\"\" class=\"wp-image-2620\" srcset=\"https:\/\/eli-s.com\/wp-content\/uploads\/2013\/07\/12805951_1671671243092402_7993209639692216645_n.jpg 960w, https:\/\/eli-s.com\/wp-content\/uploads\/2013\/07\/12805951_1671671243092402_7993209639692216645_n-600x400.jpg 600w, https:\/\/eli-s.com\/wp-content\/uploads\/2013\/07\/12805951_1671671243092402_7993209639692216645_n-300x200.jpg 300w, https:\/\/eli-s.com\/wp-content\/uploads\/2013\/07\/12805951_1671671243092402_7993209639692216645_n-768x512.jpg 768w, https:\/\/eli-s.com\/wp-content\/uploads\/2013\/07\/12805951_1671671243092402_7993209639692216645_n-705x470.jpg 705w\" sizes=\"auto, (max-width: 960px) 100vw, 960px\" \/><\/figure><div class=\"wp-block-media-text__content\">\n<h1 class=\"has-text-align-center has-text-color wp-block-heading\" style=\"color:#42aaaa\"><strong>OBJECTIFS<\/strong><\/h1>\n\n\n\n<p class=\"has-very-dark-gray-color has-text-color has-normal-font-size\"><i class=\"fas fa-check\"> G\u00e9n\u00e9rer de futurs leaders dans la conservation du milieu marin tant au niveau local qu\u2019international<\/p>\n\n\n\n<p class=\"has-very-dark-gray-color has-text-color has-normal-font-size\"><i class=\"fas fa-check\"><\/i> Prise de conscience globale sur la conservation du milieu marin et la faune marine ainsi que l\u2019utilisation durable des ressources marines<\/p>\n<\/div><\/div>\n\n\n\n<div style=\"height:58px\" aria-hidden=\"true\" class=\"wp-block-spacer\"><\/div>\n\n\n\n<h1 class=\"has-text-align-center has-text-color wp-block-heading\" style=\"color:#42aaaa\">VOUS VOULEZ EN SAVOIR PLUS ?<\/h1>\n\n\n\n<div style=\"height:36px\" aria-hidden=\"true\" class=\"wp-block-spacer\"><\/div>\n\n\n\n<div class=\"wp-block-columns is-layout-flex wp-container-core-columns-is-layout-9d6595d7 wp-block-columns-is-layout-flex\">\n<div class=\"wp-block-column is-layout-flow wp-block-column-is-layout-flow\">\n<div class=\"wp-block-button aligncenter\"><a class=\"wp-block-button__link has-text-color has-background no-border-radius\" href=\"https:\/\/eli-s.com\/science-2\/\" style=\"background-color:#42aaaa;color:#ffffff\"> DECOUVRIR NOS ACTIONS SCIENTIFIQUES<\/a><\/div>\n<\/div>\n\n\n\n<div class=\"wp-block-column is-layout-flow wp-block-column-is-layout-flow\">\n<div class=\"wp-block-button aligncenter\"><a class=\"wp-block-button__link has-text-color has-background no-border-radius\" href=\"https:\/\/eli-s.com\/conservation\/\" style=\"background-color:#42aaaa;color:#ffffff\"> DECOUVRIR NOS ACTIONS DE CONSERVATION <\/a><\/div>\n<\/div>\n<\/div>\n","protected":false},"excerpt":{"rendered":"<p>AU COEUR DES COMMUNAUTES LOCALES L&rsquo;association ELI-S vise \u00e0 partager les connaissances scientifiques avec les communaut\u00e9s locales, y compris les p\u00eacheurs, les populations indig\u00e8nes et les enfants. Des ateliers ludiques sont organis\u00e9s pour les enfants des communaut\u00e9s locales. Nous donnons \u00e9galement des s\u00e9ances d&rsquo;information et une formation aux p\u00eacheurs locaux sur les pratiques durables pour [&hellip;]<\/p>\n","protected":false},"author":1,"featured_media":0,"parent":0,"menu_order":0,"comment_status":"closed","ping_status":"closed","template":"","meta":{"footnotes":""},"class_list":["post-3115","page","type-page","status-publish","hentry"],"jetpack_sharing_enabled":true,"_links":{"self":[{"href":"https:\/\/eli-s.com\/fr\/wp-json\/wp\/v2\/pages\/3115","targetHints":{"allow":["GET"]}}],"collection":[{"href":"https:\/\/eli-s.com\/fr\/wp-json\/wp\/v2\/pages"}],"about":[{"href":"https:\/\/eli-s.com\/fr\/wp-json\/wp\/v2\/types\/page"}],"author":[{"embeddable":true,"href":"https:\/\/eli-s.com\/fr\/wp-json\/wp\/v2\/users\/1"}],"replies":[{"embeddable":true,"href":"https:\/\/eli-s.com\/fr\/wp-json\/wp\/v2\/comments?post=3115"}],"version-history":[{"count":60,"href":"https:\/\/eli-s.com\/fr\/wp-json\/wp\/v2\/pages\/3115\/revisions"}],"predecessor-version":[{"id":5490,"href":"https:\/\/eli-s.com\/fr\/wp-json\/wp\/v2\/pages\/3115\/revisions\/5490"}],"wp:attachment":[{"href":"https:\/\/eli-s.com\/fr\/wp-json\/wp\/v2\/media?parent=3115"}],"curies":[{"name":"wp","href":"https:\/\/api.w.org\/{rel}","templated":true}]}}