{"id":3112,"date":"2019-09-13T22:49:58","date_gmt":"2019-09-13T21:49:58","guid":{"rendered":"https:\/\/eli-s.com\/?page_id=3112"},"modified":"2021-05-19T10:18:26","modified_gmt":"2021-05-19T09:18:26","slug":"science-2","status":"publish","type":"page","link":"https:\/\/eli-s.com\/fr\/science-2\/","title":{"rendered":"SCIENCE"},"content":{"rendered":"\n<h1 class=\"has-text-align-center has-text-color wp-block-heading\" style=\"color:#42aaaa\">SCIENCE<\/h1>\n\n\n\n<div style=\"height:35px\" aria-hidden=\"true\" class=\"wp-block-spacer\"><\/div>\n\n\n\n<hr class=\"wp-block-separator is-style-wide\"\/>\n\n\n\n<p class=\"has-text-align-center has-very-dark-gray-color has-text-color has-medium-font-size\">Le projet de conservation des c\u00e9tac\u00e9s du Nicaragua vise \u00e0 g\u00e9n\u00e9rer une base de donn\u00e9es de toutes les esp\u00e8ces de dauphins et de baleines trouv\u00e9es le long de l&rsquo;oc\u00e9an Pacifique du Nicaragua et sur la c\u00f4te Est de l&rsquo;Australie. <\/p>\n\n\n\n<hr class=\"wp-block-separator is-style-wide\"\/>\n\n\n\n<div style=\"height:53px\" aria-hidden=\"true\" class=\"wp-block-spacer\"><\/div>\n\n\n\n<h1 class=\"has-text-align-center has-text-color wp-block-heading\" style=\"color:#42aaaa\"> <strong>En quoi notre projet est-il sp\u00e9cial ?<\/strong> <\/h1>\n\n\n\n<div style=\"height:53px\" aria-hidden=\"true\" class=\"wp-block-spacer\"><\/div>\n\n\n\n<blockquote class=\"wp-block-quote is-layout-flow wp-block-quote-is-layout-flow\"><p>Projet pionnier de recherche et de conservation des\u00a0c\u00e9tac\u00e9s (au Nicaragua)<\/p><\/blockquote>\n\n\n\n<blockquote class=\"wp-block-quote is-layout-flow wp-block-quote-is-layout-flow\"><p>Premi\u00e8res publications sur la faune marine (Nicaraguayenne) dans des revues scientifiques<\/p><\/blockquote>\n\n\n\n<blockquote class=\"wp-block-quote is-layout-flow wp-block-quote-is-layout-flow\"><p>D\u00e9couverte de la pr\u00e9sence d\u2019une deuxi\u00e8me population de baleines \u00e0 bosse (au Nicaragua)<\/p><\/blockquote>\n\n\n\n<blockquote class=\"wp-block-quote is-layout-flow wp-block-quote-is-layout-flow\"><p>D\u00e9couverte du comportement d\u2019alimentation\u00a0de baleines \u00e0 bosse en zone de reproduction (au Nicaragua<\/p><\/blockquote>\n\n\n\n<div style=\"height:44px\" aria-hidden=\"true\" class=\"wp-block-spacer\"><\/div>\n\n\n\n<div class=\"wp-block-media-text alignwide is-stacked-on-mobile\"><figure class=\"wp-block-media-text__media\"><img loading=\"lazy\" decoding=\"async\" width=\"1030\" height=\"843\" src=\"https:\/\/eli-s.com\/wp-content\/uploads\/2015\/04\/Figure-1-Map-of-Nicaragua-1030x843.png\" alt=\"\" class=\"wp-image-2916\" srcset=\"https:\/\/eli-s.com\/wp-content\/uploads\/2015\/04\/Figure-1-Map-of-Nicaragua-1030x843.png 1030w, https:\/\/eli-s.com\/wp-content\/uploads\/2015\/04\/Figure-1-Map-of-Nicaragua-600x491.png 600w, https:\/\/eli-s.com\/wp-content\/uploads\/2015\/04\/Figure-1-Map-of-Nicaragua-300x245.png 300w, https:\/\/eli-s.com\/wp-content\/uploads\/2015\/04\/Figure-1-Map-of-Nicaragua-768x628.png 768w, https:\/\/eli-s.com\/wp-content\/uploads\/2015\/04\/Figure-1-Map-of-Nicaragua-1500x1227.png 1500w, https:\/\/eli-s.com\/wp-content\/uploads\/2015\/04\/Figure-1-Map-of-Nicaragua-705x577.png 705w\" sizes=\"auto, (max-width: 1030px) 100vw, 1030px\" \/><\/figure><div class=\"wp-block-media-text__content\">\n<h1 class=\"has-text-align-center has-text-color wp-block-heading\" style=\"color:#42aaaa\">OBJECTIFS<\/h1>\n\n\n\n<ul class=\"wp-block-list\"><li>Identifier les esp\u00e8ces de c\u00e9tac\u00e9s (dauphins et baleines) <\/li><li>D\u00e9terminer l\u2019\u00e9tat actuel des diff\u00e9rentes populations de dauphins et de baleines<\/li><li>D\u00e9terminer la distribution et l\u2019utilisation d\u2019habitat pour chaque population<\/li><li>Identifier les zones critiques et sensibles pour chaque esp\u00e8ce de dauphins et de baleines<\/li><\/ul>\n<\/div><\/div>\n\n\n\n<div class=\"wp-block-media-text alignwide is-stacked-on-mobile\"><figure class=\"wp-block-media-text__media\"><img loading=\"lazy\" decoding=\"async\" width=\"1030\" height=\"555\" src=\"https:\/\/eli-s.com\/wp-content\/uploads\/2019\/09\/whale6-1030x555.jpg\" alt=\"\" class=\"wp-image-3524\" srcset=\"https:\/\/eli-s.com\/wp-content\/uploads\/2019\/09\/whale6-1030x555.jpg 1030w, https:\/\/eli-s.com\/wp-content\/uploads\/2019\/09\/whale6-600x323.jpg 600w, https:\/\/eli-s.com\/wp-content\/uploads\/2019\/09\/whale6-300x162.jpg 300w, https:\/\/eli-s.com\/wp-content\/uploads\/2019\/09\/whale6-768x414.jpg 768w, https:\/\/eli-s.com\/wp-content\/uploads\/2019\/09\/whale6-1500x809.jpg 1500w, https:\/\/eli-s.com\/wp-content\/uploads\/2019\/09\/whale6-705x380.jpg 705w\" sizes=\"auto, (max-width: 1030px) 100vw, 1030px\" \/><\/figure><div class=\"wp-block-media-text__content\">\n<h1 class=\"has-text-align-center has-text-color wp-block-heading\" style=\"color:#42aaaa\"> ACTIONS &#038; RESULTATS ATTENDUS<\/h1>\n\n\n\n<ul class=\"wp-block-list\"><li>Recensement et surveillance des diff\u00e9rentes esp\u00e8ces de c\u00e9tac\u00e9s<\/li><li>Cr\u00e9ation scientifique participative avec des p\u00eacheurs et des voyagistes<\/li><li>\u00c9valuer le statut de diff\u00e9rentes populations de c\u00e9tac\u00e9s.<\/li><li>D\u00e9finir les zones critiques pour les populations de c\u00e9tac\u00e9s<\/li><li>Identifier les probl\u00e8mes de conservation possibles.<\/li><li>Publications scientifiques dans les journaux internationaux<\/li><li>Mise en \u0153uvre de mesures de gestion<\/li><li> Am\u00e9liorer les connaissances sur les c\u00e9tac\u00e9s <\/li><\/ul>\n<\/div><\/div>\n\n\n\n<h1 class=\"has-text-align-center has-text-color wp-block-heading\" style=\"color:#42aaaa\"> NOS PROJETS<\/h1>\n\n\n\n<div style=\"height:41px\" aria-hidden=\"true\" class=\"wp-block-spacer\"><\/div>\n\n\n\n<figure class=\"wp-block-jetpack-image-compare\"><div class=\"juxtapose\" data-mode=\"horizontal\"><img loading=\"lazy\" decoding=\"async\" id=\"2916\" src=\"https:\/\/i1.wp.com\/eli-s.com\/wp-content\/uploads\/2015\/04\/Figure-1-Map-of-Nicaragua.png?ssl=1\" alt=\"\" width=\"3033\" height=\"2482\" class=\"image-compare__image-before\"\/><img loading=\"lazy\" decoding=\"async\" id=\"4335\" src=\"https:\/\/i1.wp.com\/eli-s.com\/wp-content\/uploads\/2019\/10\/Association-ELI-S-600x400.jpg?ssl=1\" alt=\"\" width=\"600\" height=\"400\" class=\"image-compare__image-after\"\/><\/div><\/figure>\n\n\n\n<div style=\"height:36px\" aria-hidden=\"true\" class=\"wp-block-spacer\"><\/div>\n\n\n\n<h1 class=\"has-text-align-center has-text-color wp-block-heading\" style=\"color:#42aaaa\"> TU VEUX EN SAVOIR PLUS ? <\/h1>\n\n\n\n<div style=\"height:36px\" aria-hidden=\"true\" class=\"wp-block-spacer\"><\/div>\n\n\n\n<div class=\"wp-block-columns is-layout-flex wp-container-core-columns-is-layout-9d6595d7 wp-block-columns-is-layout-flex\">\n<div class=\"wp-block-column is-layout-flow wp-block-column-is-layout-flow\">\n<div class=\"wp-block-button aligncenter\"><a class=\"wp-block-button__link has-text-color has-background no-border-radius\" href=\"https:\/\/eli-s.com\/conservation\/\" style=\"background-color:#42aaaa;color:#ffffff\">NOS ACTIONS DE CONSERVATION<\/a><\/div>\n<\/div>\n\n\n\n<div class=\"wp-block-column is-layout-flow wp-block-column-is-layout-flow\">\n<div class=\"wp-block-button aligncenter\"><a class=\"wp-block-button__link has-background no-border-radius\" href=\"https:\/\/eli-s.com\/education\/\" style=\"background-color:#42aaaa\">NOS ACTIONS EDUCATIVES<\/a><\/div>\n<\/div>\n<\/div>\n","protected":false},"excerpt":{"rendered":"<p>SCIENCE Le projet de conservation des c\u00e9tac\u00e9s du Nicaragua vise \u00e0 g\u00e9n\u00e9rer une base de donn\u00e9es de toutes les esp\u00e8ces de dauphins et de baleines trouv\u00e9es le long de l&rsquo;oc\u00e9an Pacifique du Nicaragua et sur la c\u00f4te Est de l&rsquo;Australie. En quoi notre projet est-il sp\u00e9cial ? Projet pionnier de recherche et de conservation des\u00a0c\u00e9tac\u00e9s [&hellip;]<\/p>\n","protected":false},"author":1,"featured_media":0,"parent":0,"menu_order":0,"comment_status":"closed","ping_status":"closed","template":"","meta":{"footnotes":""},"class_list":["post-3112","page","type-page","status-publish","hentry"],"jetpack_sharing_enabled":true,"_links":{"self":[{"href":"https:\/\/eli-s.com\/fr\/wp-json\/wp\/v2\/pages\/3112","targetHints":{"allow":["GET"]}}],"collection":[{"href":"https:\/\/eli-s.com\/fr\/wp-json\/wp\/v2\/pages"}],"about":[{"href":"https:\/\/eli-s.com\/fr\/wp-json\/wp\/v2\/types\/page"}],"author":[{"embeddable":true,"href":"https:\/\/eli-s.com\/fr\/wp-json\/wp\/v2\/users\/1"}],"replies":[{"embeddable":true,"href":"https:\/\/eli-s.com\/fr\/wp-json\/wp\/v2\/comments?post=3112"}],"version-history":[{"count":47,"href":"https:\/\/eli-s.com\/fr\/wp-json\/wp\/v2\/pages\/3112\/revisions"}],"predecessor-version":[{"id":5387,"href":"https:\/\/eli-s.com\/fr\/wp-json\/wp\/v2\/pages\/3112\/revisions\/5387"}],"wp:attachment":[{"href":"https:\/\/eli-s.com\/fr\/wp-json\/wp\/v2\/media?parent=3112"}],"curies":[{"name":"wp","href":"https:\/\/api.w.org\/{rel}","templated":true}]}}