{"id":2401,"date":"2016-02-11T11:59:23","date_gmt":"2016-02-11T10:59:23","guid":{"rendered":"http:\/\/eli-s.com\/?page_id=2401"},"modified":"2021-05-18T11:58:19","modified_gmt":"2021-05-18T10:58:19","slug":"our-actions","status":"publish","type":"page","link":"https:\/\/eli-s.com\/fr\/our-actions\/","title":{"rendered":"NOS ACTIONS"},"content":{"rendered":"\n<h2 class=\"has-text-align-center wp-block-heading\" style=\"color:#42aaaa\">D\u00c9COUVREZ NOS ACTIONS<\/h2>\n\n\n\n<div style=\"height:47px\" aria-hidden=\"true\" class=\"wp-block-spacer\"><\/div>\n\n\n\n<hr class=\"wp-block-separator is-style-wide\"\/>\n\n\n\n<h3 class=\"has-text-align-center wp-block-heading\">Transmettre des valeurs fondamentales : respect, partage, solidarit\u00e9, convivialit\u00e9, connaissances et \u00e9ducation sur l\u2019\u00e9cosyst\u00e8me marin.<\/h3>\n\n\n\n<div style=\"height:19px\" aria-hidden=\"true\" class=\"wp-block-spacer\"><\/div>\n\n\n\n<hr class=\"wp-block-separator is-style-wide\"\/>\n\n\n\n<div class=\"wp-block-media-text alignwide is-stacked-on-mobile\"><figure class=\"wp-block-media-text__media\"><img loading=\"lazy\" decoding=\"async\" width=\"1030\" height=\"687\" src=\"https:\/\/eli-s.com\/wp-content\/uploads\/2019\/09\/Danse-de-dauphins_cropped-1030x687.jpg\" alt=\"\" class=\"wp-image-3809\" srcset=\"https:\/\/eli-s.com\/wp-content\/uploads\/2019\/09\/Danse-de-dauphins_cropped-1030x687.jpg 1030w, https:\/\/eli-s.com\/wp-content\/uploads\/2019\/09\/Danse-de-dauphins_cropped-600x400.jpg 600w, https:\/\/eli-s.com\/wp-content\/uploads\/2019\/09\/Danse-de-dauphins_cropped-300x200.jpg 300w, https:\/\/eli-s.com\/wp-content\/uploads\/2019\/09\/Danse-de-dauphins_cropped-768x512.jpg 768w, https:\/\/eli-s.com\/wp-content\/uploads\/2019\/09\/Danse-de-dauphins_cropped-1500x1000.jpg 1500w, https:\/\/eli-s.com\/wp-content\/uploads\/2019\/09\/Danse-de-dauphins_cropped-705x470.jpg 705w\" sizes=\"auto, (max-width: 1030px) 100vw, 1030px\" \/><\/figure><div class=\"wp-block-media-text__content\">\n<h2 class=\"wp-block-heading\" style=\"color:#42aaaa\">Valeurs <\/h2>\n\n\n\n<p class=\"has-medium-font-size\"><strong>Transmettre des valeurs fondamentales : <\/strong><\/p>\n\n\n\n<p class=\"has-text-color has-medium-font-size has-very-dark-gray-color\"><i class=\"fas fa-check\"><\/i> Solidarit\u00e9<\/p>\n\n\n\n<p class=\"has-text-color has-medium-font-size has-very-dark-gray-color\"><i class=\"fas fa-check\"><\/i> Convivialit\u00e9<\/p>\n\n\n\n<p class=\"has-text-color has-medium-font-size has-very-dark-gray-color\"><i class=\"fas fa-check\"><\/i> Partage<\/p>\n\n\n\n<p class=\"has-text-color has-medium-font-size has-very-dark-gray-color\"><i class=\"fas fa-check\"><\/i> Connaissances<\/p>\n\n\n\n<p class=\"has-text-color has-medium-font-size has-very-dark-gray-color\"><i class=\"fas fa-check\"><\/i> Education sur l\u2019\u00e9cosyst\u00e8me marin<\/p>\n\n\n\n<p><\/p>\n<\/div><\/div>\n\n\n\n<div class=\"wp-block-media-text alignwide is-stacked-on-mobile\"><figure class=\"wp-block-media-text__media\"><img loading=\"lazy\" decoding=\"async\" width=\"1030\" height=\"685\" src=\"https:\/\/eli-s.com\/wp-content\/uploads\/2019\/10\/DSC_0410-1030x685.jpg\" alt=\"\" class=\"wp-image-3927\" srcset=\"https:\/\/eli-s.com\/wp-content\/uploads\/2019\/10\/DSC_0410-1030x685.jpg 1030w, https:\/\/eli-s.com\/wp-content\/uploads\/2019\/10\/DSC_0410-600x399.jpg 600w, https:\/\/eli-s.com\/wp-content\/uploads\/2019\/10\/DSC_0410-300x199.jpg 300w, https:\/\/eli-s.com\/wp-content\/uploads\/2019\/10\/DSC_0410-768x511.jpg 768w, https:\/\/eli-s.com\/wp-content\/uploads\/2019\/10\/DSC_0410-1500x997.jpg 1500w, https:\/\/eli-s.com\/wp-content\/uploads\/2019\/10\/DSC_0410-705x469.jpg 705w\" sizes=\"auto, (max-width: 1030px) 100vw, 1030px\" \/><\/figure><div class=\"wp-block-media-text__content\">\n<h2 class=\"wp-block-heading\" style=\"color:#42aaaa\">Ateliers \u00e9ducatifs<\/h2>\n\n\n\n<p class=\"has-text-color has-medium-font-size has-very-dark-gray-color\"><strong>Sensibiliser les enfants autour:<\/strong><\/p>\n\n\n\n<p class=\"has-text-color has-medium-font-size has-very-dark-gray-color\"><i class=\"fas fa-check\"><\/i> du recyclage<\/p>\n\n\n\n<p class=\"has-text-color has-medium-font-size has-very-dark-gray-color\"><i class=\"fas fa-check\"><\/i> de la responsabilit\u00e9 de l&rsquo;homme dans la conservation <\/p>\n\n\n\n<p class=\"has-text-color has-medium-font-size has-very-dark-gray-color\"><i class=\"fas fa-check\"><\/i> de l\u2019\u00e9cosyst\u00e8me marin<\/p>\n\n\n\n<p class=\"has-text-color has-medium-font-size has-very-dark-gray-color\"><i class=\"fas fa-check\"><\/i> de la faune marine<\/p>\n<\/div><\/div>\n\n\n\n<div class=\"wp-block-media-text alignwide is-stacked-on-mobile\"><figure class=\"wp-block-media-text__media\"><img loading=\"lazy\" decoding=\"async\" width=\"960\" height=\"720\" src=\"https:\/\/eli-s.com\/wp-content\/uploads\/2019\/11\/29598297_2034772003448989_678729696921487315_n-1.jpg\" alt=\"\" class=\"wp-image-4791\" srcset=\"https:\/\/eli-s.com\/wp-content\/uploads\/2019\/11\/29598297_2034772003448989_678729696921487315_n-1.jpg 960w, https:\/\/eli-s.com\/wp-content\/uploads\/2019\/11\/29598297_2034772003448989_678729696921487315_n-1-600x450.jpg 600w, https:\/\/eli-s.com\/wp-content\/uploads\/2019\/11\/29598297_2034772003448989_678729696921487315_n-1-300x225.jpg 300w, https:\/\/eli-s.com\/wp-content\/uploads\/2019\/11\/29598297_2034772003448989_678729696921487315_n-1-768x576.jpg 768w, https:\/\/eli-s.com\/wp-content\/uploads\/2019\/11\/29598297_2034772003448989_678729696921487315_n-1-705x529.jpg 705w\" sizes=\"auto, (max-width: 960px) 100vw, 960px\" \/><\/figure><div class=\"wp-block-media-text__content\">\n<h2 class=\"has-text-align-left wp-block-heading\" style=\"color:#42aaaa\">Nettoyage des plages et de l&rsquo;oc\u00e9an<\/h2>\n\n\n\n<p class=\"has-text-color has-text-align-left has-medium-font-size has-very-dark-gray-color\">Nous organisons des nettoyages de plage et r\u00e9cup\u00e9rons les d\u00e9chets retrouv\u00e9s en mer lors de nos sorties<\/p>\n<\/div><\/div>\n\n\n\n<div class=\"wp-block-media-text alignwide is-stacked-on-mobile\"><figure class=\"wp-block-media-text__media\"><img loading=\"lazy\" decoding=\"async\" width=\"1030\" height=\"684\" src=\"https:\/\/eli-s.com\/wp-content\/uploads\/2019\/11\/17622092_1847515322174659_2338176907649209144_o-1030x684.jpg\" alt=\"\" class=\"wp-image-4796\" srcset=\"https:\/\/eli-s.com\/wp-content\/uploads\/2019\/11\/17622092_1847515322174659_2338176907649209144_o-1030x684.jpg 1030w, https:\/\/eli-s.com\/wp-content\/uploads\/2019\/11\/17622092_1847515322174659_2338176907649209144_o-600x399.jpg 600w, https:\/\/eli-s.com\/wp-content\/uploads\/2019\/11\/17622092_1847515322174659_2338176907649209144_o-300x199.jpg 300w, https:\/\/eli-s.com\/wp-content\/uploads\/2019\/11\/17622092_1847515322174659_2338176907649209144_o-768x510.jpg 768w, https:\/\/eli-s.com\/wp-content\/uploads\/2019\/11\/17622092_1847515322174659_2338176907649209144_o-1500x997.jpg 1500w, https:\/\/eli-s.com\/wp-content\/uploads\/2019\/11\/17622092_1847515322174659_2338176907649209144_o-705x469.jpg 705w, https:\/\/eli-s.com\/wp-content\/uploads\/2019\/11\/17622092_1847515322174659_2338176907649209144_o.jpg 2048w\" sizes=\"auto, (max-width: 1030px) 100vw, 1030px\" \/><\/figure><div class=\"wp-block-media-text__content\">\n<h2 class=\"has-text-align-left wp-block-heading\" style=\"color:#42aaaa\">Soutenir les communaut\u00e9s locales<\/h2>\n\n\n\n<p class=\"has-text-color has-text-align-left has-medium-font-size has-very-dark-gray-color\">Nous soutenons les communaut\u00e9s en offrant de l&#8217;emploi et  en proposans des actions de sensibilisation pour valoriser la pr\u00e9servation de la faune marine <\/p>\n<\/div><\/div>\n\n\n\n<div class=\"wp-block-media-text alignwide is-stacked-on-mobile\"><figure class=\"wp-block-media-text__media\"><img loading=\"lazy\" decoding=\"async\" width=\"960\" height=\"548\" src=\"https:\/\/eli-s.com\/wp-content\/uploads\/2013\/07\/12509725_1657698414489685_2091542054748146212_n.jpg\" alt=\"\" class=\"wp-image-2614\" srcset=\"https:\/\/eli-s.com\/wp-content\/uploads\/2013\/07\/12509725_1657698414489685_2091542054748146212_n.jpg 960w, https:\/\/eli-s.com\/wp-content\/uploads\/2013\/07\/12509725_1657698414489685_2091542054748146212_n-600x343.jpg 600w, https:\/\/eli-s.com\/wp-content\/uploads\/2013\/07\/12509725_1657698414489685_2091542054748146212_n-300x171.jpg 300w, https:\/\/eli-s.com\/wp-content\/uploads\/2013\/07\/12509725_1657698414489685_2091542054748146212_n-768x438.jpg 768w, https:\/\/eli-s.com\/wp-content\/uploads\/2013\/07\/12509725_1657698414489685_2091542054748146212_n-705x402.jpg 705w\" sizes=\"auto, (max-width: 960px) 100vw, 960px\" \/><\/figure><div class=\"wp-block-media-text__content\">\n<h2 class=\"wp-block-heading\" style=\"color:#42aaaa\">Formation<\/h2>\n\n\n\n<p class=\"has-text-color has-medium-font-size has-very-dark-gray-color\"><strong>Former des scientifiques sur les m\u00e9thodologies de recherche sur les mammif\u00e8res marins :<\/strong><\/p>\n\n\n\n<p class=\"has-text-color has-medium-font-size has-very-dark-gray-color\"><i class=\"fas fa-check\"><\/i> Photo-identification<\/p>\n\n\n\n<p class=\"has-text-color has-medium-font-size has-very-dark-gray-color\"><i class=\"fas fa-check\"><\/i> Prise de donn\u00e9es sur le terrain<\/p>\n\n\n\n<p class=\"has-text-color has-medium-font-size has-very-dark-gray-color\"><i class=\"fas fa-check\"><\/i> Ecologie des c\u00e9tac\u00e9s<\/p>\n<\/div><\/div>\n\n\n\n<div class=\"wp-block-media-text alignwide is-stacked-on-mobile\"><figure class=\"wp-block-media-text__media\"><img loading=\"lazy\" decoding=\"async\" width=\"1030\" height=\"797\" src=\"https:\/\/eli-s.com\/wp-content\/uploads\/2019\/09\/17-009-84-1030x797.jpg\" alt=\"\" class=\"wp-image-3738\" srcset=\"https:\/\/eli-s.com\/wp-content\/uploads\/2019\/09\/17-009-84-1030x797.jpg 1030w, https:\/\/eli-s.com\/wp-content\/uploads\/2019\/09\/17-009-84-600x465.jpg 600w, https:\/\/eli-s.com\/wp-content\/uploads\/2019\/09\/17-009-84-300x232.jpg 300w, https:\/\/eli-s.com\/wp-content\/uploads\/2019\/09\/17-009-84-768x595.jpg 768w, https:\/\/eli-s.com\/wp-content\/uploads\/2019\/09\/17-009-84-1500x1161.jpg 1500w, https:\/\/eli-s.com\/wp-content\/uploads\/2019\/09\/17-009-84-705x546.jpg 705w\" sizes=\"auto, (max-width: 1030px) 100vw, 1030px\" \/><\/figure><div class=\"wp-block-media-text__content\">\n<h2 class=\"wp-block-heading\" style=\"color:#42aaaa\"><strong>Etre la r\u00e9f\u00e9rence scientifique nationale sur les c\u00e9tac\u00e9s<\/strong><\/h2>\n\n\n\n<p class=\"has-text-color has-medium-font-size has-very-dark-gray-color\">Communiquer aupr\u00e8s de la communaut\u00e9 scientifique par le biais de conf\u00e9rences scientifiques et des publications dans des revues scientifiques<\/p>\n<\/div><\/div>\n\n\n\n<p><\/p>\n","protected":false},"excerpt":{"rendered":"<p>D\u00c9COUVREZ NOS ACTIONS Transmettre des valeurs fondamentales : respect, partage, solidarit\u00e9, convivialit\u00e9, connaissances et \u00e9ducation sur l\u2019\u00e9cosyst\u00e8me marin. Valeurs Transmettre des valeurs fondamentales : Solidarit\u00e9 Convivialit\u00e9 Partage Connaissances Education sur l\u2019\u00e9cosyst\u00e8me marin Ateliers \u00e9ducatifs Sensibiliser les enfants autour: du recyclage de la responsabilit\u00e9 de l&rsquo;homme dans la conservation de l\u2019\u00e9cosyst\u00e8me marin de la faune marine [&hellip;]<\/p>\n","protected":false},"author":1,"featured_media":0,"parent":0,"menu_order":0,"comment_status":"closed","ping_status":"closed","template":"","meta":{"footnotes":""},"class_list":["post-2401","page","type-page","status-publish","hentry"],"jetpack_sharing_enabled":true,"_links":{"self":[{"href":"https:\/\/eli-s.com\/fr\/wp-json\/wp\/v2\/pages\/2401","targetHints":{"allow":["GET"]}}],"collection":[{"href":"https:\/\/eli-s.com\/fr\/wp-json\/wp\/v2\/pages"}],"about":[{"href":"https:\/\/eli-s.com\/fr\/wp-json\/wp\/v2\/types\/page"}],"author":[{"embeddable":true,"href":"https:\/\/eli-s.com\/fr\/wp-json\/wp\/v2\/users\/1"}],"replies":[{"embeddable":true,"href":"https:\/\/eli-s.com\/fr\/wp-json\/wp\/v2\/comments?post=2401"}],"version-history":[{"count":103,"href":"https:\/\/eli-s.com\/fr\/wp-json\/wp\/v2\/pages\/2401\/revisions"}],"predecessor-version":[{"id":5370,"href":"https:\/\/eli-s.com\/fr\/wp-json\/wp\/v2\/pages\/2401\/revisions\/5370"}],"wp:attachment":[{"href":"https:\/\/eli-s.com\/fr\/wp-json\/wp\/v2\/media?parent=2401"}],"curies":[{"name":"wp","href":"https:\/\/api.w.org\/{rel}","templated":true}]}}