{"id":2336,"date":"2021-05-19T10:03:34","date_gmt":"2021-05-19T09:03:34","guid":{"rendered":"http:\/\/eli-s.com\/?page_id=2336"},"modified":"2024-01-09T08:43:17","modified_gmt":"2024-01-09T07:43:17","slug":"presentation","status":"publish","type":"page","link":"https:\/\/eli-s.com\/fr\/presentation\/","title":{"rendered":"QUI SOMMES-NOUS ?"},"content":{"rendered":"\n<div style=\"height:53px\" aria-hidden=\"true\" class=\"wp-block-spacer\"><\/div>\n\n\n\n<h1 class=\"has-text-align-center has-text-color wp-block-heading\" style=\"color:#42aaaa\">QUI SOMMES-NOUS ?<\/h1>\n\n\n\n<div style=\"height:35px\" aria-hidden=\"true\" class=\"wp-block-spacer\"><\/div>\n\n\n\n<hr class=\"wp-block-separator is-style-wide\"\/>\n\n\n\n<p class=\"has-text-align-center has-very-dark-gray-color has-text-color has-medium-font-size\">L\u2019association ELI-S est une association loi 1901 cr\u00e9\u00e9e en 2013 qui a pour but de&nbsp;&nbsp;promouvoir, transmettre et d\u00e9velopper la science (et le sport) pour tous les publics&nbsp;gr\u00e2ce \u00e0 deux supports d\u2019actions ELI-Sport et ELI-Scientific. <\/p>\n\n\n\n<hr class=\"wp-block-separator is-style-wide\"\/>\n\n\n\n<div style=\"height:25px\" aria-hidden=\"true\" class=\"wp-block-spacer\"><\/div>\n\n\n\n<h2 class=\"has-text-align-center has-text-color wp-block-heading\" style=\"color:#42aaaa\">QUE SIGNIFIE ELI-S ?<\/h2>\n\n\n\n<div style=\"height:25px\" aria-hidden=\"true\" class=\"wp-block-spacer\"><\/div>\n\n\n\n<div class=\"wp-block-columns is-layout-flex wp-container-core-columns-is-layout-9d6595d7 wp-block-columns-is-layout-flex\">\n<div class=\"wp-block-column is-layout-flow wp-block-column-is-layout-flow\">\n<p class=\"has-text-align-center has-very-dark-gray-color has-text-color has-large-font-size\"><i class=\"fas fa-user-graduate\"><\/i> EDUCATION<\/p>\n<\/div>\n\n\n\n<div class=\"wp-block-column is-layout-flow wp-block-column-is-layout-flow\">\n<p class=\"has-text-align-center has-very-dark-gray-color has-text-color has-large-font-size\"><i class=\"fas fa-child\"><\/i> LIBERT\u00c9<\/p>\n<\/div>\n\n\n\n<div class=\"wp-block-column is-layout-flow wp-block-column-is-layout-flow\">\n<p class=\"has-text-align-center has-very-dark-gray-color has-text-color has-large-font-size\"><i class=\"fas fa-fist-raised\"><\/i> INDEPENDENCE<\/p>\n<\/div>\n<\/div>\n\n\n\n<div class=\"wp-block-columns is-layout-flex wp-container-core-columns-is-layout-9d6595d7 wp-block-columns-is-layout-flex\">\n<div class=\"wp-block-column is-layout-flow wp-block-column-is-layout-flow\">\n<p class=\"has-text-align-center has-very-dark-gray-color has-text-color has-large-font-size\"><i class=\"fas fa-futbol\"><\/i> SPORT<\/p>\n<\/div>\n\n\n\n<div class=\"wp-block-column is-layout-flow wp-block-column-is-layout-flow\">\n<p class=\"has-text-align-center has-very-dark-gray-color has-text-color has-large-font-size\"><i class=\"fas fa-flask\"><\/i> SCIENCE<\/p>\n<\/div>\n<\/div>\n\n\n\n<div style=\"height:25px\" aria-hidden=\"true\" class=\"wp-block-spacer\"><\/div>\n\n\n\n<h2 class=\"has-text-align-center has-text-color wp-block-heading\" style=\"color:#42aaaa\"><i class=\"fas fa-bullseye\"><\/i> OBJECTIFS<\/h2>\n\n\n\n<div style=\"height:48px\" aria-hidden=\"true\" class=\"wp-block-spacer\"><\/div>\n\n\n\n<p class=\"has-text-align-center has-very-dark-gray-color has-text-color has-normal-font-size\">Notre but est de&nbsp;<strong>promouvoir<\/strong>,&nbsp;<strong>transmettre<\/strong>&nbsp;et&nbsp;<strong>d\u00e9velopper<\/strong>&nbsp;le sport et la science pour tous les publics.<\/p>\n\n\n\n<p class=\"has-text-align-center has-very-dark-gray-color has-text-color has-normal-font-size\">Nous utilisons le&nbsp;<strong>SPORT<\/strong>&nbsp;&#038; la&nbsp;<strong>SCIENCE<\/strong>&nbsp;pour cr\u00e9er un impact positif sur la soci\u00e9t\u00e9.<\/p>\n\n\n\n<p class=\"has-text-align-center has-very-dark-gray-color has-text-color has-normal-font-size\">Pour r\u00e9aliser cela, nous nous basons sur une philosophie commune :&nbsp;<strong>proximit\u00e9<\/strong>&nbsp;&#038;&nbsp;<strong>exigence<\/strong>.<\/p>\n\n\n\n<div style=\"height:48px\" aria-hidden=\"true\" class=\"wp-block-spacer\"><\/div>\n\n\n\n<h2 class=\"has-text-align-center has-text-color wp-block-heading\" style=\"color:#42aaaa\"><i class=\"fas fa-cogs\"><\/i> L&rsquo;\u00c9QUIPE<\/h2>\n\n\n\n<div style=\"height:25px\" aria-hidden=\"true\" class=\"wp-block-spacer\"><\/div>\n\n\n\n<h2 class=\"has-text-align-center has-text-color wp-block-heading\" style=\"color:#42aaaa\">FRANCE<\/h2>\n\n\n\n<div style=\"height:27px\" aria-hidden=\"true\" class=\"wp-block-spacer\"><\/div>\n\n\n\n<div class=\"wp-block-columns is-layout-flex wp-container-core-columns-is-layout-9d6595d7 wp-block-columns-is-layout-flex\">\n<div class=\"wp-block-column is-layout-flow wp-block-column-is-layout-flow\">\n<div class=\"wp-block-image is-style-circle-mask\"><figure class=\"aligncenter size-large\"><img loading=\"lazy\" decoding=\"async\" width=\"237\" height=\"233\" src=\"https:\/\/eli-s.com\/wp-content\/uploads\/2016\/02\/joelle.png\" alt=\"\" class=\"wp-image-2525\" srcset=\"https:\/\/eli-s.com\/wp-content\/uploads\/2016\/02\/joelle.png 237w, https:\/\/eli-s.com\/wp-content\/uploads\/2016\/02\/joelle-80x80.png 80w, https:\/\/eli-s.com\/wp-content\/uploads\/2016\/02\/joelle-36x36.png 36w\" sizes=\"auto, (max-width: 237px) 100vw, 237px\" \/><figcaption> Jo\u00eblle DE WEERDT<br>Directrice de projet<\/figcaption><\/figure><\/div>\n\n\n\n<div style=\"height:27px\" aria-hidden=\"true\" class=\"wp-block-spacer\"><\/div>\n<\/div>\n\n\n\n<div class=\"wp-block-column is-layout-flow wp-block-column-is-layout-flow\">\n<div class=\"wp-block-image\"><figure class=\"aligncenter size-large\"><img loading=\"lazy\" decoding=\"async\" width=\"257\" height=\"241\" src=\"https:\/\/eli-s.com\/wp-content\/uploads\/2016\/02\/sylvain.001.png\" alt=\"\" class=\"wp-image-2352\"\/><figcaption> Sylvain DE WEERDT<br>Pr\u00e9sident <\/figcaption><\/figure><\/div>\n<\/div>\n\n\n\n<div class=\"wp-block-column is-layout-flow wp-block-column-is-layout-flow\">\n<div class=\"wp-block-image\"><figure class=\"aligncenter size-large\"><img loading=\"lazy\" decoding=\"async\" width=\"237\" height=\"233\" src=\"https:\/\/eli-s.com\/wp-content\/uploads\/2016\/02\/alex.png\" alt=\"\" class=\"wp-image-2524\" srcset=\"https:\/\/eli-s.com\/wp-content\/uploads\/2016\/02\/alex.png 237w, https:\/\/eli-s.com\/wp-content\/uploads\/2016\/02\/alex-80x80.png 80w, https:\/\/eli-s.com\/wp-content\/uploads\/2016\/02\/alex-36x36.png 36w\" sizes=\"auto, (max-width: 237px) 100vw, 237px\" \/><figcaption> Alexandre POLLET<br>Tr\u00e9sorier <\/figcaption><\/figure><\/div>\n<\/div>\n\n\n\n<div class=\"wp-block-column is-layout-flow wp-block-column-is-layout-flow\">\n<div style=\"height:40px\" aria-hidden=\"true\" class=\"wp-block-spacer\"><\/div>\n\n\n\n<div class=\"wp-block-image\"><figure class=\"aligncenter size-large is-resized\"><img loading=\"lazy\" decoding=\"async\" src=\"https:\/\/eli-s.com\/wp-content\/uploads\/2015\/02\/Victoria.png\" alt=\"\" class=\"wp-image-2665\" width=\"205\" height=\"198\" srcset=\"https:\/\/eli-s.com\/wp-content\/uploads\/2015\/02\/Victoria.png 280w, https:\/\/eli-s.com\/wp-content\/uploads\/2015\/02\/Victoria-36x36.png 36w\" sizes=\"auto, (max-width: 205px) 100vw, 205px\" \/><figcaption>Victoria POUEY-SANTALOU<br>Secr\u00e9taire<\/figcaption><\/figure><\/div>\n<\/div>\n<\/div>\n\n\n\n<h2 class=\"has-text-align-center has-text-color wp-block-heading\" style=\"color:#42aaaa\">AUSTRALIE<\/h2>\n\n\n\n<div class=\"wp-block-group\"><div class=\"wp-block-group__inner-container is-layout-flow wp-block-group-is-layout-flow\">\n<div style=\"height:27px\" aria-hidden=\"true\" class=\"wp-block-spacer\"><\/div>\n<\/div><\/div>\n\n\n\n<div class=\"wp-block-columns is-layout-flex wp-container-core-columns-is-layout-9d6595d7 wp-block-columns-is-layout-flex\">\n<div class=\"wp-block-column is-layout-flow wp-block-column-is-layout-flow\">\n<figure class=\"wp-block-image size-large is-style-rounded\"><img loading=\"lazy\" decoding=\"async\" width=\"1030\" height=\"773\" src=\"https:\/\/eli-s.com\/wp-content\/uploads\/2021\/05\/8b44afd8-f838-41ce-9827-88544541cadf-1-1030x773.jpg\" alt=\"\" class=\"wp-image-5297\" srcset=\"https:\/\/eli-s.com\/wp-content\/uploads\/2021\/05\/8b44afd8-f838-41ce-9827-88544541cadf-1-1030x773.jpg 1030w, https:\/\/eli-s.com\/wp-content\/uploads\/2021\/05\/8b44afd8-f838-41ce-9827-88544541cadf-1-600x450.jpg 600w, https:\/\/eli-s.com\/wp-content\/uploads\/2021\/05\/8b44afd8-f838-41ce-9827-88544541cadf-1-300x225.jpg 300w, https:\/\/eli-s.com\/wp-content\/uploads\/2021\/05\/8b44afd8-f838-41ce-9827-88544541cadf-1-768x576.jpg 768w, https:\/\/eli-s.com\/wp-content\/uploads\/2021\/05\/8b44afd8-f838-41ce-9827-88544541cadf-1-1536x1152.jpg 1536w, https:\/\/eli-s.com\/wp-content\/uploads\/2021\/05\/8b44afd8-f838-41ce-9827-88544541cadf-1-1500x1125.jpg 1500w, https:\/\/eli-s.com\/wp-content\/uploads\/2021\/05\/8b44afd8-f838-41ce-9827-88544541cadf-1-705x529.jpg 705w, https:\/\/eli-s.com\/wp-content\/uploads\/2021\/05\/8b44afd8-f838-41ce-9827-88544541cadf-1.jpg 1600w\" sizes=\"auto, (max-width: 1030px) 100vw, 1030px\" \/><figcaption>Carla Patulny<br>Pr\u00e9sidente <\/figcaption><\/figure>\n<\/div>\n\n\n\n<div class=\"wp-block-column is-layout-flow wp-block-column-is-layout-flow\">\n<figure class=\"wp-block-image size-large is-style-rounded\"><img loading=\"lazy\" decoding=\"async\" width=\"1030\" height=\"773\" src=\"https:\/\/eli-s.com\/wp-content\/uploads\/2021\/05\/20170408_092519_optimized-1030x773.jpeg\" alt=\"\" class=\"wp-image-5290\" srcset=\"https:\/\/eli-s.com\/wp-content\/uploads\/2021\/05\/20170408_092519_optimized-1030x773.jpeg 1030w, https:\/\/eli-s.com\/wp-content\/uploads\/2021\/05\/20170408_092519_optimized-rotated-600x450.jpeg 600w, https:\/\/eli-s.com\/wp-content\/uploads\/2021\/05\/20170408_092519_optimized-300x225.jpeg 300w, https:\/\/eli-s.com\/wp-content\/uploads\/2021\/05\/20170408_092519_optimized-768x576.jpeg 768w, https:\/\/eli-s.com\/wp-content\/uploads\/2021\/05\/20170408_092519_optimized-1536x1152.jpeg 1536w, https:\/\/eli-s.com\/wp-content\/uploads\/2021\/05\/20170408_092519_optimized-1500x1125.jpeg 1500w, https:\/\/eli-s.com\/wp-content\/uploads\/2021\/05\/20170408_092519_optimized-705x529.jpeg 705w, https:\/\/eli-s.com\/wp-content\/uploads\/2021\/05\/20170408_092519_optimized-rotated.jpeg 1920w\" sizes=\"auto, (max-width: 1030px) 100vw, 1030px\" \/><figcaption>Karen Pendleton <br>Secr\u00e9taire<\/figcaption><\/figure>\n\n\n\n<p><\/p>\n<\/div>\n\n\n\n<div class=\"wp-block-column is-layout-flow wp-block-column-is-layout-flow\">\n<figure class=\"wp-block-image size-large is-style-rounded\"><img loading=\"lazy\" decoding=\"async\" width=\"640\" height=\"479\" src=\"https:\/\/eli-s.com\/wp-content\/uploads\/2021\/05\/IMG_7712.jpeg\" alt=\"\" class=\"wp-image-5292\" srcset=\"https:\/\/eli-s.com\/wp-content\/uploads\/2021\/05\/IMG_7712.jpeg 640w, https:\/\/eli-s.com\/wp-content\/uploads\/2021\/05\/IMG_7712-600x449.jpeg 600w, https:\/\/eli-s.com\/wp-content\/uploads\/2021\/05\/IMG_7712-300x225.jpeg 300w\" sizes=\"auto, (max-width: 640px) 100vw, 640px\" \/><figcaption>Richard <br>Tr\u00e9sorier<\/figcaption><\/figure>\n<\/div>\n<\/div>\n\n\n\n<div style=\"height:33px\" aria-hidden=\"true\" class=\"wp-block-spacer\"><\/div>\n\n\n\n<h2 class=\"has-text-align-center has-text-color wp-block-heading\" style=\"color:#42aaaa\"><i class=\"far fa-calendar-alt\"><\/i> CREATION<\/h2>\n\n\n\n<p class=\"has-text-align-center has-very-dark-gray-color has-text-color has-normal-font-size\">L\u2019association ELI-S &#8211; France a \u00e9t\u00e9 cr\u00e9\u00e9e en 2013 \u00e0 Hasparren. <\/p>\n\n\n\n<p class=\"has-text-align-center has-very-dark-gray-color has-text-color has-normal-font-size\">Association ELI-S &#8211; Australie a \u00e9t\u00e9 cr\u00e9\u00e9e en 2020 \u00e0 Sydney.<\/p>\n\n\n\n<p class=\"has-text-align-center has-very-dark-gray-color has-text-color has-normal-font-size\">L\u2019association est d\u2019abord tourn\u00e9e vers le sport. En 2016, la section scientifique voit le jour.<\/p>\n\n\n\n<div style=\"height:50px\" aria-hidden=\"true\" class=\"wp-block-spacer\"><\/div>\n\n\n\n<h2 class=\"has-text-align-center has-text-color wp-block-heading\" style=\"color:#42aaaa\"><i class=\"fas fa-map-marker-alt\"><\/i> LOCALISATION<\/h2>\n\n\n\n<div style=\"height:40px\" aria-hidden=\"true\" class=\"wp-block-spacer\"><\/div>\n\n\n\n<p class=\"has-text-align-center has-very-dark-gray-color has-text-color has-normal-font-size\">L\u2019association est localis\u00e9 \u00e0 39 All\u00e9e de Verdalle, 33470 Gujan-Mestras (France).<\/p>\n\n\n\n<p class=\"has-text-align-center has-very-dark-gray-color has-text-color has-normal-font-size\">Le site principal d\u2019intervention de l\u2019Association ELI-S est au Nicaragua.<\/p>\n\n\n\n<div style=\"height:48px\" aria-hidden=\"true\" class=\"wp-block-spacer\"><\/div>\n\n\n\n<h2 class=\"has-text-align-center has-text-color wp-block-heading\" style=\"color:#42aaaa\"><i class=\"fas fa-users\"><\/i> MEMBRES<\/h2>\n\n\n\n<div style=\"height:20px\" aria-hidden=\"true\" class=\"wp-block-spacer\"><\/div>\n\n\n\n<p class=\"has-text-align-center has-very-dark-gray-color has-text-color has-normal-font-size\"> L\u2019association compte une centaine de membres. <\/p>\n\n\n\n<div class=\"wp-block-button aligncenter\"><a class=\"wp-block-button__link has-text-color has-background no-border-radius\" href=\"https:\/\/www.helloasso.com\/associations\/association-eli-s\/adhesions\/adhesion-association-eli-s%C2%A0\" style=\"background-color:#42aaaa;color:#ffffff\">DEVENIR MEMBRE<\/a><\/div>\n\n\n\n<div style=\"height:39px\" aria-hidden=\"true\" class=\"wp-block-spacer\"><\/div>\n\n\n\n<h2 class=\"has-text-align-center has-text-color wp-block-heading\" style=\"color:#42aaaa\"><i class=\"fas fa-info\"><\/i> INFORMATIONS G\u00c9N\u00c9RALES<\/h2>\n\n\n\n<div style=\"height:20px\" aria-hidden=\"true\" class=\"wp-block-spacer\"><\/div>\n\n\n\n<p class=\"has-text-align-center has-very-dark-gray-color has-text-color has-normal-font-size\"><strong>N\u00b0 DE SIRET <\/strong>: 794 435 875 00016<\/p>\n\n\n\n<div style=\"height:20px\" aria-hidden=\"true\" class=\"wp-block-spacer\"><\/div>\n","protected":false},"excerpt":{"rendered":"<p>QUI SOMMES-NOUS ? L\u2019association ELI-S est une association loi 1901 cr\u00e9\u00e9e en 2013 qui a pour but de&nbsp;&nbsp;promouvoir, transmettre et d\u00e9velopper la science (et le sport) pour tous les publics&nbsp;gr\u00e2ce \u00e0 deux supports d\u2019actions ELI-Sport et ELI-Scientific. QUE SIGNIFIE ELI-S ? EDUCATION LIBERT\u00c9 INDEPENDENCE SPORT SCIENCE OBJECTIFS Notre but est de&nbsp;promouvoir,&nbsp;transmettre&nbsp;et&nbsp;d\u00e9velopper&nbsp;le sport et la science [&hellip;]<\/p>\n","protected":false},"author":1,"featured_media":0,"parent":0,"menu_order":0,"comment_status":"closed","ping_status":"closed","template":"","meta":{"footnotes":""},"class_list":["post-2336","page","type-page","status-publish","hentry"],"jetpack_sharing_enabled":true,"_links":{"self":[{"href":"https:\/\/eli-s.com\/fr\/wp-json\/wp\/v2\/pages\/2336","targetHints":{"allow":["GET"]}}],"collection":[{"href":"https:\/\/eli-s.com\/fr\/wp-json\/wp\/v2\/pages"}],"about":[{"href":"https:\/\/eli-s.com\/fr\/wp-json\/wp\/v2\/types\/page"}],"author":[{"embeddable":true,"href":"https:\/\/eli-s.com\/fr\/wp-json\/wp\/v2\/users\/1"}],"replies":[{"embeddable":true,"href":"https:\/\/eli-s.com\/fr\/wp-json\/wp\/v2\/comments?post=2336"}],"version-history":[{"count":164,"href":"https:\/\/eli-s.com\/fr\/wp-json\/wp\/v2\/pages\/2336\/revisions"}],"predecessor-version":[{"id":5756,"href":"https:\/\/eli-s.com\/fr\/wp-json\/wp\/v2\/pages\/2336\/revisions\/5756"}],"wp:attachment":[{"href":"https:\/\/eli-s.com\/fr\/wp-json\/wp\/v2\/media?parent=2336"}],"curies":[{"name":"wp","href":"https:\/\/api.w.org\/{rel}","templated":true}]}}