{"id":5258,"date":"2020-12-28T16:17:05","date_gmt":"2020-12-28T15:17:05","guid":{"rendered":"https:\/\/eli-s.com\/es\/?post_type=product&#038;p=5258"},"modified":"2021-11-19T21:46:59","modified_gmt":"2021-11-19T20:46:59","slug":"deepblue","status":"publish","type":"product","link":"https:\/\/eli-s.com\/es\/product\/deepblue\/","title":{"rendered":"Pulsera ballena &#8211; DEEP BLUE"},"content":{"rendered":"<p>La pulsera \u00e9tnica de ballenas est\u00e1 hecho a mano y representa con sus colores arenosos las playas nicarag\u00fcenses por donde las ballenas vienen a reproducirse anualmente. Todos los componentes est\u00e1n libres de pl\u00e1stico. La compra de esta pulsera apoya la investigaci\u00f3n y conservaci\u00f3n de las ballenas.<\/p>\n","protected":false},"excerpt":{"rendered":"<p>La pulsera \u00e9tnica de ballenas est\u00e1 hecho a mano y representa con sus colores arenosos las playas nicarag\u00fcenses por donde las ballenas vienen a reproducirse anualmente. Todos los componentes est\u00e1n libres de pl\u00e1stico. La compra de esta pulsera apoya la investigaci\u00f3n y conservaci\u00f3n de las ballenas.<\/p>\n","protected":false},"featured_media":5260,"comment_status":"closed","ping_status":"closed","template":"","meta":[],"product_brand":[],"product_cat":[180],"product_tag":[],"class_list":{"0":"post-5258","1":"product","2":"type-product","3":"status-publish","4":"has-post-thumbnail","6":"product_cat-product","8":"first","9":"instock","10":"sold-individually","11":"shipping-taxable","12":"purchasable","13":"product-type-variable"},"jetpack_sharing_enabled":true,"_links":{"self":[{"href":"https:\/\/eli-s.com\/es\/wp-json\/wp\/v2\/product\/5258","targetHints":{"allow":["GET"]}}],"collection":[{"href":"https:\/\/eli-s.com\/es\/wp-json\/wp\/v2\/product"}],"about":[{"href":"https:\/\/eli-s.com\/es\/wp-json\/wp\/v2\/types\/product"}],"replies":[{"embeddable":true,"href":"https:\/\/eli-s.com\/es\/wp-json\/wp\/v2\/comments?post=5258"}],"wp:featuredmedia":[{"embeddable":true,"href":"https:\/\/eli-s.com\/es\/wp-json\/wp\/v2\/media\/5260"}],"wp:attachment":[{"href":"https:\/\/eli-s.com\/es\/wp-json\/wp\/v2\/media?parent=5258"}],"wp:term":[{"taxonomy":"product_brand","embeddable":true,"href":"https:\/\/eli-s.com\/es\/wp-json\/wp\/v2\/product_brand?post=5258"},{"taxonomy":"product_cat","embeddable":true,"href":"https:\/\/eli-s.com\/es\/wp-json\/wp\/v2\/product_cat?post=5258"},{"taxonomy":"product_tag","embeddable":true,"href":"https:\/\/eli-s.com\/es\/wp-json\/wp\/v2\/product_tag?post=5258"}],"curies":[{"name":"wp","href":"https:\/\/api.w.org\/{rel}","templated":true}]}}