{"id":5254,"date":"2020-12-28T16:08:48","date_gmt":"2020-12-28T15:08:48","guid":{"rendered":"https:\/\/eli-s.com\/en\/?post_type=product&#038;p=5254"},"modified":"2021-11-19T22:00:34","modified_gmt":"2021-11-19T21:00:34","slug":"ocean","status":"publish","type":"product","link":"https:\/\/eli-s.com\/es\/product\/ocean\/","title":{"rendered":"Pulsera ballena &#8211; OCEAN"},"content":{"rendered":"<p>La pulsera \u00e9tnica de ballenas est\u00e1 hecho a mano y representa con sus colores arenosos las playas nicarag\u00fcenses por donde las ballenas vienen a reproducirse anualmente. Todos los componentes est\u00e1n libres de pl\u00e1stico. La compra de esta pulsera apoya la investigaci\u00f3n y conservaci\u00f3n de las ballenas.<\/p>\n","protected":false},"excerpt":{"rendered":"<p>La pulsera \u00e9tnica de ballenas est\u00e1 hecho a mano y representa con sus colores arenosos las playas nicarag\u00fcenses por donde las ballenas vienen a reproducirse anualmente. Todos los componentes est\u00e1n libres de pl\u00e1stico. La compra de esta pulsera apoya la investigaci\u00f3n y conservaci\u00f3n de las ballenas.<\/p>\n","protected":false},"featured_media":5248,"comment_status":"closed","ping_status":"closed","template":"","meta":[],"product_brand":[],"product_cat":[180],"product_tag":[],"class_list":{"0":"post-5254","1":"product","2":"type-product","3":"status-publish","4":"has-post-thumbnail","6":"product_cat-product","8":"first","9":"instock","10":"sold-individually","11":"shipping-taxable","12":"purchasable","13":"product-type-variable"},"jetpack_sharing_enabled":true,"_links":{"self":[{"href":"https:\/\/eli-s.com\/es\/wp-json\/wp\/v2\/product\/5254","targetHints":{"allow":["GET"]}}],"collection":[{"href":"https:\/\/eli-s.com\/es\/wp-json\/wp\/v2\/product"}],"about":[{"href":"https:\/\/eli-s.com\/es\/wp-json\/wp\/v2\/types\/product"}],"replies":[{"embeddable":true,"href":"https:\/\/eli-s.com\/es\/wp-json\/wp\/v2\/comments?post=5254"}],"wp:featuredmedia":[{"embeddable":true,"href":"https:\/\/eli-s.com\/es\/wp-json\/wp\/v2\/media\/5248"}],"wp:attachment":[{"href":"https:\/\/eli-s.com\/es\/wp-json\/wp\/v2\/media?parent=5254"}],"wp:term":[{"taxonomy":"product_brand","embeddable":true,"href":"https:\/\/eli-s.com\/es\/wp-json\/wp\/v2\/product_brand?post=5254"},{"taxonomy":"product_cat","embeddable":true,"href":"https:\/\/eli-s.com\/es\/wp-json\/wp\/v2\/product_cat?post=5254"},{"taxonomy":"product_tag","embeddable":true,"href":"https:\/\/eli-s.com\/es\/wp-json\/wp\/v2\/product_tag?post=5254"}],"curies":[{"name":"wp","href":"https:\/\/api.w.org\/{rel}","templated":true}]}}