{"id":991,"date":"2013-08-29T11:51:49","date_gmt":"2013-08-29T10:51:49","guid":{"rendered":"http:\/\/eli-s.com\/?page_id=991"},"modified":"2021-05-19T10:15:27","modified_gmt":"2021-05-19T09:15:27","slug":"values","status":"publish","type":"page","link":"https:\/\/eli-s.com\/es\/values\/","title":{"rendered":"NUESTROS VALORES"},"content":{"rendered":"\n<h1 class=\"has-text-align-center wp-block-heading\" style=\"color:#42aaaa\">NUESTROS VALORES<\/h1>\n\n\n\n<div style=\"height:20px\" aria-hidden=\"true\" class=\"wp-block-spacer\"><\/div>\n\n\n\n<hr class=\"wp-block-separator is-style-wide\"\/>\n\n\n\n<p class=\"has-text-color has-text-align-center has-medium-font-size has-very-dark-gray-color\">Buscamos compartir momentos que marcan la vida de cualquier persona.<\/p>\n\n\n\n<p class=\"has-text-color has-text-align-center has-medium-font-size has-very-dark-gray-color\">Queremos transmitir valores fundamentales: respeto, compartir, solidaridad, amabilidad y honestidad.<\/p>\n\n\n\n<hr class=\"wp-block-separator is-style-wide\"\/>\n\n\n\n<div style=\"height:33px\" aria-hidden=\"true\" class=\"wp-block-spacer\"><\/div>\n\n\n\n<div class=\"wp-block-columns is-layout-flex wp-container-core-columns-is-layout-9d6595d7 wp-block-columns-is-layout-flex\">\n<div class=\"wp-block-column is-layout-flow wp-block-column-is-layout-flow\">\n<h2 class=\"has-text-align-center wp-block-heading\" style=\"color:#42aaaa\"><i class=\"fas fa-futbol\"><\/i> DEPORTE<\/h2>\n\n\n\n<div style=\"height:20px\" aria-hidden=\"true\" class=\"wp-block-spacer\"><\/div>\n\n\n\n<p class=\"has-text-color has-very-dark-gray-color\">Utilizamos el deporte para permitir que todos los p\u00fablicos se integren en la sociedad.<\/p>\n\n\n\n<p class=\"has-text-color has-very-dark-gray-color\">Nuestras actividades nos permiten:<\/p>\n\n\n\n<p class=\"has-text-color has-very-dark-gray-color\"><i class=\"fas fa-check\"><\/i> Lucha contra la exclusi\u00f3n (f\u00edsica, racial, social, de g\u00e9nero, etc.)<\/p>\n\n\n\n<p class=\"has-text-color has-very-dark-gray-color\"><i class=\"fas fa-check\"><\/i> Trabajar por la cohesi\u00f3n social y humana<\/p>\n\n\n\n<p class=\"has-text-color has-very-dark-gray-color\"><i class=\"fas fa-check\"><\/i> Trae una paridad<\/p>\n\n\n\n<p class=\"has-text-color has-very-dark-gray-color\"><i class=\"fas fa-check\"><\/i> Integrando a personas con discapacidad<\/p>\n\n\n\n<figure class=\"wp-block-image size-large is-resized\"><img loading=\"lazy\" decoding=\"async\" src=\"https:\/\/eli-s.com\/wp-content\/uploads\/2015\/02\/11813456_492107527619063_4590579885190430852_n.jpg\" alt=\"\" class=\"wp-image-2750\" width=\"468\" height=\"398\" srcset=\"https:\/\/eli-s.com\/wp-content\/uploads\/2015\/02\/11813456_492107527619063_4590579885190430852_n.jpg 960w, https:\/\/eli-s.com\/wp-content\/uploads\/2015\/02\/11813456_492107527619063_4590579885190430852_n-600x510.jpg 600w, https:\/\/eli-s.com\/wp-content\/uploads\/2015\/02\/11813456_492107527619063_4590579885190430852_n-300x255.jpg 300w, https:\/\/eli-s.com\/wp-content\/uploads\/2015\/02\/11813456_492107527619063_4590579885190430852_n-768x653.jpg 768w, https:\/\/eli-s.com\/wp-content\/uploads\/2015\/02\/11813456_492107527619063_4590579885190430852_n-705x599.jpg 705w\" sizes=\"auto, (max-width: 468px) 100vw, 468px\" \/><\/figure>\n<\/div>\n\n\n\n<div class=\"wp-block-column is-layout-flow wp-block-column-is-layout-flow\">\n<h2 class=\"has-text-align-center wp-block-heading\" style=\"color:#42aaaa\"><i class=\"fas fa-flask\"><\/i> CIENCIA<\/h2>\n\n\n\n<div style=\"height:20px\" aria-hidden=\"true\" class=\"wp-block-spacer\"><\/div>\n\n\n\n<p class=\"has-text-color has-very-dark-gray-color\">Usamos la ciencia para crear conciencia ambiental.<\/p>\n\n\n\n<p class=\"has-text-color has-very-dark-gray-color\">Nuestras actividades nos permiten:<\/p>\n\n\n\n<p class=\"has-text-color has-very-dark-gray-color\"><i class=\"fas fa-check\"><\/i> Sensibilizar a todos los p\u00fablicos sobre la problem\u00e1tica ambiental.<\/p>\n\n\n\n<p class=\"has-text-color has-very-dark-gray-color\"><i class=\"fas fa-check\"><\/i> Generar una base de datos \u00fanica sobre cet\u00e1ceos en el pa\u00eds.<\/p>\n\n\n\n<p class=\"has-text-color has-very-dark-gray-color\"><i class=\"fas fa-check\"><\/i> Establecer medidas de gesti\u00f3n para la protecci\u00f3n de la vida marina.<\/p>\n\n\n\n<p class=\"has-text-color has-very-dark-gray-color\"><i class=\"fas fa-check\"><\/i> Dar igualdad de oportunidades a hombres y mujeres.<\/p>\n\n\n\n<figure class=\"wp-block-image size-large\"><img loading=\"lazy\" decoding=\"async\" width=\"1030\" height=\"688\" src=\"https:\/\/eli-s.com\/wp-content\/uploads\/2019\/09\/CCN_SJDS_29072016_JDW_003_3371-1030x688.jpg\" alt=\"\" class=\"wp-image-3811\" srcset=\"https:\/\/eli-s.com\/wp-content\/uploads\/2019\/09\/CCN_SJDS_29072016_JDW_003_3371-1030x688.jpg 1030w, https:\/\/eli-s.com\/wp-content\/uploads\/2019\/09\/CCN_SJDS_29072016_JDW_003_3371-600x401.jpg 600w, https:\/\/eli-s.com\/wp-content\/uploads\/2019\/09\/CCN_SJDS_29072016_JDW_003_3371-300x200.jpg 300w, https:\/\/eli-s.com\/wp-content\/uploads\/2019\/09\/CCN_SJDS_29072016_JDW_003_3371-768x513.jpg 768w, https:\/\/eli-s.com\/wp-content\/uploads\/2019\/09\/CCN_SJDS_29072016_JDW_003_3371-1500x1002.jpg 1500w, https:\/\/eli-s.com\/wp-content\/uploads\/2019\/09\/CCN_SJDS_29072016_JDW_003_3371-705x471.jpg 705w\" sizes=\"auto, (max-width: 1030px) 100vw, 1030px\" \/><\/figure>\n<\/div>\n<\/div>\n\n\n\n<div class=\"wp-block-columns is-layout-flex wp-container-core-columns-is-layout-9d6595d7 wp-block-columns-is-layout-flex\">\n<div class=\"wp-block-column is-layout-flow wp-block-column-is-layout-flow\">\n<h2 class=\"has-text-align-center wp-block-heading\" style=\"color:#42aaaa\"><i class=\"fab fa-envira\"><\/i> MEDIO AMBIENTE<\/h2>\n\n\n\n<div style=\"height:20px\" aria-hidden=\"true\" class=\"wp-block-spacer\"><\/div>\n\n\n\n<p class=\"has-text-color has-very-dark-gray-color\">Utilizamos el deporte y la ciencia para educar al p\u00fablico sobre la protecci\u00f3n del medio ambiente. Nuestras acciones se basan en el desarrollo sostenible y la ecolog\u00eda porque es un tema que es importante para nosotros.<\/p>\n\n\n\n<div style=\"height:34px\" aria-hidden=\"true\" class=\"wp-block-spacer\"><\/div>\n\n\n\n<figure class=\"wp-block-image size-large\"><img loading=\"lazy\" decoding=\"async\" width=\"960\" height=\"720\" src=\"https:\/\/eli-s.com\/wp-content\/uploads\/2019\/09\/Operacion-basura.jpg\" alt=\"\" class=\"wp-image-3782\" srcset=\"https:\/\/eli-s.com\/wp-content\/uploads\/2019\/09\/Operacion-basura.jpg 960w, https:\/\/eli-s.com\/wp-content\/uploads\/2019\/09\/Operacion-basura-600x450.jpg 600w, https:\/\/eli-s.com\/wp-content\/uploads\/2019\/09\/Operacion-basura-300x225.jpg 300w, https:\/\/eli-s.com\/wp-content\/uploads\/2019\/09\/Operacion-basura-768x576.jpg 768w, https:\/\/eli-s.com\/wp-content\/uploads\/2019\/09\/Operacion-basura-705x529.jpg 705w\" sizes=\"auto, (max-width: 960px) 100vw, 960px\" \/><\/figure>\n<\/div>\n\n\n\n<div class=\"wp-block-column is-layout-flow wp-block-column-is-layout-flow\">\n<h2 class=\"has-text-align-center wp-block-heading\" style=\"color:#42aaaa\"><i class=\"fas fa-hands\"><\/i> SOLIDARIDAD<\/h2>\n\n\n\n<div style=\"height:20px\" aria-hidden=\"true\" class=\"wp-block-spacer\"><\/div>\n\n\n\n<p class=\"has-text-color has-very-dark-gray-color\">Organizamos misiones humanitarias para apoyar a las comunidades locales en los pa\u00edses en desarrollo.<\/p>\n\n\n\n<p class=\"has-text-color has-very-dark-gray-color\">Adem\u00e1s, sensibilizamos sobre la discapacidad y actuamos para incluir al p\u00fablico discapacitado a trav\u00e9s de diferentes actividades.<\/p>\n\n\n\n<figure class=\"wp-block-image size-large\"><img loading=\"lazy\" decoding=\"async\" width=\"1030\" height=\"773\" src=\"https:\/\/eli-s.com\/wp-content\/uploads\/2019\/10\/72478955_1307367532773989_1671019299239624704_n-1030x773.jpg\" alt=\"\" class=\"wp-image-3924\" srcset=\"https:\/\/eli-s.com\/wp-content\/uploads\/2019\/10\/72478955_1307367532773989_1671019299239624704_n-1030x773.jpg 1030w, https:\/\/eli-s.com\/wp-content\/uploads\/2019\/10\/72478955_1307367532773989_1671019299239624704_n-600x450.jpg 600w, https:\/\/eli-s.com\/wp-content\/uploads\/2019\/10\/72478955_1307367532773989_1671019299239624704_n-300x225.jpg 300w, https:\/\/eli-s.com\/wp-content\/uploads\/2019\/10\/72478955_1307367532773989_1671019299239624704_n-768x576.jpg 768w, https:\/\/eli-s.com\/wp-content\/uploads\/2019\/10\/72478955_1307367532773989_1671019299239624704_n-1500x1125.jpg 1500w, https:\/\/eli-s.com\/wp-content\/uploads\/2019\/10\/72478955_1307367532773989_1671019299239624704_n-705x529.jpg 705w\" sizes=\"auto, (max-width: 1030px) 100vw, 1030px\" \/><\/figure>\n<\/div>\n<\/div>\n","protected":false},"excerpt":{"rendered":"<p>NUESTROS VALORES Buscamos compartir momentos que marcan la vida de cualquier persona. Queremos transmitir valores fundamentales: respeto, compartir, solidaridad, amabilidad y honestidad. DEPORTE Utilizamos el deporte para permitir que todos los p\u00fablicos se integren en la sociedad. Nuestras actividades nos permiten: Lucha contra la exclusi\u00f3n (f\u00edsica, racial, social, de g\u00e9nero, etc.) Trabajar por la cohesi\u00f3n [&hellip;]<\/p>\n","protected":false},"author":1,"featured_media":0,"parent":0,"menu_order":0,"comment_status":"open","ping_status":"closed","template":"","meta":{"footnotes":""},"class_list":["post-991","page","type-page","status-publish","hentry"],"jetpack_sharing_enabled":true,"_links":{"self":[{"href":"https:\/\/eli-s.com\/es\/wp-json\/wp\/v2\/pages\/991","targetHints":{"allow":["GET"]}}],"collection":[{"href":"https:\/\/eli-s.com\/es\/wp-json\/wp\/v2\/pages"}],"about":[{"href":"https:\/\/eli-s.com\/es\/wp-json\/wp\/v2\/types\/page"}],"author":[{"embeddable":true,"href":"https:\/\/eli-s.com\/es\/wp-json\/wp\/v2\/users\/1"}],"replies":[{"embeddable":true,"href":"https:\/\/eli-s.com\/es\/wp-json\/wp\/v2\/comments?post=991"}],"version-history":[{"count":114,"href":"https:\/\/eli-s.com\/es\/wp-json\/wp\/v2\/pages\/991\/revisions"}],"predecessor-version":[{"id":5386,"href":"https:\/\/eli-s.com\/es\/wp-json\/wp\/v2\/pages\/991\/revisions\/5386"}],"wp:attachment":[{"href":"https:\/\/eli-s.com\/es\/wp-json\/wp\/v2\/media?parent=991"}],"curies":[{"name":"wp","href":"https:\/\/api.w.org\/{rel}","templated":true}]}}