{"id":3160,"date":"2019-09-13T23:07:20","date_gmt":"2019-09-13T22:07:20","guid":{"rendered":"https:\/\/eli-s.com\/?page_id=3160"},"modified":"2021-05-19T11:22:22","modified_gmt":"2021-05-19T10:22:22","slug":"daily","status":"publish","type":"page","link":"https:\/\/eli-s.com\/es\/daily\/","title":{"rendered":"DIARIO"},"content":{"rendered":"\n<div style=\"height:60px\" aria-hidden=\"true\" class=\"wp-block-spacer\"><\/div>\n\n\n\n<h1 class=\"has-text-align-center wp-block-heading\" style=\"color:#42aaaa\">DIARIO<\/h1>\n\n\n\n<div style=\"height:60px\" aria-hidden=\"true\" class=\"wp-block-spacer\"><\/div>\n\n\n\n<div class=\"wp-block-columns is-layout-flex wp-container-core-columns-is-layout-9d6595d7 wp-block-columns-is-layout-flex\">\n<div class=\"wp-block-column is-layout-flow wp-block-column-is-layout-flow\">\n<h3 class=\"has-text-align-center wp-block-heading\" style=\"color:#42aaaa\">USA LILO COMO MOTOR DE B\u00daSQUEDA<\/h3>\n\n\n\n<p class=\"has-text-color has-medium-font-size has-very-dark-gray-color\">Lilo es un motor de b\u00fasqueda que permite, gracias a su investigaci\u00f3n en l\u00ednea, generar gotas virtuales de agua. Estas gotas pueden distribuirse a proyectos socioambientales. Solo aquellos que est\u00e9n en posesi\u00f3n del enlace de nuestro proyecto pueden hacer una donaci\u00f3n a nuestro proyecto por el momento<\/p>\n\n\n\n<figure class=\"wp-block-embed-youtube wp-block-embed is-type-video is-provider-youtube wp-embed-aspect-16-9 wp-has-aspect-ratio\"><div class=\"wp-block-embed__wrapper\">\n<div class='avia-iframe-wrap'><iframe loading=\"lazy\" width=\"1500\" height=\"844\" src=\"https:\/\/www.youtube.com\/embed\/Z7h7Qq-ov74?feature=oembed\" frameborder=\"0\" allow=\"accelerometer; autoplay; encrypted-media; gyroscope; picture-in-picture\" allowfullscreen><\/iframe><\/div>\n<\/div><\/figure>\n<\/div>\n\n\n\n<div class=\"wp-block-column is-layout-flow wp-block-column-is-layout-flow\">\n<figure class=\"wp-block-image size-large\"><img loading=\"lazy\" decoding=\"async\" width=\"600\" height=\"480\" src=\"https:\/\/eli-s.com\/wp-content\/uploads\/2019\/11\/lilo-es-2.png\" alt=\"\" class=\"wp-image-4596\" srcset=\"https:\/\/eli-s.com\/wp-content\/uploads\/2019\/11\/lilo-es-2.png 600w, https:\/\/eli-s.com\/wp-content\/uploads\/2019\/11\/lilo-es-2-300x240.png 300w, https:\/\/eli-s.com\/wp-content\/uploads\/2019\/11\/lilo-es-2-450x360.png 450w\" sizes=\"auto, (max-width: 600px) 100vw, 600px\" \/><\/figure>\n\n\n\n<div class=\"wp-block-button aligncenter is-style-squared\"><a class=\"wp-block-button__link has-text-color has-background\" href=\"https:\/\/www.lilo.org\/es\/eli-scientific\/\" style=\"background-color:#42aaaa;color:#ffffff\">USO LILO POUR APOYAR ELI-S<\/a><\/div>\n<\/div>\n<\/div>\n\n\n\n<div style=\"height:20px\" aria-hidden=\"true\" class=\"wp-block-spacer\"><\/div>\n\n\n\n<hr class=\"wp-block-separator is-style-wide\"\/>\n\n\n\n<div class=\"wp-block-columns is-layout-flex wp-container-core-columns-is-layout-9d6595d7 wp-block-columns-is-layout-flex\">\n<div class=\"wp-block-column is-layout-flow wp-block-column-is-layout-flow\">\n<div style=\"height:44px\" aria-hidden=\"true\" class=\"wp-block-spacer\"><\/div>\n\n\n\n<h3 class=\"wp-block-heading\" style=\"color:#42aaaa\">HABLE EL PROYECTO CON SU ENTRETENIMIENTO<\/h3>\n<\/div>\n\n\n\n<div class=\"wp-block-column is-layout-flow wp-block-column-is-layout-flow\">\n<p class=\"has-text-color has-medium-font-size has-very-dark-gray-color\">Nada mejor que compartir su experiencia con sus amigos, su familia, sus conocidos y pedirles que sigan el proyecto en Facebook, Instagram o incluso que den un vistazo en el motor de b\u00fasqueda Lilo (Enlace para usar Lilo)&nbsp;<\/p>\n<\/div>\n<\/div>\n\n\n\n<hr class=\"wp-block-separator is-style-wide\"\/>\n\n\n\n<div class=\"wp-block-columns is-layout-flex wp-container-core-columns-is-layout-9d6595d7 wp-block-columns-is-layout-flex\">\n<div class=\"wp-block-column is-layout-flow wp-block-column-is-layout-flow\">\n<div style=\"height:44px\" aria-hidden=\"true\" class=\"wp-block-spacer\"><\/div>\n\n\n\n<h3 class=\"wp-block-heading\" style=\"color:#42aaaa\">USA OBJETOS SOSTENIBLES<\/h3>\n<\/div>\n\n\n\n<div class=\"wp-block-column is-layout-flow wp-block-column-is-layout-flow\">\n<p class=\"has-text-color has-medium-font-size has-very-dark-gray-color\">Usa material reutilizable y ecol\u00f3gico. No dude en visitar nuestra tienda en l\u00ednea para adquirir el objeto de sus deseos eco-responsables.<\/p>\n\n\n\n<div class=\"wp-block-button aligncenter is-style-squared\"><a class=\"wp-block-button__link has-text-color has-background\" style=\"background-color:#42aaaa;color:#ffffff\">TIENDA EN L\u00cdNEA<\/a><\/div>\n<\/div>\n<\/div>\n","protected":false},"excerpt":{"rendered":"<p>DIARIO USA LILO COMO MOTOR DE B\u00daSQUEDA Lilo es un motor de b\u00fasqueda que permite, gracias a su investigaci\u00f3n en l\u00ednea, generar gotas virtuales de agua. Estas gotas pueden distribuirse a proyectos socioambientales. Solo aquellos que est\u00e9n en posesi\u00f3n del enlace de nuestro proyecto pueden hacer una donaci\u00f3n a nuestro proyecto por el momento HABLE [&hellip;]<\/p>\n","protected":false},"author":1,"featured_media":3582,"parent":0,"menu_order":0,"comment_status":"closed","ping_status":"closed","template":"","meta":{"footnotes":""},"class_list":["post-3160","page","type-page","status-publish","has-post-thumbnail","hentry"],"jetpack_sharing_enabled":true,"_links":{"self":[{"href":"https:\/\/eli-s.com\/es\/wp-json\/wp\/v2\/pages\/3160","targetHints":{"allow":["GET"]}}],"collection":[{"href":"https:\/\/eli-s.com\/es\/wp-json\/wp\/v2\/pages"}],"about":[{"href":"https:\/\/eli-s.com\/es\/wp-json\/wp\/v2\/types\/page"}],"author":[{"embeddable":true,"href":"https:\/\/eli-s.com\/es\/wp-json\/wp\/v2\/users\/1"}],"replies":[{"embeddable":true,"href":"https:\/\/eli-s.com\/es\/wp-json\/wp\/v2\/comments?post=3160"}],"version-history":[{"count":57,"href":"https:\/\/eli-s.com\/es\/wp-json\/wp\/v2\/pages\/3160\/revisions"}],"predecessor-version":[{"id":5413,"href":"https:\/\/eli-s.com\/es\/wp-json\/wp\/v2\/pages\/3160\/revisions\/5413"}],"wp:featuredmedia":[{"embeddable":true,"href":"https:\/\/eli-s.com\/es\/wp-json\/wp\/v2\/media\/3582"}],"wp:attachment":[{"href":"https:\/\/eli-s.com\/es\/wp-json\/wp\/v2\/media?parent=3160"}],"curies":[{"name":"wp","href":"https:\/\/api.w.org\/{rel}","templated":true}]}}