{"id":3156,"date":"2019-09-13T23:06:35","date_gmt":"2019-09-13T22:06:35","guid":{"rendered":"https:\/\/eli-s.com\/?page_id=3156"},"modified":"2021-05-19T10:36:41","modified_gmt":"2021-05-19T09:36:41","slug":"support","status":"publish","type":"page","link":"https:\/\/eli-s.com\/es\/support\/","title":{"rendered":"APOYARNOS"},"content":{"rendered":"\n<p class=\"has-text-color has-text-align-center has-very-dark-gray-color\">La asociaci\u00f3n ELI-S es una organizaci\u00f3n sin fines lucrativos y depende de los socios, donaciones y becas otorgadas por fundaciones internacionales. Todos los fondos son utilizados para la investigaci\u00f3n cient\u00edfica, establecer el proyecto de educaci\u00f3n y cubrir los costos administrativos del proyecto. Nuestro objetivo es de ser una organizaci\u00f3n autosuficiente al largo plazo ofreciendo misiones humanitarias y cient\u00edficas en Nicaragua.<\/p>\n\n\n\n<p class=\"has-text-color has-text-align-center has-very-dark-gray-color\">Desea hacer una diferencia en la conservaci\u00f3n de los cet\u00e1ceos, \u00a1es posible!<\/p>\n\n\n\n<p class=\"has-text-color has-text-align-center has-very-dark-gray-color\">N\u00famero de cuenta de asociaci\u00f3n ELI-S<\/p>\n\n\n\n<p class=\"has-text-color has-text-align-center has-very-dark-gray-color\">Credit Agricole<\/p>\n\n\n\n<p class=\"has-text-color has-text-align-center has-very-dark-gray-color\"><strong>IBAN<\/strong>&nbsp;FR76 1330 6002 5123 0872 4293 529<br><strong>BIC&nbsp;<\/strong>AGRIFRPP833<\/p>\n\n\n\n<div class=\"wp-block-button aligncenter is-style-squared\"><a class=\"wp-block-button__link has-text-color has-background\" href=\"https:\/\/eli-s.com\/faire-un-don\/\" style=\"background-color:#42aaaa;color:#ffffff\">HACER LA DIFERENCIA<\/a><\/div>\n\n\n\n<blockquote class=\"wp-block-quote is-layout-flow wp-block-quote-is-layout-flow\"><p>Hay muchas maneras de apoyar nuestras acciones y todos pueden contribuir a esta causa de acuerdo con sus posibilidades.<\/p><\/blockquote>\n\n\n\n<p class=\"has-text-color has-text-align-center has-very-dark-gray-color\"><br><\/p>\n\n\n\n<div class=\"wp-block-media-text alignwide is-stacked-on-mobile is-image-fill\"><figure class=\"wp-block-media-text__media\" style=\"background-image:url(https:\/\/eli-s.com\/wp-content\/uploads\/2019\/09\/IMG-20190826-WA0007-1030x666.jpg);background-position:50% 75%\"><img loading=\"lazy\" decoding=\"async\" width=\"1030\" height=\"666\" src=\"https:\/\/eli-s.com\/wp-content\/uploads\/2019\/09\/IMG-20190826-WA0007-1030x666.jpg\" alt=\"\" class=\"wp-image-3518\" srcset=\"https:\/\/eli-s.com\/wp-content\/uploads\/2019\/09\/IMG-20190826-WA0007-1030x666.jpg 1030w, https:\/\/eli-s.com\/wp-content\/uploads\/2019\/09\/IMG-20190826-WA0007-600x388.jpg 600w, https:\/\/eli-s.com\/wp-content\/uploads\/2019\/09\/IMG-20190826-WA0007-300x194.jpg 300w, https:\/\/eli-s.com\/wp-content\/uploads\/2019\/09\/IMG-20190826-WA0007-768x497.jpg 768w, https:\/\/eli-s.com\/wp-content\/uploads\/2019\/09\/IMG-20190826-WA0007-1500x970.jpg 1500w, https:\/\/eli-s.com\/wp-content\/uploads\/2019\/09\/IMG-20190826-WA0007-705x456.jpg 705w, https:\/\/eli-s.com\/wp-content\/uploads\/2019\/09\/IMG-20190826-WA0007.jpg 1920w\" sizes=\"auto, (max-width: 1030px) 100vw, 1030px\" \/><\/figure><div class=\"wp-block-media-text__content\">\n<div class=\"wp-block-button aligncenter is-style-squared\"><a class=\"wp-block-button__link has-text-color has-background\" href=\"https:\/\/www.helloasso.com\/associations\/association-eli-s\/adhesions\/adhesion-association-eli-s\" style=\"background-color:#42aaaa;color:#ffffff\">VOLVERSE MIEMBRO<\/a><\/div>\n\n\n\n<p><\/p>\n<\/div><\/div>\n\n\n\n<div class=\"wp-block-media-text alignwide is-stacked-on-mobile is-image-fill\"><figure class=\"wp-block-media-text__media\" style=\"background-image:url(https:\/\/eli-s.com\/wp-content\/uploads\/2019\/09\/CCN_7396-1030x687.jpg);background-position:50% 50%\"><img loading=\"lazy\" decoding=\"async\" width=\"1030\" height=\"687\" src=\"https:\/\/eli-s.com\/wp-content\/uploads\/2019\/09\/CCN_7396-1030x687.jpg\" alt=\"\" class=\"wp-image-3584\" srcset=\"https:\/\/eli-s.com\/wp-content\/uploads\/2019\/09\/CCN_7396-1030x687.jpg 1030w, https:\/\/eli-s.com\/wp-content\/uploads\/2019\/09\/CCN_7396-600x400.jpg 600w, https:\/\/eli-s.com\/wp-content\/uploads\/2019\/09\/CCN_7396-300x200.jpg 300w, https:\/\/eli-s.com\/wp-content\/uploads\/2019\/09\/CCN_7396-768x512.jpg 768w, https:\/\/eli-s.com\/wp-content\/uploads\/2019\/09\/CCN_7396-1500x1000.jpg 1500w, https:\/\/eli-s.com\/wp-content\/uploads\/2019\/09\/CCN_7396-705x470.jpg 705w\" sizes=\"auto, (max-width: 1030px) 100vw, 1030px\" \/><\/figure><div class=\"wp-block-media-text__content\">\n<div class=\"wp-block-button aligncenter is-style-squared\"><a class=\"wp-block-button__link has-text-color has-background\" href=\"https:\/\/eli-s.com\/faire-un-don\/\" style=\"background-color:#42aaaa;color:#ffffff\">HACER UNA DONACI\u00d3N<\/a><\/div>\n<\/div><\/div>\n\n\n\n<div class=\"wp-block-media-text alignwide is-stacked-on-mobile is-image-fill\"><figure class=\"wp-block-media-text__media\" style=\"background-image:url(https:\/\/eli-s.com\/wp-content\/uploads\/2019\/11\/44973245_2181499938776194_8049611960813092864_n.jpg);background-position:67.64705882352942% 58.82352941176471%\"><img loading=\"lazy\" decoding=\"async\" width=\"480\" height=\"600\" src=\"https:\/\/eli-s.com\/wp-content\/uploads\/2019\/11\/44973245_2181499938776194_8049611960813092864_n.jpg\" alt=\"\" class=\"wp-image-4792\" srcset=\"https:\/\/eli-s.com\/wp-content\/uploads\/2019\/11\/44973245_2181499938776194_8049611960813092864_n.jpg 480w, https:\/\/eli-s.com\/wp-content\/uploads\/2019\/11\/44973245_2181499938776194_8049611960813092864_n-240x300.jpg 240w, https:\/\/eli-s.com\/wp-content\/uploads\/2019\/11\/44973245_2181499938776194_8049611960813092864_n-450x563.jpg 450w\" sizes=\"auto, (max-width: 480px) 100vw, 480px\" \/><\/figure><div class=\"wp-block-media-text__content\">\n<div class=\"wp-block-button aligncenter is-style-squared\"><a class=\"wp-block-button__link has-text-color has-background\" style=\"background-color:#42aaaa;color:#ffffff\">NUESTRA TIENDA<\/a><\/div>\n<\/div><\/div>\n\n\n\n<div class=\"wp-block-media-text alignwide is-stacked-on-mobile is-image-fill\"><figure class=\"wp-block-media-text__media\" style=\"background-image:url(https:\/\/eli-s.com\/wp-content\/uploads\/2019\/10\/Fluke_noauthor-1030x616.jpg);background-position:52.5% 81%\"><img loading=\"lazy\" decoding=\"async\" width=\"1030\" height=\"616\" src=\"https:\/\/eli-s.com\/wp-content\/uploads\/2019\/10\/Fluke_noauthor-1030x616.jpg\" alt=\"\" class=\"wp-image-3950\" srcset=\"https:\/\/eli-s.com\/wp-content\/uploads\/2019\/10\/Fluke_noauthor-1030x616.jpg 1030w, https:\/\/eli-s.com\/wp-content\/uploads\/2019\/10\/Fluke_noauthor-600x359.jpg 600w, https:\/\/eli-s.com\/wp-content\/uploads\/2019\/10\/Fluke_noauthor-300x179.jpg 300w, https:\/\/eli-s.com\/wp-content\/uploads\/2019\/10\/Fluke_noauthor-768x459.jpg 768w, https:\/\/eli-s.com\/wp-content\/uploads\/2019\/10\/Fluke_noauthor-1500x897.jpg 1500w, https:\/\/eli-s.com\/wp-content\/uploads\/2019\/10\/Fluke_noauthor-705x421.jpg 705w\" sizes=\"auto, (max-width: 1030px) 100vw, 1030px\" \/><\/figure><div class=\"wp-block-media-text__content\">\n<div class=\"wp-block-button aligncenter is-style-squared\"><a class=\"wp-block-button__link has-text-color has-background\" href=\"https:\/\/eli-s.com\/nous-soutenir\/\" style=\"background-color:#42aaaa;color:#ffffff\">ADOPTAR UNA BALLENA<\/a><\/div>\n<\/div><\/div>\n\n\n\n<div class=\"wp-block-media-text alignwide is-stacked-on-mobile\"><figure class=\"wp-block-media-text__media\"><img loading=\"lazy\" decoding=\"async\" width=\"600\" height=\"400\" src=\"https:\/\/eli-s.com\/wp-content\/uploads\/2019\/10\/Association-ELI-S-600x400.jpg\" alt=\"\" class=\"wp-image-4335\" srcset=\"https:\/\/eli-s.com\/wp-content\/uploads\/2019\/10\/Association-ELI-S-600x400.jpg 600w, https:\/\/eli-s.com\/wp-content\/uploads\/2019\/10\/Association-ELI-S-600x400-300x200.jpg 300w, https:\/\/eli-s.com\/wp-content\/uploads\/2019\/10\/Association-ELI-S-600x400-450x300.jpg 450w\" sizes=\"auto, (max-width: 600px) 100vw, 600px\" \/><\/figure><div class=\"wp-block-media-text__content\">\n<div class=\"wp-block-button aligncenter is-style-squared\"><a class=\"wp-block-button__link has-text-color has-background\" href=\"https:\/\/www.lilo.org\/es\/eli-scientific\/\" style=\"background-color:#42aaaa;color:#ffffff\">USAR LILO<\/a><\/div>\n<\/div><\/div>\n","protected":false},"excerpt":{"rendered":"<p>La asociaci\u00f3n ELI-S es una organizaci\u00f3n sin fines lucrativos y depende de los socios, donaciones y becas otorgadas por fundaciones internacionales. Todos los fondos son utilizados para la investigaci\u00f3n cient\u00edfica, establecer el proyecto de educaci\u00f3n y cubrir los costos administrativos del proyecto. Nuestro objetivo es de ser una organizaci\u00f3n autosuficiente al largo plazo ofreciendo misiones [&hellip;]<\/p>\n","protected":false},"author":1,"featured_media":3547,"parent":0,"menu_order":0,"comment_status":"closed","ping_status":"closed","template":"","meta":{"footnotes":""},"class_list":["post-3156","page","type-page","status-publish","has-post-thumbnail","hentry"],"jetpack_sharing_enabled":true,"_links":{"self":[{"href":"https:\/\/eli-s.com\/es\/wp-json\/wp\/v2\/pages\/3156","targetHints":{"allow":["GET"]}}],"collection":[{"href":"https:\/\/eli-s.com\/es\/wp-json\/wp\/v2\/pages"}],"about":[{"href":"https:\/\/eli-s.com\/es\/wp-json\/wp\/v2\/types\/page"}],"author":[{"embeddable":true,"href":"https:\/\/eli-s.com\/es\/wp-json\/wp\/v2\/users\/1"}],"replies":[{"embeddable":true,"href":"https:\/\/eli-s.com\/es\/wp-json\/wp\/v2\/comments?post=3156"}],"version-history":[{"count":97,"href":"https:\/\/eli-s.com\/es\/wp-json\/wp\/v2\/pages\/3156\/revisions"}],"predecessor-version":[{"id":5391,"href":"https:\/\/eli-s.com\/es\/wp-json\/wp\/v2\/pages\/3156\/revisions\/5391"}],"wp:featuredmedia":[{"embeddable":true,"href":"https:\/\/eli-s.com\/es\/wp-json\/wp\/v2\/media\/3547"}],"wp:attachment":[{"href":"https:\/\/eli-s.com\/es\/wp-json\/wp\/v2\/media?parent=3156"}],"curies":[{"name":"wp","href":"https:\/\/api.w.org\/{rel}","templated":true}]}}