{"id":3123,"date":"2019-09-13T22:59:56","date_gmt":"2019-09-13T21:59:56","guid":{"rendered":"https:\/\/eli-s.com\/?page_id=3123"},"modified":"2025-07-26T20:46:36","modified_gmt":"2025-07-26T19:46:36","slug":"training","status":"publish","type":"page","link":"https:\/\/eli-s.com\/es\/training\/","title":{"rendered":"ENTRENAMIENTO DE CAMPO"},"content":{"rendered":"\n<h2 class=\"wp-block-heading has-text-align-center has-text-color\" style=\"color:#42aaaa\">ENTRENAMIENTO DE CAMPO<\/h2>\n\n\n\n<div style=\"height:20px\" aria-hidden=\"true\" class=\"wp-block-spacer\"><\/div>\n\n\n\n<p class=\"has-text-align-center has-very-dark-gray-color has-text-color\">\u00bfTiene antecedentes cient\u00edficos y desea aprender m\u00e1s sobre los cet\u00e1ceos?<\/p>\n\n\n\n<p class=\"has-text-align-center has-very-dark-gray-color has-text-color\">\u00a1El entrenamiento de campo es para ti!<\/p>\n\n\n\n<div style=\"height:60px\" aria-hidden=\"true\" class=\"wp-block-spacer\"><\/div>\n\n\n\n<div class=\"wp-block-media-text alignwide\"><figure class=\"wp-block-media-text__media\"><img loading=\"lazy\" decoding=\"async\" width=\"1030\" height=\"687\" src=\"https:\/\/eli-s.com\/wp-content\/uploads\/2019\/10\/CCN_SJDS_02032018_JDW_032bis_4758-1030x687.jpg\" alt=\"\" class=\"wp-image-3933 size-full\" srcset=\"https:\/\/eli-s.com\/wp-content\/uploads\/2019\/10\/CCN_SJDS_02032018_JDW_032bis_4758-1030x687.jpg 1030w, https:\/\/eli-s.com\/wp-content\/uploads\/2019\/10\/CCN_SJDS_02032018_JDW_032bis_4758-600x400.jpg 600w, https:\/\/eli-s.com\/wp-content\/uploads\/2019\/10\/CCN_SJDS_02032018_JDW_032bis_4758-300x200.jpg 300w, https:\/\/eli-s.com\/wp-content\/uploads\/2019\/10\/CCN_SJDS_02032018_JDW_032bis_4758-768x512.jpg 768w, https:\/\/eli-s.com\/wp-content\/uploads\/2019\/10\/CCN_SJDS_02032018_JDW_032bis_4758-1500x1000.jpg 1500w, https:\/\/eli-s.com\/wp-content\/uploads\/2019\/10\/CCN_SJDS_02032018_JDW_032bis_4758-705x470.jpg 705w\" sizes=\"auto, (max-width: 1030px) 100vw, 1030px\" \/><\/figure><div class=\"wp-block-media-text__content\">\n<p class=\"has-text-align-center has-very-dark-gray-color has-text-color\">Dado que la asociaci\u00f3n ELI-S es una organizaci\u00f3n sin fines de lucro, se solicita una contribuci\u00f3n financiera para participar en nuestras sesiones de capacitaci\u00f3n en Am\u00e9rica Central con el fin de cubrir los costos relacionados con las misiones de campo (barco, combustible), para pagar el personal de supervisi\u00f3n y otros costos administrativos relacionados con el proyecto. Desde 2016, hemos podido ayudar economicamente  una docena de familias nicarag\u00fcenses. <\/p>\n<\/div><\/div>\n\n\n\n<div style=\"height:61px\" aria-hidden=\"true\" class=\"wp-block-spacer\"><\/div>\n\n\n\n<h2 class=\"wp-block-heading has-text-align-center has-text-color\" style=\"color:#42aaaa\">BREVE RESUMEN DE LA FORMACI\u00d3N CIENT\u00cdFICA<\/h2>\n\n\n\n<div style=\"height:20px\" aria-hidden=\"true\" class=\"wp-block-spacer\"><\/div>\n\n\n\n<p class=\"has-very-dark-gray-color has-text-color\"><i class=\"far fa-check-square\"><\/i> T\u00edtulo cient\u00edfico requerido<\/p>\n\n\n\n<p class=\"has-very-dark-gray-color has-text-color\"><i class=\"far fa-check-square\"><\/i> Reclutamiento con CV y entrevista<\/p>\n\n\n\n<h4 class=\"wp-block-heading has-text-align-left has-text-color\" style=\"color:#42aaaa\">Precio incluye<\/h4>\n\n\n\n<p class=\"has-very-dark-gray-color has-text-color\"><i class=\"far fa-check-square\"><\/i> Entrenamiento intensivo de una semana en estudio de mam\u00edferos marinos<\/p>\n\n\n\n<p class=\"has-very-dark-gray-color has-text-color\"><i class=\"far fa-check-square\"><\/i> Supervisi\u00f3n por un equipo profesional<\/p>\n\n\n\n<p class=\"has-very-dark-gray-color has-text-color\"><i class=\"far fa-check-square\"><\/i> Alojamiento, comida (3 comidas al d\u00eda)<\/p>\n\n\n\n<p class=\"has-very-dark-gray-color has-text-color\"><i class=\"far fa-check-square\"><\/i> Salidas al mar<\/p>\n\n\n\n<p class=\"has-very-dark-gray-color has-text-color\"><i class=\"far fa-check-square\"><\/i> Minimo un mes de participaci\u00f3n<\/p>\n\n\n\n<h4 class=\"wp-block-heading has-text-align-left has-text-color\" style=\"color:#42aaaa\">El precio no incluye<\/h4>\n\n\n\n<p class=\"has-very-dark-gray-color has-text-color\"><i class=\"far fa-check-square\"><\/i> Vuelo internacional<\/p>\n\n\n\n<p class=\"has-very-dark-gray-color has-text-color\"><i class=\"far fa-check-square\"><\/i> Gastos personales (snacks, restaurantes, etc)<\/p>\n\n\n\n<p class=\"has-very-dark-gray-color has-text-color\">M\u00e1s informaci\u00f3n ?<strong> <\/strong><a href=\"mailto:contact@eli-s.com\"><strong>contact@eli-s.com<\/strong><\/a><\/p>\n\n\n\n<div class=\"wp-block-button aligncenter\"><a class=\"wp-block-button__link has-background wp-element-button\" style=\"background-color:#42aaaa\">M\u00c1S INFORMACI\u00d3N ?<br> SOLICITE EL PAQUETE DE INFORMACI\u00d3N<\/a><\/div>\n\n\n\n<div style=\"height:41px\" aria-hidden=\"true\" class=\"wp-block-spacer\"><\/div>\n\n\n\n<figure class=\"wp-block-gallery has-nested-images columns-2 wp-block-gallery-1 is-layout-flex wp-block-gallery-is-layout-flex\">\n<figure class=\"wp-block-image\"><img loading=\"lazy\" decoding=\"async\" width=\"1030\" height=\"1030\" data-id=\"3867\" src=\"https:\/\/eli-s.com\/wp-content\/uploads\/2019\/09\/5-1030x1030.jpg\" alt=\"\" class=\"wp-image-3867\" srcset=\"https:\/\/eli-s.com\/wp-content\/uploads\/2019\/09\/5-1030x1030.jpg 1030w, https:\/\/eli-s.com\/wp-content\/uploads\/2019\/09\/5-300x300.jpg 300w, https:\/\/eli-s.com\/wp-content\/uploads\/2019\/09\/5-100x100.jpg 100w, https:\/\/eli-s.com\/wp-content\/uploads\/2019\/09\/5-600x600.jpg 600w, https:\/\/eli-s.com\/wp-content\/uploads\/2019\/09\/5-80x80.jpg 80w, https:\/\/eli-s.com\/wp-content\/uploads\/2019\/09\/5-768x768.jpg 768w, https:\/\/eli-s.com\/wp-content\/uploads\/2019\/09\/5-36x36.jpg 36w, https:\/\/eli-s.com\/wp-content\/uploads\/2019\/09\/5-180x180.jpg 180w, https:\/\/eli-s.com\/wp-content\/uploads\/2019\/09\/5-705x705.jpg 705w, https:\/\/eli-s.com\/wp-content\/uploads\/2019\/09\/5.jpg 1080w\" sizes=\"auto, (max-width: 1030px) 100vw, 1030px\" \/><\/figure>\n\n\n\n<figure class=\"wp-block-image\"><img loading=\"lazy\" decoding=\"async\" width=\"1030\" height=\"1030\" data-id=\"3866\" src=\"https:\/\/eli-s.com\/wp-content\/uploads\/2019\/09\/4-1030x1030.jpg\" alt=\"\" class=\"wp-image-3866\" srcset=\"https:\/\/eli-s.com\/wp-content\/uploads\/2019\/09\/4-1030x1030.jpg 1030w, https:\/\/eli-s.com\/wp-content\/uploads\/2019\/09\/4-300x300.jpg 300w, https:\/\/eli-s.com\/wp-content\/uploads\/2019\/09\/4-100x100.jpg 100w, https:\/\/eli-s.com\/wp-content\/uploads\/2019\/09\/4-600x600.jpg 600w, https:\/\/eli-s.com\/wp-content\/uploads\/2019\/09\/4-80x80.jpg 80w, https:\/\/eli-s.com\/wp-content\/uploads\/2019\/09\/4-768x768.jpg 768w, https:\/\/eli-s.com\/wp-content\/uploads\/2019\/09\/4-36x36.jpg 36w, https:\/\/eli-s.com\/wp-content\/uploads\/2019\/09\/4-180x180.jpg 180w, https:\/\/eli-s.com\/wp-content\/uploads\/2019\/09\/4-705x705.jpg 705w, https:\/\/eli-s.com\/wp-content\/uploads\/2019\/09\/4.jpg 1080w\" sizes=\"auto, (max-width: 1030px) 100vw, 1030px\" \/><\/figure>\n\n\n\n<figure class=\"wp-block-image\"><img loading=\"lazy\" decoding=\"async\" width=\"1030\" height=\"1030\" data-id=\"3865\" src=\"https:\/\/eli-s.com\/wp-content\/uploads\/2019\/09\/3-1030x1030.jpg\" alt=\"\" class=\"wp-image-3865\" srcset=\"https:\/\/eli-s.com\/wp-content\/uploads\/2019\/09\/3-1030x1030.jpg 1030w, https:\/\/eli-s.com\/wp-content\/uploads\/2019\/09\/3-300x300.jpg 300w, https:\/\/eli-s.com\/wp-content\/uploads\/2019\/09\/3-100x100.jpg 100w, https:\/\/eli-s.com\/wp-content\/uploads\/2019\/09\/3-600x600.jpg 600w, https:\/\/eli-s.com\/wp-content\/uploads\/2019\/09\/3-80x80.jpg 80w, https:\/\/eli-s.com\/wp-content\/uploads\/2019\/09\/3-768x768.jpg 768w, https:\/\/eli-s.com\/wp-content\/uploads\/2019\/09\/3-36x36.jpg 36w, https:\/\/eli-s.com\/wp-content\/uploads\/2019\/09\/3-180x180.jpg 180w, https:\/\/eli-s.com\/wp-content\/uploads\/2019\/09\/3-705x705.jpg 705w, https:\/\/eli-s.com\/wp-content\/uploads\/2019\/09\/3.jpg 1080w\" sizes=\"auto, (max-width: 1030px) 100vw, 1030px\" \/><\/figure>\n\n\n\n<figure class=\"wp-block-image\"><img loading=\"lazy\" decoding=\"async\" width=\"1030\" height=\"1030\" data-id=\"3863\" src=\"https:\/\/eli-s.com\/wp-content\/uploads\/2019\/09\/1-1030x1030.jpg\" alt=\"\" class=\"wp-image-3863\" srcset=\"https:\/\/eli-s.com\/wp-content\/uploads\/2019\/09\/1-1030x1030.jpg 1030w, https:\/\/eli-s.com\/wp-content\/uploads\/2019\/09\/1-300x300.jpg 300w, https:\/\/eli-s.com\/wp-content\/uploads\/2019\/09\/1-100x100.jpg 100w, https:\/\/eli-s.com\/wp-content\/uploads\/2019\/09\/1-600x600.jpg 600w, https:\/\/eli-s.com\/wp-content\/uploads\/2019\/09\/1-80x80.jpg 80w, https:\/\/eli-s.com\/wp-content\/uploads\/2019\/09\/1-768x768.jpg 768w, https:\/\/eli-s.com\/wp-content\/uploads\/2019\/09\/1-36x36.jpg 36w, https:\/\/eli-s.com\/wp-content\/uploads\/2019\/09\/1-180x180.jpg 180w, https:\/\/eli-s.com\/wp-content\/uploads\/2019\/09\/1-705x705.jpg 705w, https:\/\/eli-s.com\/wp-content\/uploads\/2019\/09\/1.jpg 1080w\" sizes=\"auto, (max-width: 1030px) 100vw, 1030px\" \/><\/figure>\n\n\n\n<figure class=\"wp-block-image\"><img loading=\"lazy\" decoding=\"async\" width=\"940\" height=\"715\" data-id=\"3862\" src=\"https:\/\/eli-s.com\/wp-content\/uploads\/2019\/09\/Victoria_avec-titre.jpg\" alt=\"\" class=\"wp-image-3862\" srcset=\"https:\/\/eli-s.com\/wp-content\/uploads\/2019\/09\/Victoria_avec-titre.jpg 940w, https:\/\/eli-s.com\/wp-content\/uploads\/2019\/09\/Victoria_avec-titre-600x456.jpg 600w, https:\/\/eli-s.com\/wp-content\/uploads\/2019\/09\/Victoria_avec-titre-300x228.jpg 300w, https:\/\/eli-s.com\/wp-content\/uploads\/2019\/09\/Victoria_avec-titre-768x584.jpg 768w, https:\/\/eli-s.com\/wp-content\/uploads\/2019\/09\/Victoria_avec-titre-705x536.jpg 705w\" sizes=\"auto, (max-width: 940px) 100vw, 940px\" \/><\/figure>\n\n\n\n<figure class=\"wp-block-image\"><img loading=\"lazy\" decoding=\"async\" width=\"940\" height=\"611\" data-id=\"3861\" src=\"https:\/\/eli-s.com\/wp-content\/uploads\/2019\/09\/Fanny-Belli\u00e8re.jpg\" alt=\"\" class=\"wp-image-3861\" srcset=\"https:\/\/eli-s.com\/wp-content\/uploads\/2019\/09\/Fanny-Belli\u00e8re.jpg 940w, https:\/\/eli-s.com\/wp-content\/uploads\/2019\/09\/Fanny-Belli\u00e8re-600x390.jpg 600w, https:\/\/eli-s.com\/wp-content\/uploads\/2019\/09\/Fanny-Belli\u00e8re-300x195.jpg 300w, https:\/\/eli-s.com\/wp-content\/uploads\/2019\/09\/Fanny-Belli\u00e8re-768x499.jpg 768w, https:\/\/eli-s.com\/wp-content\/uploads\/2019\/09\/Fanny-Belli\u00e8re-705x458.jpg 705w\" sizes=\"auto, (max-width: 940px) 100vw, 940px\" \/><\/figure>\n\n\n\n<figure class=\"wp-block-image\"><img loading=\"lazy\" decoding=\"async\" width=\"940\" height=\"734\" data-id=\"3860\" src=\"https:\/\/eli-s.com\/wp-content\/uploads\/2019\/09\/Etienne-Pouplard.jpg\" alt=\"\" class=\"wp-image-3860\" srcset=\"https:\/\/eli-s.com\/wp-content\/uploads\/2019\/09\/Etienne-Pouplard.jpg 940w, https:\/\/eli-s.com\/wp-content\/uploads\/2019\/09\/Etienne-Pouplard-600x469.jpg 600w, https:\/\/eli-s.com\/wp-content\/uploads\/2019\/09\/Etienne-Pouplard-300x234.jpg 300w, https:\/\/eli-s.com\/wp-content\/uploads\/2019\/09\/Etienne-Pouplard-768x600.jpg 768w, https:\/\/eli-s.com\/wp-content\/uploads\/2019\/09\/Etienne-Pouplard-705x551.jpg 705w\" sizes=\"auto, (max-width: 940px) 100vw, 940px\" \/><\/figure>\n\n\n\n<figure class=\"wp-block-image\"><img loading=\"lazy\" decoding=\"async\" width=\"939\" height=\"620\" data-id=\"3859\" src=\"https:\/\/eli-s.com\/wp-content\/uploads\/2019\/09\/CHelsea-Whiting_2.jpg\" alt=\"\" class=\"wp-image-3859\" srcset=\"https:\/\/eli-s.com\/wp-content\/uploads\/2019\/09\/CHelsea-Whiting_2.jpg 939w, https:\/\/eli-s.com\/wp-content\/uploads\/2019\/09\/CHelsea-Whiting_2-600x396.jpg 600w, https:\/\/eli-s.com\/wp-content\/uploads\/2019\/09\/CHelsea-Whiting_2-300x198.jpg 300w, https:\/\/eli-s.com\/wp-content\/uploads\/2019\/09\/CHelsea-Whiting_2-768x507.jpg 768w, https:\/\/eli-s.com\/wp-content\/uploads\/2019\/09\/CHelsea-Whiting_2-705x465.jpg 705w\" sizes=\"auto, (max-width: 939px) 100vw, 939px\" \/><\/figure>\n<\/figure>\n","protected":false},"excerpt":{"rendered":"<p>ENTRENAMIENTO DE CAMPO \u00bfTiene antecedentes cient\u00edficos y desea aprender m\u00e1s sobre los cet\u00e1ceos? \u00a1El entrenamiento de campo es para ti! Dado que la asociaci\u00f3n ELI-S es una organizaci\u00f3n sin fines de lucro, se solicita una contribuci\u00f3n financiera para participar en nuestras sesiones de capacitaci\u00f3n en Am\u00e9rica Central con el fin de cubrir los costos relacionados [&hellip;]<\/p>\n","protected":false},"author":1,"featured_media":0,"parent":0,"menu_order":0,"comment_status":"closed","ping_status":"closed","template":"","meta":{"footnotes":""},"class_list":["post-3123","page","type-page","status-publish","hentry"],"jetpack_sharing_enabled":true,"_links":{"self":[{"href":"https:\/\/eli-s.com\/es\/wp-json\/wp\/v2\/pages\/3123","targetHints":{"allow":["GET"]}}],"collection":[{"href":"https:\/\/eli-s.com\/es\/wp-json\/wp\/v2\/pages"}],"about":[{"href":"https:\/\/eli-s.com\/es\/wp-json\/wp\/v2\/types\/page"}],"author":[{"embeddable":true,"href":"https:\/\/eli-s.com\/es\/wp-json\/wp\/v2\/users\/1"}],"replies":[{"embeddable":true,"href":"https:\/\/eli-s.com\/es\/wp-json\/wp\/v2\/comments?post=3123"}],"version-history":[{"count":102,"href":"https:\/\/eli-s.com\/es\/wp-json\/wp\/v2\/pages\/3123\/revisions"}],"predecessor-version":[{"id":5791,"href":"https:\/\/eli-s.com\/es\/wp-json\/wp\/v2\/pages\/3123\/revisions\/5791"}],"wp:attachment":[{"href":"https:\/\/eli-s.com\/es\/wp-json\/wp\/v2\/media?parent=3123"}],"curies":[{"name":"wp","href":"https:\/\/api.w.org\/{rel}","templated":true}]}}