{"id":3119,"date":"2019-09-13T22:55:44","date_gmt":"2019-09-13T21:55:44","guid":{"rendered":"https:\/\/eli-s.com\/?page_id=3119"},"modified":"2021-05-19T10:26:14","modified_gmt":"2021-05-19T09:26:14","slug":"conservation","status":"publish","type":"page","link":"https:\/\/eli-s.com\/es\/conservation\/","title":{"rendered":"CONSERVACION"},"content":{"rendered":"\n<div class=\"wp-block-media-text alignwide is-stacked-on-mobile\"><figure class=\"wp-block-media-text__media\"><img loading=\"lazy\" decoding=\"async\" width=\"1030\" height=\"687\" src=\"https:\/\/eli-s.com\/wp-content\/uploads\/2019\/09\/Figure-2A_cropped_logo-1-1030x687.jpg\" alt=\"\" class=\"wp-image-3535\" srcset=\"https:\/\/eli-s.com\/wp-content\/uploads\/2019\/09\/Figure-2A_cropped_logo-1-1030x687.jpg 1030w, https:\/\/eli-s.com\/wp-content\/uploads\/2019\/09\/Figure-2A_cropped_logo-1-600x400.jpg 600w, https:\/\/eli-s.com\/wp-content\/uploads\/2019\/09\/Figure-2A_cropped_logo-1-300x200.jpg 300w, https:\/\/eli-s.com\/wp-content\/uploads\/2019\/09\/Figure-2A_cropped_logo-1-768x512.jpg 768w, https:\/\/eli-s.com\/wp-content\/uploads\/2019\/09\/Figure-2A_cropped_logo-1-1500x1000.jpg 1500w, https:\/\/eli-s.com\/wp-content\/uploads\/2019\/09\/Figure-2A_cropped_logo-1-705x470.jpg 705w\" sizes=\"auto, (max-width: 1030px) 100vw, 1030px\" \/><\/figure><div class=\"wp-block-media-text__content\">\n<h1 class=\"has-text-align-center wp-block-heading\" style=\"color:#42aaaa\">ACTIVIDADES<\/h1>\n\n\n\n<p class=\"has-text-color has-normal-font-size has-very-dark-gray-color\"><i class=\"fas fa-check\"><\/i> Capacitar a los operadores locales en pr\u00e1cticas sostenibles de observaci\u00f3n de ballenas.<\/p>\n\n\n\n<p class=\"has-text-color has-normal-font-size has-very-dark-gray-color\"><i class=\"fas fa-check\"><\/i> Informar anualmente a los tomadores de decisiones para desarrollar una observaci\u00f3n sostenible de ballenas.<\/p>\n\n\n\n<p class=\"has-text-color has-normal-font-size has-very-dark-gray-color\"><i class=\"fas fa-check\"><\/i> Identificar problemas relacionados a la preservaci\u00f3n de la vida marina.<\/p>\n\n\n\n<p class=\"has-text-color has-normal-font-size has-very-dark-gray-color\"><i class=\"fas fa-check\"><\/i> Crear documentos clave para la observaci\u00f3n de cet\u00e1ceos (gu\u00eda de identificaci\u00f3n y tabla de enfoque para cet\u00e1ceos)<\/p>\n\n\n\n<p class=\"has-text-color has-normal-font-size has-very-dark-gray-color\"><i class=\"fas fa-check\"><\/i> Organizar eventos de limpieza de playas.<\/p>\n\n\n\n<p class=\"has-text-color has-normal-font-size has-very-dark-gray-color\"><i class=\"fas fa-check\"><\/i> Recuperar la basura marina durante los viajes por mar.<\/p>\n\n\n\n<p class=\"has-text-color has-normal-font-size has-very-dark-gray-color\"><i class=\"fas fa-check\"><\/i> Red de varamientos de cet\u00e1ceos<\/p>\n\n\n\n<p class=\"has-text-color has-normal-font-size has-very-dark-gray-color\"><i class=\"fas fa-check\"><\/i> Liberar la fauna marina de las redes de pesca.<\/p>\n<\/div><\/div>\n\n\n\n<div style=\"height:41px\" aria-hidden=\"true\" class=\"wp-block-spacer\"><\/div>\n\n\n\n<div class=\"wp-block-media-text alignwide is-stacked-on-mobile\"><figure class=\"wp-block-media-text__media\"><img loading=\"lazy\" decoding=\"async\" width=\"1030\" height=\"689\" src=\"https:\/\/eli-s.com\/wp-content\/uploads\/2019\/09\/CCN_SJDS_01022016_JDW_004_1842-1030x689.jpg\" alt=\"\" class=\"wp-image-3810\" srcset=\"https:\/\/eli-s.com\/wp-content\/uploads\/2019\/09\/CCN_SJDS_01022016_JDW_004_1842-1030x689.jpg 1030w, https:\/\/eli-s.com\/wp-content\/uploads\/2019\/09\/CCN_SJDS_01022016_JDW_004_1842-600x401.jpg 600w, https:\/\/eli-s.com\/wp-content\/uploads\/2019\/09\/CCN_SJDS_01022016_JDW_004_1842-300x201.jpg 300w, https:\/\/eli-s.com\/wp-content\/uploads\/2019\/09\/CCN_SJDS_01022016_JDW_004_1842-768x513.jpg 768w, https:\/\/eli-s.com\/wp-content\/uploads\/2019\/09\/CCN_SJDS_01022016_JDW_004_1842-1500x1003.jpg 1500w, https:\/\/eli-s.com\/wp-content\/uploads\/2019\/09\/CCN_SJDS_01022016_JDW_004_1842-705x471.jpg 705w\" sizes=\"auto, (max-width: 1030px) 100vw, 1030px\" \/><\/figure><div class=\"wp-block-media-text__content\">\n<h1 class=\"has-text-align-center wp-block-heading\" style=\"color:#42aaaa\">OBJETIVOS &#038; RESULTADOS<\/h1>\n\n\n\n<p class=\"has-text-color has-normal-font-size has-very-dark-gray-color\"><i class=\"fas fa-check\"><\/i> Aumentar \/ mejorar los esfuerzos de conservaci\u00f3n.<\/p>\n\n\n\n<p class=\"has-text-color has-normal-font-size has-very-dark-gray-color\"><i class=\"fas fa-check\"><\/i> Crear \u00e1reas marinas protegidas<\/p>\n\n\n\n<p class=\"has-text-color has-normal-font-size has-very-dark-gray-color\"><i class=\"fas fa-check\"><\/i> Reconocer que las ballenas y los delfines con el gobierno y el Ministerio del Medio Ambiente son importantes para la conservaci\u00f3n<\/p>\n\n\n\n<p class=\"has-text-color has-normal-font-size has-very-dark-gray-color\"><i class=\"fas fa-check\"><\/i> Generar un ecoturismo responsable relacionado con la observaci\u00f3n de ballenas y delfines<\/p>\n<\/div><\/div>\n\n\n\n<div style=\"height:35px\" aria-hidden=\"true\" class=\"wp-block-spacer\"><\/div>\n\n\n\n<h1 class=\"has-text-align-center wp-block-heading\" style=\"color:#42aaaa\">QUIERES SABER MAS ?<\/h1>\n\n\n\n<div style=\"height:35px\" aria-hidden=\"true\" class=\"wp-block-spacer\"><\/div>\n\n\n\n<div class=\"wp-block-columns is-layout-flex wp-container-core-columns-is-layout-9d6595d7 wp-block-columns-is-layout-flex\">\n<div class=\"wp-block-column is-layout-flow wp-block-column-is-layout-flow\">\n<div class=\"wp-block-button aligncenter is-style-squared\"><a class=\"wp-block-button__link has-text-color has-background\" href=\"https:\/\/eli-s.com\/es\/science-2\/\" style=\"background-color:#42aaaa;color:#ffffff\">DESCUBRE NUESTRAS ACCIONES CIENTIFICAS<\/a><\/div>\n<\/div>\n\n\n\n<div class=\"wp-block-column is-layout-flow wp-block-column-is-layout-flow\">\n<div class=\"wp-block-button aligncenter is-style-squared\"><a class=\"wp-block-button__link has-text-color has-background\" href=\"https:\/\/eli-s.com\/es\/education\/\" style=\"background-color:#42aaaa;color:#ffffff\">EN EL CORAZON DE LAS COMUNIDADES<\/a><\/div>\n<\/div>\n<\/div>\n","protected":false},"excerpt":{"rendered":"<p>ACTIVIDADES Capacitar a los operadores locales en pr\u00e1cticas sostenibles de observaci\u00f3n de ballenas. Informar anualmente a los tomadores de decisiones para desarrollar una observaci\u00f3n sostenible de ballenas. Identificar problemas relacionados a la preservaci\u00f3n de la vida marina. Crear documentos clave para la observaci\u00f3n de cet\u00e1ceos (gu\u00eda de identificaci\u00f3n y tabla de enfoque para cet\u00e1ceos) Organizar [&hellip;]<\/p>\n","protected":false},"author":1,"featured_media":0,"parent":0,"menu_order":0,"comment_status":"closed","ping_status":"closed","template":"","meta":{"footnotes":""},"class_list":["post-3119","page","type-page","status-publish","hentry"],"jetpack_sharing_enabled":true,"_links":{"self":[{"href":"https:\/\/eli-s.com\/es\/wp-json\/wp\/v2\/pages\/3119","targetHints":{"allow":["GET"]}}],"collection":[{"href":"https:\/\/eli-s.com\/es\/wp-json\/wp\/v2\/pages"}],"about":[{"href":"https:\/\/eli-s.com\/es\/wp-json\/wp\/v2\/types\/page"}],"author":[{"embeddable":true,"href":"https:\/\/eli-s.com\/es\/wp-json\/wp\/v2\/users\/1"}],"replies":[{"embeddable":true,"href":"https:\/\/eli-s.com\/es\/wp-json\/wp\/v2\/comments?post=3119"}],"version-history":[{"count":43,"href":"https:\/\/eli-s.com\/es\/wp-json\/wp\/v2\/pages\/3119\/revisions"}],"predecessor-version":[{"id":5388,"href":"https:\/\/eli-s.com\/es\/wp-json\/wp\/v2\/pages\/3119\/revisions\/5388"}],"wp:attachment":[{"href":"https:\/\/eli-s.com\/es\/wp-json\/wp\/v2\/media?parent=3119"}],"curies":[{"name":"wp","href":"https:\/\/api.w.org\/{rel}","templated":true}]}}