{"id":3115,"date":"2019-09-13T22:52:44","date_gmt":"2019-09-13T21:52:44","guid":{"rendered":"https:\/\/eli-s.com\/?page_id=3115"},"modified":"2021-06-14T00:30:41","modified_gmt":"2021-06-13T23:30:41","slug":"education","status":"publish","type":"page","link":"https:\/\/eli-s.com\/es\/education\/","title":{"rendered":"EDUCACION"},"content":{"rendered":"\n<h1 class=\"has-text-align-center has-text-color wp-block-heading\" style=\"color:#42aaaa\">EN EL CORAZON DE LAS COMUNIDADES<\/h1>\n\n\n\n<div style=\"height:21px\" aria-hidden=\"true\" class=\"wp-block-spacer\"><\/div>\n\n\n\n<hr class=\"wp-block-separator is-style-wide\"\/>\n\n\n\n<p class=\"has-text-align-center has-very-dark-gray-color has-text-color has-medium-font-size\">Association ELI-S tiene como objetivo compartir el conocimiento cient\u00edfico con las comunidades locales, incluidos los pescadores, las poblaciones ind\u00edgenas y los ni\u00f1os. <\/p>\n\n\n\n<p class=\"has-text-align-center has-very-dark-gray-color has-text-color has-medium-font-size\">Se organizan talleres divertidos con ni\u00f1os de las comunidades locales. <\/p>\n\n\n\n<p class=\"has-text-align-center has-very-dark-gray-color has-text-color has-medium-font-size\">Tambi\u00e9n damos sesiones de informaci\u00f3n y capacitaci\u00f3n a los pescadores locales sobre las mejores pr\u00e1cticas para la observaci\u00f3n de ballenas.<\/p>\n\n\n\n<div style=\"height:20px\" aria-hidden=\"true\" class=\"wp-block-spacer\"><\/div>\n\n\n\n<hr class=\"wp-block-separator is-style-wide\"\/>\n\n\n\n<div style=\"height:20px\" aria-hidden=\"true\" class=\"wp-block-spacer\"><\/div>\n\n\n\n<div class=\"wp-block-media-text alignwide is-stacked-on-mobile\"><figure class=\"wp-block-media-text__media\"><img loading=\"lazy\" decoding=\"async\" width=\"960\" height=\"640\" src=\"https:\/\/eli-s.com\/wp-content\/uploads\/2013\/07\/12803265_1671667353092791_6073590536907928555_n.jpg\" alt=\"\" class=\"wp-image-2619\" srcset=\"https:\/\/eli-s.com\/wp-content\/uploads\/2013\/07\/12803265_1671667353092791_6073590536907928555_n.jpg 960w, https:\/\/eli-s.com\/wp-content\/uploads\/2013\/07\/12803265_1671667353092791_6073590536907928555_n-600x400.jpg 600w, https:\/\/eli-s.com\/wp-content\/uploads\/2013\/07\/12803265_1671667353092791_6073590536907928555_n-300x200.jpg 300w, https:\/\/eli-s.com\/wp-content\/uploads\/2013\/07\/12803265_1671667353092791_6073590536907928555_n-768x512.jpg 768w, https:\/\/eli-s.com\/wp-content\/uploads\/2013\/07\/12803265_1671667353092791_6073590536907928555_n-705x470.jpg 705w\" sizes=\"auto, (max-width: 960px) 100vw, 960px\" \/><\/figure><div class=\"wp-block-media-text__content\">\n<h1 class=\"has-text-color wp-block-heading\" style=\"color:#42aaaa\">ACTIVIDADES<\/h1>\n\n\n\n<p class=\"has-very-dark-gray-color has-text-color has-normal-font-size\"><i class=\"fas fa-check\"><\/i> Cursos y talleres sobre medio ambiente y sensibilizaci\u00f3n para ni\u00f1os de 5 a 18 a\u00f1os en escuelas, la biblioteca y otras instituciones educativas<\/p>\n\n\n\n<p class=\"has-very-dark-gray-color has-text-color has-normal-font-size\"><i class=\"fas fa-check\"><\/i> Sesi\u00f3n informativa para pescadores sobre pr\u00e1cticas sostenibles de observaci\u00f3n de ballenas<\/p>\n\n\n\n<p class=\"has-very-dark-gray-color has-text-color has-normal-font-size\"><i class=\"fas fa-check\"><\/i> Formar bi\u00f3logos nacionales e internacionales<\/p>\n\n\n\n<p class=\"has-very-dark-gray-color has-text-color has-normal-font-size\"><i class=\"fas fa-check\"><\/i> Organizar \/ participar en eventos de sensibilizaci\u00f3n p\u00fablica (limpieza de playas, espect\u00e1culos, festivales, comidas solidarias, etc.)<\/p>\n<\/div><\/div>\n\n\n\n<div class=\"wp-block-media-text alignwide is-stacked-on-mobile\"><figure class=\"wp-block-media-text__media\"><img loading=\"lazy\" decoding=\"async\" width=\"960\" height=\"640\" src=\"https:\/\/eli-s.com\/wp-content\/uploads\/2013\/07\/12805951_1671671243092402_7993209639692216645_n.jpg\" alt=\"\" class=\"wp-image-2620\" srcset=\"https:\/\/eli-s.com\/wp-content\/uploads\/2013\/07\/12805951_1671671243092402_7993209639692216645_n.jpg 960w, https:\/\/eli-s.com\/wp-content\/uploads\/2013\/07\/12805951_1671671243092402_7993209639692216645_n-600x400.jpg 600w, https:\/\/eli-s.com\/wp-content\/uploads\/2013\/07\/12805951_1671671243092402_7993209639692216645_n-300x200.jpg 300w, https:\/\/eli-s.com\/wp-content\/uploads\/2013\/07\/12805951_1671671243092402_7993209639692216645_n-768x512.jpg 768w, https:\/\/eli-s.com\/wp-content\/uploads\/2013\/07\/12805951_1671671243092402_7993209639692216645_n-705x470.jpg 705w\" sizes=\"auto, (max-width: 960px) 100vw, 960px\" \/><\/figure><div class=\"wp-block-media-text__content\">\n<h1 class=\"has-text-color wp-block-heading\" style=\"color:#42aaaa\">OBJETIVOS &#038; RESULTADOS<\/h1>\n\n\n\n<p class=\"has-very-dark-gray-color has-text-color has-normal-font-size\"><i class=\"fas fa-check\"><\/i> Generar futuros l\u00edderes en la conservaci\u00f3n del medio ambiente a nivel local e internacional.<\/p>\n\n\n\n<p class=\"has-very-dark-gray-color has-text-color has-normal-font-size\"><i class=\"fas fa-check\"><\/i> Conciencia mundial sobre la conservaci\u00f3n del medio marino y la vida silvestre marina y el uso sostenible de los recursos marinos.<\/p>\n<\/div><\/div>\n\n\n\n<div style=\"height:35px\" aria-hidden=\"true\" class=\"wp-block-spacer\"><\/div>\n\n\n\n<h1 class=\"has-text-align-center has-text-color wp-block-heading\" style=\"color:#42aaaa\">QUIERES SABER MAS ?<\/h1>\n\n\n\n<div style=\"height:35px\" aria-hidden=\"true\" class=\"wp-block-spacer\"><\/div>\n\n\n\n<div class=\"wp-block-columns is-layout-flex wp-container-core-columns-is-layout-9d6595d7 wp-block-columns-is-layout-flex\">\n<div class=\"wp-block-column is-layout-flow wp-block-column-is-layout-flow\">\n<div class=\"wp-block-button aligncenter\"><a class=\"wp-block-button__link has-text-color has-background no-border-radius\" href=\"https:\/\/eli-s.com\/es\/science-2\/\" style=\"background-color:#42aaaa;color:#ffffff\">DESCUBRA NUESTRAS ACCIONES CIENTIFICAS<\/a><\/div>\n<\/div>\n\n\n\n<div class=\"wp-block-column is-layout-flow wp-block-column-is-layout-flow\">\n<div class=\"wp-block-button aligncenter\"><a class=\"wp-block-button__link has-text-color has-background no-border-radius\" href=\"https:\/\/eli-s.com\/es\/conservation\/\" style=\"background-color:#42aaaa;color:#ffffff\">DESCUBRA NUESTROS ACCIONES DE CONSERVACION<\/a><\/div>\n<\/div>\n<\/div>\n\n\n\n<hr class=\"wp-block-separator is-style-wide\"\/>\n\n\n\n\n\n\n\n\n\n\n\n\n\n\n\n\n\n\n\n\n<\/p>\n\n","protected":false},"excerpt":{"rendered":"<p>EN EL CORAZON DE LAS COMUNIDADES Association ELI-S tiene como objetivo compartir el conocimiento cient\u00edfico con las comunidades locales, incluidos los pescadores, las poblaciones ind\u00edgenas y los ni\u00f1os. Se organizan talleres divertidos con ni\u00f1os de las comunidades locales. Tambi\u00e9n damos sesiones de informaci\u00f3n y capacitaci\u00f3n a los pescadores locales sobre las mejores pr\u00e1cticas para la [&hellip;]<\/p>\n","protected":false},"author":1,"featured_media":0,"parent":0,"menu_order":0,"comment_status":"closed","ping_status":"closed","template":"","meta":{"footnotes":""},"class_list":["post-3115","page","type-page","status-publish","hentry"],"jetpack_sharing_enabled":true,"_links":{"self":[{"href":"https:\/\/eli-s.com\/es\/wp-json\/wp\/v2\/pages\/3115","targetHints":{"allow":["GET"]}}],"collection":[{"href":"https:\/\/eli-s.com\/es\/wp-json\/wp\/v2\/pages"}],"about":[{"href":"https:\/\/eli-s.com\/es\/wp-json\/wp\/v2\/types\/page"}],"author":[{"embeddable":true,"href":"https:\/\/eli-s.com\/es\/wp-json\/wp\/v2\/users\/1"}],"replies":[{"embeddable":true,"href":"https:\/\/eli-s.com\/es\/wp-json\/wp\/v2\/comments?post=3115"}],"version-history":[{"count":60,"href":"https:\/\/eli-s.com\/es\/wp-json\/wp\/v2\/pages\/3115\/revisions"}],"predecessor-version":[{"id":5490,"href":"https:\/\/eli-s.com\/es\/wp-json\/wp\/v2\/pages\/3115\/revisions\/5490"}],"wp:attachment":[{"href":"https:\/\/eli-s.com\/es\/wp-json\/wp\/v2\/media?parent=3115"}],"curies":[{"name":"wp","href":"https:\/\/api.w.org\/{rel}","templated":true}]}}