{"id":3112,"date":"2019-09-13T22:49:58","date_gmt":"2019-09-13T21:49:58","guid":{"rendered":"https:\/\/eli-s.com\/?page_id=3112"},"modified":"2021-05-19T10:18:26","modified_gmt":"2021-05-19T09:18:26","slug":"science-2","status":"publish","type":"page","link":"https:\/\/eli-s.com\/es\/science-2\/","title":{"rendered":"CIENCIA"},"content":{"rendered":"\n<h1 class=\"has-text-align-center has-text-color wp-block-heading\" style=\"color:#42aaaa\">CIENCIA<\/h1>\n\n\n\n<hr class=\"wp-block-separator is-style-wide\"\/>\n\n\n\n<p class=\"has-text-align-center has-very-dark-gray-color has-text-color has-medium-font-size\">Nuestro programa cient\u00edfico tiene como objetivo generar una base de datos de todas las especies de delfines y ballenas que se encuentran a lo largo del Oc\u00e9ano Pac\u00edfico de Nicaragua y en la costa Este de Australia<\/p>\n\n\n\n<hr class=\"wp-block-separator is-style-wide\"\/>\n\n\n\n<div style=\"height:49px\" aria-hidden=\"true\" class=\"wp-block-spacer\"><\/div>\n\n\n\n<h1 class=\"has-text-align-center has-text-color wp-block-heading\" style=\"color:#42aaaa\">PORQUE ESE PROYECTO ES ESPECIAL ?<\/h1>\n\n\n\n<div style=\"height:49px\" aria-hidden=\"true\" class=\"wp-block-spacer\"><\/div>\n\n\n\n<blockquote class=\"wp-block-quote is-layout-flow wp-block-quote-is-layout-flow\"><p>Proyecto pionero de investigaci\u00f3n y conservaci\u00f3n de cet\u00e1ceos (en Nicaragua)<\/p><\/blockquote>\n\n\n\n<blockquote class=\"wp-block-quote is-layout-flow wp-block-quote-is-layout-flow\"><p>Primeras publicaciones sobre fauna marina (nicarag\u00fcense) en revistas cient\u00edficas<\/p><\/blockquote>\n\n\n\n<blockquote class=\"wp-block-quote is-layout-flow wp-block-quote-is-layout-flow\"><p>Descubrimiento de la presencia de una segunda poblaci\u00f3n de ballenas jorobadas (en Nicaragua)<\/p><\/blockquote>\n\n\n\n<blockquote class=\"wp-block-quote is-layout-flow wp-block-quote-is-layout-flow\"><p>Descubrimiento del comportamiento de alimentaci\u00f3n de las ballenas jorobadas en la zona de reproducci\u00f3n (en Nicaragua)<\/p><\/blockquote>\n\n\n\n<div style=\"height:50px\" aria-hidden=\"true\" class=\"wp-block-spacer\"><\/div>\n\n\n\n<div class=\"wp-block-media-text alignwide is-stacked-on-mobile\"><figure class=\"wp-block-media-text__media\"><img loading=\"lazy\" decoding=\"async\" width=\"1030\" height=\"843\" src=\"https:\/\/eli-s.com\/wp-content\/uploads\/2015\/04\/Figure-1-Map-of-Nicaragua-1030x843.png\" alt=\"\" class=\"wp-image-2916\" srcset=\"https:\/\/eli-s.com\/wp-content\/uploads\/2015\/04\/Figure-1-Map-of-Nicaragua-1030x843.png 1030w, https:\/\/eli-s.com\/wp-content\/uploads\/2015\/04\/Figure-1-Map-of-Nicaragua-600x491.png 600w, https:\/\/eli-s.com\/wp-content\/uploads\/2015\/04\/Figure-1-Map-of-Nicaragua-300x245.png 300w, https:\/\/eli-s.com\/wp-content\/uploads\/2015\/04\/Figure-1-Map-of-Nicaragua-768x628.png 768w, https:\/\/eli-s.com\/wp-content\/uploads\/2015\/04\/Figure-1-Map-of-Nicaragua-1500x1227.png 1500w, https:\/\/eli-s.com\/wp-content\/uploads\/2015\/04\/Figure-1-Map-of-Nicaragua-705x577.png 705w\" sizes=\"auto, (max-width: 1030px) 100vw, 1030px\" \/><\/figure><div class=\"wp-block-media-text__content\">\n<h1 class=\"has-text-align-center has-text-color wp-block-heading\" style=\"color:#42aaaa\">OBJETIVOS<\/h1>\n\n\n\n<ul class=\"wp-block-list\"><li>Identificar especies de cet\u00e1ceos (delfines y ballenas) en Nicaragua<\/li><li> Determinar el estado actual de diferentes poblaciones de delfines y ballenas.<\/li><li> Determinar la distribuci\u00f3n y el uso del h\u00e1bitat para cada poblaci\u00f3n.<\/li><li> Identificar \u00e1reas cr\u00edticas y sensibles para cada especie de delf\u00edn y ballena.<\/li><\/ul>\n<\/div><\/div>\n\n\n\n<div class=\"wp-block-media-text alignwide is-stacked-on-mobile\"><figure class=\"wp-block-media-text__media\"><img loading=\"lazy\" decoding=\"async\" width=\"1030\" height=\"555\" src=\"https:\/\/eli-s.com\/wp-content\/uploads\/2019\/09\/whale6-1030x555.jpg\" alt=\"\" class=\"wp-image-3524\" srcset=\"https:\/\/eli-s.com\/wp-content\/uploads\/2019\/09\/whale6-1030x555.jpg 1030w, https:\/\/eli-s.com\/wp-content\/uploads\/2019\/09\/whale6-600x323.jpg 600w, https:\/\/eli-s.com\/wp-content\/uploads\/2019\/09\/whale6-300x162.jpg 300w, https:\/\/eli-s.com\/wp-content\/uploads\/2019\/09\/whale6-768x414.jpg 768w, https:\/\/eli-s.com\/wp-content\/uploads\/2019\/09\/whale6-1500x809.jpg 1500w, https:\/\/eli-s.com\/wp-content\/uploads\/2019\/09\/whale6-705x380.jpg 705w\" sizes=\"auto, (max-width: 1030px) 100vw, 1030px\" \/><\/figure><div class=\"wp-block-media-text__content\">\n<h1 class=\"has-text-align-center has-text-color wp-block-heading\" style=\"color:#42aaaa\">ACCIONES Y RESULTADOS<\/h1>\n\n\n\n<ul class=\"wp-block-list\"><li>Censo y monitoreo de diferentes especies de cet\u00e1ceos<\/li><li>Creaci\u00f3n cient\u00edfica participativa con pescadores y operadores tur\u00edsticos<\/li><li>Evaluar el estado de las diferentes poblaciones de cet\u00e1ceos.<\/li><li> Definir \u00e1reas cr\u00edticas para las poblaciones de cet\u00e1ceos.<\/li><li> Identificar posibles problemas de conservaci\u00f3n.<\/li><li> Publicaciones cient\u00edficas en peri\u00f3dicos internacionales.<\/li><li> Implementaci\u00f3n de medidas de gesti\u00f3n (ver CONSERVACI\u00d3N)<\/li><li> Mejorar el conocimiento de los cet\u00e1ceos en Centroam\u00e9rica.<\/li><\/ul>\n<\/div><\/div>\n\n\n\n<div style=\"height:44px\" aria-hidden=\"true\" class=\"wp-block-spacer\"><\/div>\n\n\n\n<h1 class=\"has-text-align-center has-text-color wp-block-heading\" style=\"color:#42aaaa\"> DONDE EST\u00c1N NUESTROS PROYECTOS ?<\/h1>\n\n\n\n<div class=\"wp-block-columns is-layout-flex wp-container-core-columns-is-layout-9d6595d7 wp-block-columns-is-layout-flex\">\n<div class=\"wp-block-column is-layout-flow wp-block-column-is-layout-flow\">\n<figure class=\"wp-block-image size-large\"><img loading=\"lazy\" decoding=\"async\" width=\"1030\" height=\"843\" src=\"https:\/\/eli-s.com\/wp-content\/uploads\/2015\/04\/Figure-1-Map-of-Nicaragua-1030x843.png\" alt=\"\" class=\"wp-image-2916\" srcset=\"https:\/\/eli-s.com\/wp-content\/uploads\/2015\/04\/Figure-1-Map-of-Nicaragua-1030x843.png 1030w, https:\/\/eli-s.com\/wp-content\/uploads\/2015\/04\/Figure-1-Map-of-Nicaragua-600x491.png 600w, https:\/\/eli-s.com\/wp-content\/uploads\/2015\/04\/Figure-1-Map-of-Nicaragua-300x245.png 300w, https:\/\/eli-s.com\/wp-content\/uploads\/2015\/04\/Figure-1-Map-of-Nicaragua-768x628.png 768w, https:\/\/eli-s.com\/wp-content\/uploads\/2015\/04\/Figure-1-Map-of-Nicaragua-1500x1227.png 1500w, https:\/\/eli-s.com\/wp-content\/uploads\/2015\/04\/Figure-1-Map-of-Nicaragua-705x577.png 705w\" sizes=\"auto, (max-width: 1030px) 100vw, 1030px\" \/><\/figure>\n<\/div>\n\n\n\n<div class=\"wp-block-column is-layout-flow wp-block-column-is-layout-flow\">\n<figure class=\"wp-block-image size-large is-resized\"><img loading=\"lazy\" decoding=\"async\" src=\"https:\/\/eli-s.com\/wp-content\/uploads\/2020\/11\/favicon.ico\" alt=\"\" class=\"wp-image-5216\" width=\"105\" height=\"105\"\/><\/figure>\n<\/div>\n<\/div>\n\n\n\n<div style=\"height:44px\" aria-hidden=\"true\" class=\"wp-block-spacer\"><\/div>\n\n\n\n<h1 class=\"has-text-align-center has-text-color wp-block-heading\" style=\"color:#42aaaa\"> QUIERES SABER MAS ?<\/h1>\n\n\n\n<div style=\"height:44px\" aria-hidden=\"true\" class=\"wp-block-spacer\"><\/div>\n\n\n\n<div class=\"wp-block-columns is-layout-flex wp-container-core-columns-is-layout-9d6595d7 wp-block-columns-is-layout-flex\">\n<div class=\"wp-block-column is-layout-flow wp-block-column-is-layout-flow\">\n<div class=\"wp-block-button aligncenter\"><a class=\"wp-block-button__link has-text-color has-background no-border-radius\" href=\"https:\/\/eli-s.com\/conservation\/\" style=\"background-color:#42aaaa;color:#ffffff\">DESCUBRE NUESTRAS ACCIONES DE CONSERVACION <\/a><\/div>\n<\/div>\n\n\n\n<div class=\"wp-block-column is-layout-flow wp-block-column-is-layout-flow\">\n<div class=\"wp-block-button aligncenter\"><a class=\"wp-block-button__link has-text-color has-background no-border-radius\" href=\"https:\/\/eli-s.com\/education\/\" style=\"background-color:#42aaaa;color:#ffffff\">DESCUBRE NUESTRAS ACCIONES EDUCATIVAS<\/a><\/div>\n<\/div>\n<\/div>\n","protected":false},"excerpt":{"rendered":"<p>CIENCIA Nuestro programa cient\u00edfico tiene como objetivo generar una base de datos de todas las especies de delfines y ballenas que se encuentran a lo largo del Oc\u00e9ano Pac\u00edfico de Nicaragua y en la costa Este de Australia PORQUE ESE PROYECTO ES ESPECIAL ? Proyecto pionero de investigaci\u00f3n y conservaci\u00f3n de cet\u00e1ceos (en Nicaragua) Primeras [&hellip;]<\/p>\n","protected":false},"author":1,"featured_media":0,"parent":0,"menu_order":0,"comment_status":"closed","ping_status":"closed","template":"","meta":{"footnotes":""},"class_list":["post-3112","page","type-page","status-publish","hentry"],"jetpack_sharing_enabled":true,"_links":{"self":[{"href":"https:\/\/eli-s.com\/es\/wp-json\/wp\/v2\/pages\/3112","targetHints":{"allow":["GET"]}}],"collection":[{"href":"https:\/\/eli-s.com\/es\/wp-json\/wp\/v2\/pages"}],"about":[{"href":"https:\/\/eli-s.com\/es\/wp-json\/wp\/v2\/types\/page"}],"author":[{"embeddable":true,"href":"https:\/\/eli-s.com\/es\/wp-json\/wp\/v2\/users\/1"}],"replies":[{"embeddable":true,"href":"https:\/\/eli-s.com\/es\/wp-json\/wp\/v2\/comments?post=3112"}],"version-history":[{"count":47,"href":"https:\/\/eli-s.com\/es\/wp-json\/wp\/v2\/pages\/3112\/revisions"}],"predecessor-version":[{"id":5387,"href":"https:\/\/eli-s.com\/es\/wp-json\/wp\/v2\/pages\/3112\/revisions\/5387"}],"wp:attachment":[{"href":"https:\/\/eli-s.com\/es\/wp-json\/wp\/v2\/media?parent=3112"}],"curies":[{"name":"wp","href":"https:\/\/api.w.org\/{rel}","templated":true}]}}