{"id":2716,"date":"2016-04-28T09:12:56","date_gmt":"2016-04-28T08:12:56","guid":{"rendered":"http:\/\/eli-s.com\/?page_id=2716"},"modified":"2019-10-31T12:41:46","modified_gmt":"2019-10-31T11:41:46","slug":"media","status":"publish","type":"page","link":"https:\/\/eli-s.com\/es\/media\/","title":{"rendered":"MEDIOS"},"content":{"rendered":"\n<div style=\"height:43px\" aria-hidden=\"true\" class=\"wp-block-spacer\"><\/div>\n\n\n\n<h1 class=\"has-text-align-center wp-block-heading\" style=\"color:#10beaa\">RADIO<\/h1>\n\n\n\n<div style=\"height:43px\" aria-hidden=\"true\" class=\"wp-block-spacer\"><\/div>\n\n\n\n<div class=\"wp-block-columns is-layout-flex wp-container-core-columns-is-layout-9d6595d7 wp-block-columns-is-layout-flex\">\n<div class=\"wp-block-column is-layout-flow wp-block-column-is-layout-flow\">\n<p class=\"has-text-align-center\">La premiere (RTBF)<\/p>\n\n\n\n<p class=\"has-text-align-center\">Programa \u201cLes belges du bout du monde\u201d <\/p>\n\n\n\n<p class=\"has-text-align-center\">el 03 de enero 2019\u00a0en Bruselas (B\u00e9lgica) <\/p>\n\n\n\n<p class=\"has-text-align-center\">Encuentra la transmisi\u00f3n <a href=\"https:\/\/www.rtbf.be\/auvio\/detail_les-belges-du-bout-du-monde?id=2443570\">aqu\u00ed<\/a> (franc\u00e9s)<\/p>\n<\/div>\n\n\n\n<div class=\"wp-block-column is-layout-flow wp-block-column-is-layout-flow\">\n<p class=\"has-text-align-center\">Radio campus 92.1 <\/p>\n\n\n\n<p class=\"has-text-align-center\">el 4 de abril 2016  en Bruselas (B\u00e9lgica)  <\/p>\n\n\n\n<p class=\"has-text-align-center\"> Encuentra la transmisi\u00f3n <a href=\"https:\/\/www.mixcloud.com\/radiocampusbruxelles\/\">aqu\u00ed\u00a0<\/a> (franc\u00e9s) <\/p>\n<\/div>\n\n\n\n<div class=\"wp-block-column is-layout-flow wp-block-column-is-layout-flow\">\n<p class=\"has-text-align-center\">Radio Comme sur des roulettes <\/p>\n\n\n\n<p class=\"has-text-align-center\">el 07 Junio 2015  en Bruselas (B\u00e9lgica)  <\/p>\n\n\n\n<p class=\"has-text-align-center\"> Encuentra la transmisi\u00f3n <a href=\"https:\/\/www.mixcloud.com\/commesurdesroulettes\/\">aqu\u00ed<\/a>  (franc\u00e9s)<\/p>\n<\/div>\n\n\n\n<div class=\"wp-block-column is-layout-flow wp-block-column-is-layout-flow\">\n<p class=\"has-text-align-center\">Radio Alma<\/p>\n\n\n\n<p class=\"has-text-align-center\">Pragrama D.I. <\/p>\n\n\n\n<p class=\"has-text-align-center\">el\u00a006 Junio 2015\u00a0 en Bruselas (B\u00e9lgica) <\/p>\n<\/div>\n<\/div>\n\n\n\n<ul class=\"wp-block-gallery columns-4 is-cropped wp-block-gallery-1 is-layout-flex wp-block-gallery-is-layout-flex\"><li class=\"blocks-gallery-item\"><figure><img loading=\"lazy\" decoding=\"async\" width=\"1030\" height=\"773\" src=\"https:\/\/eli-s.com\/wp-content\/uploads\/2019\/09\/20190103_153855-1030x773.jpg\" alt=\"\" data-id=\"3559\" data-full-url=\"https:\/\/eli-s.com\/wp-content\/uploads\/2019\/09\/20190103_153855.jpg\" data-link=\"https:\/\/eli-s.com\/media\/20190103_153855\/\" class=\"wp-image-3559\" srcset=\"https:\/\/eli-s.com\/wp-content\/uploads\/2019\/09\/20190103_153855-1030x773.jpg 1030w, https:\/\/eli-s.com\/wp-content\/uploads\/2019\/09\/20190103_153855-600x450.jpg 600w, https:\/\/eli-s.com\/wp-content\/uploads\/2019\/09\/20190103_153855-300x225.jpg 300w, https:\/\/eli-s.com\/wp-content\/uploads\/2019\/09\/20190103_153855-768x576.jpg 768w, https:\/\/eli-s.com\/wp-content\/uploads\/2019\/09\/20190103_153855-1500x1125.jpg 1500w, https:\/\/eli-s.com\/wp-content\/uploads\/2019\/09\/20190103_153855-705x529.jpg 705w\" sizes=\"auto, (max-width: 1030px) 100vw, 1030px\" \/><figcaption>Janvier 2019<\/figcaption><\/figure><\/li><li class=\"blocks-gallery-item\"><figure><img loading=\"lazy\" decoding=\"async\" width=\"480\" height=\"360\" src=\"https:\/\/eli-s.com\/wp-content\/uploads\/2016\/04\/13012714_1690221361237390_8404534036101348643_n.jpg\" alt=\"\" data-id=\"2890\" data-full-url=\"https:\/\/eli-s.com\/wp-content\/uploads\/2016\/04\/13012714_1690221361237390_8404534036101348643_n.jpg\" data-link=\"https:\/\/eli-s.com\/media\/13012714_1690221361237390_8404534036101348643_n\/\" class=\"wp-image-2890\" srcset=\"https:\/\/eli-s.com\/wp-content\/uploads\/2016\/04\/13012714_1690221361237390_8404534036101348643_n.jpg 480w, https:\/\/eli-s.com\/wp-content\/uploads\/2016\/04\/13012714_1690221361237390_8404534036101348643_n-300x225.jpg 300w, https:\/\/eli-s.com\/wp-content\/uploads\/2016\/04\/13012714_1690221361237390_8404534036101348643_n-450x338.jpg 450w\" sizes=\"auto, (max-width: 480px) 100vw, 480px\" \/><figcaption>Avril 2016<\/figcaption><\/figure><\/li><li class=\"blocks-gallery-item\"><figure><img loading=\"lazy\" decoding=\"async\" width=\"960\" height=\"720\" src=\"https:\/\/eli-s.com\/wp-content\/uploads\/2016\/04\/Radio-DI.jpg\" alt=\"\" data-id=\"2891\" data-full-url=\"https:\/\/eli-s.com\/wp-content\/uploads\/2016\/04\/Radio-DI.jpg\" data-link=\"https:\/\/eli-s.com\/media\/radio-di\/\" class=\"wp-image-2891\" srcset=\"https:\/\/eli-s.com\/wp-content\/uploads\/2016\/04\/Radio-DI.jpg 960w, https:\/\/eli-s.com\/wp-content\/uploads\/2016\/04\/Radio-DI-600x450.jpg 600w, https:\/\/eli-s.com\/wp-content\/uploads\/2016\/04\/Radio-DI-300x225.jpg 300w, https:\/\/eli-s.com\/wp-content\/uploads\/2016\/04\/Radio-DI-768x576.jpg 768w, https:\/\/eli-s.com\/wp-content\/uploads\/2016\/04\/Radio-DI-705x529.jpg 705w\" sizes=\"auto, (max-width: 960px) 100vw, 960px\" \/><figcaption>Juin 2015<\/figcaption><\/figure><\/li><li class=\"blocks-gallery-item\"><figure><img loading=\"lazy\" decoding=\"async\" width=\"1030\" height=\"773\" src=\"https:\/\/eli-s.com\/wp-content\/uploads\/2014\/12\/PTDC0279-1030x773.jpg\" alt=\"\" data-id=\"2560\" data-full-url=\"https:\/\/eli-s.com\/wp-content\/uploads\/2014\/12\/PTDC0279.jpg\" data-link=\"https:\/\/eli-s.com\/ptdc0279\/\" class=\"wp-image-2560\" srcset=\"https:\/\/eli-s.com\/wp-content\/uploads\/2014\/12\/PTDC0279-1030x773.jpg 1030w, https:\/\/eli-s.com\/wp-content\/uploads\/2014\/12\/PTDC0279-600x450.jpg 600w, https:\/\/eli-s.com\/wp-content\/uploads\/2014\/12\/PTDC0279-300x225.jpg 300w, https:\/\/eli-s.com\/wp-content\/uploads\/2014\/12\/PTDC0279-768x576.jpg 768w, https:\/\/eli-s.com\/wp-content\/uploads\/2014\/12\/PTDC0279-1500x1125.jpg 1500w, https:\/\/eli-s.com\/wp-content\/uploads\/2014\/12\/PTDC0279-705x529.jpg 705w\" sizes=\"auto, (max-width: 1030px) 100vw, 1030px\" \/><figcaption>Juin 2015<\/figcaption><\/figure><\/li><\/ul>\n\n\n\n<div style=\"height:43px\" aria-hidden=\"true\" class=\"wp-block-spacer\"><\/div>\n\n\n\n<h1 class=\"has-text-align-center wp-block-heading\" style=\"color:#10beaa\">TELEVISI\u00d3N<\/h1>\n\n\n\n<div style=\"height:43px\" aria-hidden=\"true\" class=\"wp-block-spacer\"><\/div>\n\n\n\n<div class=\"wp-block-columns is-layout-flex wp-container-core-columns-is-layout-9d6595d7 wp-block-columns-is-layout-flex\">\n<div class=\"wp-block-column is-layout-flow wp-block-column-is-layout-flow\">\n<div class=\"wp-block-image\"><figure class=\"aligncenter size-medium is-resized\"><img loading=\"lazy\" decoding=\"async\" src=\"https:\/\/eli-s.com\/wp-content\/uploads\/2019\/10\/Canal_10_Nicaragua_1997-300x222.png\" alt=\"\" class=\"wp-image-4234\" width=\"200\" height=\"2000\"\/><\/figure><\/div>\n\n\n\n<p class=\"has-text-align-center\"><a href=\"http:\/\/www.canal10.com.ni\/accion-10\/encuentran-delfin-muerto-en-las-costas-de-padre-ramos-25621\">Enlance <\/a><\/p>\n<\/div>\n\n\n\n<div class=\"wp-block-column is-layout-flow wp-block-column-is-layout-flow\">\n<div class=\"wp-block-image\"><figure class=\"aligncenter size-full is-resized\"><img decoding=\"async\" src=\"https:\/\/eli-s.com\/wp-content\/uploads\/2019\/10\/vostv-canal-14.png\" alt=\"\" class=\"wp-image-4235\" width=\"200\" srcset=\"https:\/\/eli-s.com\/wp-content\/uploads\/2019\/10\/vostv-canal-14.png 200w, https:\/\/eli-s.com\/wp-content\/uploads\/2019\/10\/vostv-canal-14-100x100.png 100w, https:\/\/eli-s.com\/wp-content\/uploads\/2019\/10\/vostv-canal-14-80x80.png 80w, https:\/\/eli-s.com\/wp-content\/uploads\/2019\/10\/vostv-canal-14-36x36.png 36w, https:\/\/eli-s.com\/wp-content\/uploads\/2019\/10\/vostv-canal-14-180x180.png 180w\" sizes=\"(max-width: 200px) 100vw, 200px\" \/><\/figure><\/div>\n<\/div>\n<\/div>\n\n\n\n<h1 class=\"has-text-align-center wp-block-heading\" style=\"color:#10beaa\">PRENSA<\/h1>\n\n\n\n<div style=\"height:43px\" aria-hidden=\"true\" class=\"wp-block-spacer\"><\/div>\n\n\n\n<ul class=\"wp-block-gallery columns-5 wp-block-gallery-2 is-layout-flex wp-block-gallery-is-layout-flex\"><li class=\"blocks-gallery-item\"><figure><img loading=\"lazy\" decoding=\"async\" width=\"897\" height=\"1030\" src=\"https:\/\/eli-s.com\/wp-content\/uploads\/2016\/04\/Jo\u00eblle-presse-897x1030.jpg\" alt=\"\" data-id=\"2814\" data-full-url=\"https:\/\/eli-s.com\/wp-content\/uploads\/2016\/04\/Jo\u00eblle-presse.jpg\" data-link=\"https:\/\/eli-s.com\/media\/joelle-presse\/\" class=\"wp-image-2814\" srcset=\"https:\/\/eli-s.com\/wp-content\/uploads\/2016\/04\/Jo\u00eblle-presse-897x1030.jpg 897w, https:\/\/eli-s.com\/wp-content\/uploads\/2016\/04\/Jo\u00eblle-presse-600x689.jpg 600w, https:\/\/eli-s.com\/wp-content\/uploads\/2016\/04\/Jo\u00eblle-presse-261x300.jpg 261w, https:\/\/eli-s.com\/wp-content\/uploads\/2016\/04\/Jo\u00eblle-presse-768x882.jpg 768w, https:\/\/eli-s.com\/wp-content\/uploads\/2016\/04\/Jo\u00eblle-presse-1306x1500.jpg 1306w, https:\/\/eli-s.com\/wp-content\/uploads\/2016\/04\/Jo\u00eblle-presse-614x705.jpg 614w, https:\/\/eli-s.com\/wp-content\/uploads\/2016\/04\/Jo\u00eblle-presse.jpg 1565w\" sizes=\"auto, (max-width: 897px) 100vw, 897px\" \/><figcaption>Het Nieuwsblad &#8211; Dec 2015 &#8211; Belgique<\/figcaption><\/figure><\/li><li class=\"blocks-gallery-item\"><figure><img loading=\"lazy\" decoding=\"async\" width=\"813\" height=\"1030\" src=\"https:\/\/eli-s.com\/wp-content\/uploads\/2019\/09\/Jo-Publication-Nica-2-813x1030.jpg\" alt=\"\" data-id=\"3561\" data-full-url=\"https:\/\/eli-s.com\/wp-content\/uploads\/2019\/09\/Jo-Publication-Nica-2.jpg\" data-link=\"https:\/\/eli-s.com\/media\/jo-publication-nica-2\/\" class=\"wp-image-3561\" srcset=\"https:\/\/eli-s.com\/wp-content\/uploads\/2019\/09\/Jo-Publication-Nica-2-813x1030.jpg 813w, https:\/\/eli-s.com\/wp-content\/uploads\/2019\/09\/Jo-Publication-Nica-2-600x760.jpg 600w, https:\/\/eli-s.com\/wp-content\/uploads\/2019\/09\/Jo-Publication-Nica-2-237x300.jpg 237w, https:\/\/eli-s.com\/wp-content\/uploads\/2019\/09\/Jo-Publication-Nica-2-768x973.jpg 768w, https:\/\/eli-s.com\/wp-content\/uploads\/2019\/09\/Jo-Publication-Nica-2-1184x1500.jpg 1184w, https:\/\/eli-s.com\/wp-content\/uploads\/2019\/09\/Jo-Publication-Nica-2-557x705.jpg 557w, https:\/\/eli-s.com\/wp-content\/uploads\/2019\/09\/Jo-Publication-Nica-2.jpg 1680w\" sizes=\"auto, (max-width: 813px) 100vw, 813px\" \/><figcaption>Enterate &#8211; Fevrier 2016 &#8211; Nicaragua<\/figcaption><\/figure><\/li><li class=\"blocks-gallery-item\"><figure><img loading=\"lazy\" decoding=\"async\" width=\"1030\" height=\"663\" src=\"https:\/\/eli-s.com\/wp-content\/uploads\/2019\/09\/Sevenseas-p112-113-1030x663.jpg\" alt=\"\" data-id=\"3563\" data-full-url=\"https:\/\/eli-s.com\/wp-content\/uploads\/2019\/09\/Sevenseas-p112-113.jpg\" data-link=\"https:\/\/eli-s.com\/media\/sevenseas-p112-113\/\" class=\"wp-image-3563\" srcset=\"https:\/\/eli-s.com\/wp-content\/uploads\/2019\/09\/Sevenseas-p112-113-1030x663.jpg 1030w, https:\/\/eli-s.com\/wp-content\/uploads\/2019\/09\/Sevenseas-p112-113-600x386.jpg 600w, https:\/\/eli-s.com\/wp-content\/uploads\/2019\/09\/Sevenseas-p112-113-300x193.jpg 300w, https:\/\/eli-s.com\/wp-content\/uploads\/2019\/09\/Sevenseas-p112-113-768x495.jpg 768w, https:\/\/eli-s.com\/wp-content\/uploads\/2019\/09\/Sevenseas-p112-113-705x454.jpg 705w, https:\/\/eli-s.com\/wp-content\/uploads\/2019\/09\/Sevenseas-p112-113.jpg 1090w\" sizes=\"auto, (max-width: 1030px) 100vw, 1030px\" \/><figcaption>Sevenseas &#8211; Octobre 2016<\/figcaption><\/figure><\/li><li class=\"blocks-gallery-item\"><figure><img loading=\"lazy\" decoding=\"async\" width=\"544\" height=\"700\" src=\"https:\/\/eli-s.com\/wp-content\/uploads\/2019\/09\/Sevenseas-p114.jpg\" alt=\"\" data-id=\"3562\" data-full-url=\"https:\/\/eli-s.com\/wp-content\/uploads\/2019\/09\/Sevenseas-p114.jpg\" data-link=\"https:\/\/eli-s.com\/media\/sevenseas-p114\/\" class=\"wp-image-3562\" srcset=\"https:\/\/eli-s.com\/wp-content\/uploads\/2019\/09\/Sevenseas-p114.jpg 544w, https:\/\/eli-s.com\/wp-content\/uploads\/2019\/09\/Sevenseas-p114-233x300.jpg 233w, https:\/\/eli-s.com\/wp-content\/uploads\/2019\/09\/Sevenseas-p114-450x579.jpg 450w\" sizes=\"auto, (max-width: 544px) 100vw, 544px\" \/><figcaption>Sevenseas &#8211; Octobre 2016<\/figcaption><\/figure><\/li><li class=\"blocks-gallery-item\"><figure><img loading=\"lazy\" decoding=\"async\" width=\"1030\" height=\"579\" src=\"https:\/\/eli-s.com\/wp-content\/uploads\/2019\/09\/Dec-2016_Randkrant-1030x579.jpg\" alt=\"\" data-id=\"3564\" data-full-url=\"https:\/\/eli-s.com\/wp-content\/uploads\/2019\/09\/Dec-2016_Randkrant.jpg\" data-link=\"https:\/\/eli-s.com\/media\/dec-2016_randkrant\/\" class=\"wp-image-3564\" srcset=\"https:\/\/eli-s.com\/wp-content\/uploads\/2019\/09\/Dec-2016_Randkrant-1030x579.jpg 1030w, https:\/\/eli-s.com\/wp-content\/uploads\/2019\/09\/Dec-2016_Randkrant-600x338.jpg 600w, https:\/\/eli-s.com\/wp-content\/uploads\/2019\/09\/Dec-2016_Randkrant-300x169.jpg 300w, https:\/\/eli-s.com\/wp-content\/uploads\/2019\/09\/Dec-2016_Randkrant-768x432.jpg 768w, https:\/\/eli-s.com\/wp-content\/uploads\/2019\/09\/Dec-2016_Randkrant-1500x844.jpg 1500w, https:\/\/eli-s.com\/wp-content\/uploads\/2019\/09\/Dec-2016_Randkrant-705x397.jpg 705w, https:\/\/eli-s.com\/wp-content\/uploads\/2019\/09\/Dec-2016_Randkrant.jpg 2048w\" sizes=\"auto, (max-width: 1030px) 100vw, 1030px\" \/><figcaption>Randkrant &#8211; Decembre 2016<\/figcaption><\/figure><\/li><li class=\"blocks-gallery-item\"><figure><img loading=\"lazy\" decoding=\"async\" width=\"464\" height=\"622\" src=\"https:\/\/eli-s.com\/wp-content\/uploads\/2019\/09\/GBRS-aper\u00e7u.jpg\" alt=\"\" data-id=\"3565\" data-full-url=\"https:\/\/eli-s.com\/wp-content\/uploads\/2019\/09\/GBRS-aper\u00e7u.jpg\" data-link=\"https:\/\/eli-s.com\/media\/gbrs-apercu\/\" class=\"wp-image-3565\" srcset=\"https:\/\/eli-s.com\/wp-content\/uploads\/2019\/09\/GBRS-aper\u00e7u.jpg 464w, https:\/\/eli-s.com\/wp-content\/uploads\/2019\/09\/GBRS-aper\u00e7u-224x300.jpg 224w, https:\/\/eli-s.com\/wp-content\/uploads\/2019\/09\/GBRS-aper\u00e7u-450x603.jpg 450w\" sizes=\"auto, (max-width: 464px) 100vw, 464px\" \/><figcaption>GBRS &#8211; Fevrier 2017 &#8211; Belgique<\/figcaption><\/figure><\/li><li class=\"blocks-gallery-item\"><figure><img loading=\"lazy\" decoding=\"async\" width=\"995\" height=\"1030\" src=\"https:\/\/eli-s.com\/wp-content\/uploads\/2019\/09\/DSCN7155-995x1030.jpg\" alt=\"\" data-id=\"3560\" data-full-url=\"https:\/\/eli-s.com\/wp-content\/uploads\/2019\/09\/DSCN7155.jpg\" data-link=\"https:\/\/eli-s.com\/media\/dscn7155\/\" class=\"wp-image-3560\" srcset=\"https:\/\/eli-s.com\/wp-content\/uploads\/2019\/09\/DSCN7155-995x1030.jpg 995w, https:\/\/eli-s.com\/wp-content\/uploads\/2019\/09\/DSCN7155-600x621.jpg 600w, https:\/\/eli-s.com\/wp-content\/uploads\/2019\/09\/DSCN7155-290x300.jpg 290w, https:\/\/eli-s.com\/wp-content\/uploads\/2019\/09\/DSCN7155-768x795.jpg 768w, https:\/\/eli-s.com\/wp-content\/uploads\/2019\/09\/DSCN7155-36x36.jpg 36w, https:\/\/eli-s.com\/wp-content\/uploads\/2019\/09\/DSCN7155-1449x1500.jpg 1449w, https:\/\/eli-s.com\/wp-content\/uploads\/2019\/09\/DSCN7155-681x705.jpg 681w\" sizes=\"auto, (max-width: 995px) 100vw, 995px\" \/><figcaption>Del Sur &#8211; March 2017 &#8211; Nicaragua<\/figcaption><\/figure><\/li><li class=\"blocks-gallery-item\"><figure><img loading=\"lazy\" decoding=\"async\" width=\"485\" height=\"508\" src=\"https:\/\/eli-s.com\/wp-content\/uploads\/2019\/09\/Ouest-France.jpg\" alt=\"\" data-id=\"3566\" data-full-url=\"https:\/\/eli-s.com\/wp-content\/uploads\/2019\/09\/Ouest-France.jpg\" data-link=\"https:\/\/eli-s.com\/media\/ouest-france\/\" class=\"wp-image-3566\" srcset=\"https:\/\/eli-s.com\/wp-content\/uploads\/2019\/09\/Ouest-France.jpg 485w, https:\/\/eli-s.com\/wp-content\/uploads\/2019\/09\/Ouest-France-286x300.jpg 286w, https:\/\/eli-s.com\/wp-content\/uploads\/2019\/09\/Ouest-France-450x471.jpg 450w\" sizes=\"auto, (max-width: 485px) 100vw, 485px\" \/><figcaption>Ouest France &#8211; March 2017 &#8211; Nicaragua<\/figcaption><\/figure><\/li><li class=\"blocks-gallery-item\"><figure><img loading=\"lazy\" decoding=\"async\" width=\"687\" height=\"1030\" src=\"https:\/\/eli-s.com\/wp-content\/uploads\/2019\/09\/DSCN7152-687x1030.jpg\" alt=\"\" data-id=\"3567\" data-full-url=\"https:\/\/eli-s.com\/wp-content\/uploads\/2019\/09\/DSCN7152.jpg\" data-link=\"https:\/\/eli-s.com\/media\/dscn7152\/\" class=\"wp-image-3567\" srcset=\"https:\/\/eli-s.com\/wp-content\/uploads\/2019\/09\/DSCN7152-687x1030.jpg 687w, https:\/\/eli-s.com\/wp-content\/uploads\/2019\/09\/DSCN7152-600x899.jpg 600w, https:\/\/eli-s.com\/wp-content\/uploads\/2019\/09\/DSCN7152-200x300.jpg 200w, https:\/\/eli-s.com\/wp-content\/uploads\/2019\/09\/DSCN7152-768x1151.jpg 768w, https:\/\/eli-s.com\/wp-content\/uploads\/2019\/09\/DSCN7152-1001x1500.jpg 1001w, https:\/\/eli-s.com\/wp-content\/uploads\/2019\/09\/DSCN7152-470x705.jpg 470w, https:\/\/eli-s.com\/wp-content\/uploads\/2019\/09\/DSCN7152-scaled.jpg 1708w\" sizes=\"auto, (max-width: 687px) 100vw, 687px\" \/><figcaption>YR &#8211; March 2017 &#8211; France<\/figcaption><\/figure><\/li><li class=\"blocks-gallery-item\"><figure><img loading=\"lazy\" decoding=\"async\" width=\"1030\" height=\"528\" src=\"https:\/\/eli-s.com\/wp-content\/uploads\/2019\/09\/2017-12-14-1030x528.jpg\" alt=\"\" data-id=\"3558\" data-full-url=\"https:\/\/eli-s.com\/wp-content\/uploads\/2019\/09\/2017-12-14.jpg\" data-link=\"https:\/\/eli-s.com\/media\/2017-12-14\/\" class=\"wp-image-3558\" srcset=\"https:\/\/eli-s.com\/wp-content\/uploads\/2019\/09\/2017-12-14-1030x528.jpg 1030w, https:\/\/eli-s.com\/wp-content\/uploads\/2019\/09\/2017-12-14-600x308.jpg 600w, https:\/\/eli-s.com\/wp-content\/uploads\/2019\/09\/2017-12-14-300x154.jpg 300w, https:\/\/eli-s.com\/wp-content\/uploads\/2019\/09\/2017-12-14-768x394.jpg 768w, https:\/\/eli-s.com\/wp-content\/uploads\/2019\/09\/2017-12-14-705x362.jpg 705w, https:\/\/eli-s.com\/wp-content\/uploads\/2019\/09\/2017-12-14.jpg 1347w\" sizes=\"auto, (max-width: 1030px) 100vw, 1030px\" \/><figcaption>VUB &#8211; 14 Decembre 2017<\/figcaption><\/figure><\/li><\/ul>\n\n\n\n<figure class=\"wp-block-embed-wordpress wp-block-embed is-type-wp-embed is-provider-wiseoceans\"><div class=\"wp-block-embed__wrapper\">\n<div class='avia-iframe-wrap'><blockquote class=\"wp-embedded-content\" data-secret=\"pjyfZRGmkz\"><a href=\"https:\/\/www.wiseoceans.com\/an-interview-with-wiseoceans-joelle-de-weerdt\/\">An Interview with WiseOceans\u2026 Jo\u00eblle De Weerdt from ELI-Scientific<\/a><\/blockquote><iframe loading=\"lazy\" class=\"wp-embedded-content\" sandbox=\"allow-scripts\" security=\"restricted\" style=\"position: absolute; clip: rect(1px, 1px, 1px, 1px);\" src=\"https:\/\/www.wiseoceans.com\/an-interview-with-wiseoceans-joelle-de-weerdt\/embed\/#?secret=pjyfZRGmkz\" data-secret=\"pjyfZRGmkz\" width=\"600\" height=\"338\" title=\"&#8220;An Interview with WiseOceans\u2026 Jo\u00eblle De Weerdt from ELI-Scientific&#8221; &#8212; WiseOceans\" frameborder=\"0\" marginwidth=\"0\" marginheight=\"0\" scrolling=\"no\"><\/iframe><\/div>\n<\/div><\/figure>\n","protected":false},"excerpt":{"rendered":"<p>RADIO La premiere (RTBF) Programa \u201cLes belges du bout du monde\u201d el 03 de enero 2019\u00a0en Bruselas (B\u00e9lgica) Encuentra la transmisi\u00f3n aqu\u00ed (franc\u00e9s) Radio campus 92.1 el 4 de abril 2016 en Bruselas (B\u00e9lgica) Encuentra la transmisi\u00f3n aqu\u00ed\u00a0 (franc\u00e9s) Radio Comme sur des roulettes el 07 Junio 2015 en Bruselas (B\u00e9lgica) Encuentra la transmisi\u00f3n aqu\u00ed [&hellip;]<\/p>\n","protected":false},"author":1,"featured_media":3583,"parent":0,"menu_order":0,"comment_status":"closed","ping_status":"closed","template":"","meta":{"footnotes":""},"class_list":["post-2716","page","type-page","status-publish","has-post-thumbnail","hentry"],"jetpack_sharing_enabled":true,"_links":{"self":[{"href":"https:\/\/eli-s.com\/es\/wp-json\/wp\/v2\/pages\/2716","targetHints":{"allow":["GET"]}}],"collection":[{"href":"https:\/\/eli-s.com\/es\/wp-json\/wp\/v2\/pages"}],"about":[{"href":"https:\/\/eli-s.com\/es\/wp-json\/wp\/v2\/types\/page"}],"author":[{"embeddable":true,"href":"https:\/\/eli-s.com\/es\/wp-json\/wp\/v2\/users\/1"}],"replies":[{"embeddable":true,"href":"https:\/\/eli-s.com\/es\/wp-json\/wp\/v2\/comments?post=2716"}],"version-history":[{"count":33,"href":"https:\/\/eli-s.com\/es\/wp-json\/wp\/v2\/pages\/2716\/revisions"}],"predecessor-version":[{"id":4265,"href":"https:\/\/eli-s.com\/es\/wp-json\/wp\/v2\/pages\/2716\/revisions\/4265"}],"wp:featuredmedia":[{"embeddable":true,"href":"https:\/\/eli-s.com\/es\/wp-json\/wp\/v2\/media\/3583"}],"wp:attachment":[{"href":"https:\/\/eli-s.com\/es\/wp-json\/wp\/v2\/media?parent=2716"}],"curies":[{"name":"wp","href":"https:\/\/api.w.org\/{rel}","templated":true}]}}