{"id":2401,"date":"2016-02-11T11:59:23","date_gmt":"2016-02-11T10:59:23","guid":{"rendered":"http:\/\/eli-s.com\/?page_id=2401"},"modified":"2021-05-18T11:58:19","modified_gmt":"2021-05-18T10:58:19","slug":"our-actions","status":"publish","type":"page","link":"https:\/\/eli-s.com\/es\/our-actions\/","title":{"rendered":"NUESTRAS ACCIONES"},"content":{"rendered":"\n<h2 class=\"has-text-align-center wp-block-heading\" style=\"color:#42aaaa\">DESCUBRE NUESTRAS ACCIONES<\/h2>\n\n\n\n<div style=\"height:47px\" aria-hidden=\"true\" class=\"wp-block-spacer\"><\/div>\n\n\n\n<hr class=\"wp-block-separator is-style-wide\"\/>\n\n\n\n<h3 class=\"has-text-align-center wp-block-heading\">Transmitir valores fundamentales: respeto, intercambio, solidaridad, convivencia, conocimiento y educaci\u00f3n sobre el ecosistema marino.<\/h3>\n\n\n\n<div style=\"height:47px\" aria-hidden=\"true\" class=\"wp-block-spacer\"><\/div>\n\n\n\n<hr class=\"wp-block-separator is-style-wide\"\/>\n\n\n\n<div class=\"wp-block-media-text alignwide is-stacked-on-mobile\"><figure class=\"wp-block-media-text__media\"><img loading=\"lazy\" decoding=\"async\" width=\"1030\" height=\"687\" src=\"https:\/\/eli-s.com\/wp-content\/uploads\/2019\/09\/Danse-de-dauphins_cropped-1030x687.jpg\" alt=\"\" class=\"wp-image-3809\" srcset=\"https:\/\/eli-s.com\/wp-content\/uploads\/2019\/09\/Danse-de-dauphins_cropped-1030x687.jpg 1030w, https:\/\/eli-s.com\/wp-content\/uploads\/2019\/09\/Danse-de-dauphins_cropped-600x400.jpg 600w, https:\/\/eli-s.com\/wp-content\/uploads\/2019\/09\/Danse-de-dauphins_cropped-300x200.jpg 300w, https:\/\/eli-s.com\/wp-content\/uploads\/2019\/09\/Danse-de-dauphins_cropped-768x512.jpg 768w, https:\/\/eli-s.com\/wp-content\/uploads\/2019\/09\/Danse-de-dauphins_cropped-1500x1000.jpg 1500w, https:\/\/eli-s.com\/wp-content\/uploads\/2019\/09\/Danse-de-dauphins_cropped-705x470.jpg 705w\" sizes=\"auto, (max-width: 1030px) 100vw, 1030px\" \/><\/figure><div class=\"wp-block-media-text__content\">\n<h2 class=\"wp-block-heading\" style=\"color:#42aaaa\">VALORES<\/h2>\n\n\n\n<p class=\"has-medium-font-size\"><strong>Transmitir valores fundamentales<\/strong> :<\/p>\n\n\n\n<p class=\"has-text-color has-medium-font-size has-very-dark-gray-color\"><i class=\"fas fa-check\"><\/i> Respeto<\/p>\n\n\n\n<p class=\"has-text-color has-medium-font-size has-very-dark-gray-color\"><i class=\"fas fa-check\"><\/i> Intercambio<\/p>\n\n\n\n<p class=\"has-text-color has-medium-font-size has-very-dark-gray-color\"><i class=\"fas fa-check\"><\/i> Solidaridad<\/p>\n\n\n\n<p class=\"has-text-color has-medium-font-size has-very-dark-gray-color\"><i class=\"fas fa-check\"><\/i> Convivencia<\/p>\n\n\n\n<p class=\"has-text-color has-medium-font-size has-very-dark-gray-color\"><i class=\"fas fa-check\"><\/i> Conocimiento<\/p>\n\n\n\n<p class=\"has-text-color has-medium-font-size has-very-dark-gray-color\"><i class=\"fas fa-check\"><\/i> Educaci\u00f3n sobre el ecosistema marino<\/p>\n<\/div><\/div>\n\n\n\n<div class=\"wp-block-media-text alignwide is-stacked-on-mobile\"><figure class=\"wp-block-media-text__media\"><img loading=\"lazy\" decoding=\"async\" width=\"1030\" height=\"685\" src=\"https:\/\/eli-s.com\/wp-content\/uploads\/2019\/10\/DSC_0410-1030x685.jpg\" alt=\"\" class=\"wp-image-3927\" srcset=\"https:\/\/eli-s.com\/wp-content\/uploads\/2019\/10\/DSC_0410-1030x685.jpg 1030w, https:\/\/eli-s.com\/wp-content\/uploads\/2019\/10\/DSC_0410-600x399.jpg 600w, https:\/\/eli-s.com\/wp-content\/uploads\/2019\/10\/DSC_0410-300x199.jpg 300w, https:\/\/eli-s.com\/wp-content\/uploads\/2019\/10\/DSC_0410-768x511.jpg 768w, https:\/\/eli-s.com\/wp-content\/uploads\/2019\/10\/DSC_0410-1500x997.jpg 1500w, https:\/\/eli-s.com\/wp-content\/uploads\/2019\/10\/DSC_0410-705x469.jpg 705w\" sizes=\"auto, (max-width: 1030px) 100vw, 1030px\" \/><\/figure><div class=\"wp-block-media-text__content\">\n<h2 class=\"wp-block-heading\" style=\"color:#42aaaa\">TALLERES EDUCATIVOS<\/h2>\n\n\n\n<p class=\"has-medium-font-size\"><strong>Crear conciencia sobre:<\/strong><\/p>\n\n\n\n<p class=\"has-text-color has-medium-font-size has-very-dark-gray-color\"><i class=\"fas fa-check\"><\/i> Reciclaje<\/p>\n\n\n\n<p class=\"has-text-color has-medium-font-size has-very-dark-gray-color\"><i class=\"fas fa-check\"><\/i> La responsabilidad del hombre en la conservaci\u00f3n<\/p>\n\n\n\n<p class=\"has-text-color has-medium-font-size has-very-dark-gray-color\"><i class=\"fas fa-check\"><\/i> Ecosistema marino<\/p>\n\n\n\n<p class=\"has-text-color has-medium-font-size has-very-dark-gray-color\"><i class=\"fas fa-check\"><\/i> Fauna marina<\/p>\n<\/div><\/div>\n\n\n\n<div class=\"wp-block-media-text alignwide is-stacked-on-mobile\"><figure class=\"wp-block-media-text__media\"><img loading=\"lazy\" decoding=\"async\" width=\"960\" height=\"720\" src=\"https:\/\/eli-s.com\/wp-content\/uploads\/2019\/11\/29598297_2034772003448989_678729696921487315_n-1.jpg\" alt=\"\" class=\"wp-image-4791\" srcset=\"https:\/\/eli-s.com\/wp-content\/uploads\/2019\/11\/29598297_2034772003448989_678729696921487315_n-1.jpg 960w, https:\/\/eli-s.com\/wp-content\/uploads\/2019\/11\/29598297_2034772003448989_678729696921487315_n-1-600x450.jpg 600w, https:\/\/eli-s.com\/wp-content\/uploads\/2019\/11\/29598297_2034772003448989_678729696921487315_n-1-300x225.jpg 300w, https:\/\/eli-s.com\/wp-content\/uploads\/2019\/11\/29598297_2034772003448989_678729696921487315_n-1-768x576.jpg 768w, https:\/\/eli-s.com\/wp-content\/uploads\/2019\/11\/29598297_2034772003448989_678729696921487315_n-1-705x529.jpg 705w\" sizes=\"auto, (max-width: 960px) 100vw, 960px\" \/><\/figure><div class=\"wp-block-media-text__content\">\n<h2 class=\"wp-block-heading\" style=\"color:#42aaaa\">LIMPIEZA DE PLAYAS Y DEL OC\u00c9ANO<\/h2>\n\n\n\n<p class=\"has-text-color has-medium-font-size has-very-dark-gray-color\">Organizamos limpieza de playas y recuperamos los desechos encontrados en el mar durante nuestras salidas al mar<\/p>\n<\/div><\/div>\n\n\n\n<div class=\"wp-block-media-text alignwide is-stacked-on-mobile\"><figure class=\"wp-block-media-text__media\"><img loading=\"lazy\" decoding=\"async\" width=\"1030\" height=\"684\" src=\"https:\/\/eli-s.com\/wp-content\/uploads\/2019\/11\/17622092_1847515322174659_2338176907649209144_o-1030x684.jpg\" alt=\"\" class=\"wp-image-4796\" srcset=\"https:\/\/eli-s.com\/wp-content\/uploads\/2019\/11\/17622092_1847515322174659_2338176907649209144_o-1030x684.jpg 1030w, https:\/\/eli-s.com\/wp-content\/uploads\/2019\/11\/17622092_1847515322174659_2338176907649209144_o-600x399.jpg 600w, https:\/\/eli-s.com\/wp-content\/uploads\/2019\/11\/17622092_1847515322174659_2338176907649209144_o-300x199.jpg 300w, https:\/\/eli-s.com\/wp-content\/uploads\/2019\/11\/17622092_1847515322174659_2338176907649209144_o-768x510.jpg 768w, https:\/\/eli-s.com\/wp-content\/uploads\/2019\/11\/17622092_1847515322174659_2338176907649209144_o-1500x997.jpg 1500w, https:\/\/eli-s.com\/wp-content\/uploads\/2019\/11\/17622092_1847515322174659_2338176907649209144_o-705x469.jpg 705w, https:\/\/eli-s.com\/wp-content\/uploads\/2019\/11\/17622092_1847515322174659_2338176907649209144_o.jpg 2048w\" sizes=\"auto, (max-width: 1030px) 100vw, 1030px\" \/><\/figure><div class=\"wp-block-media-text__content\">\n<h2 class=\"wp-block-heading\" style=\"color:#42aaaa\">APOYAR A LAS COMUNIDADES LOCALES<\/h2>\n\n\n\n<p class=\"has-text-color has-medium-font-size has-very-dark-gray-color\">Apoyamos a las comunidades ofreciendo empleo y proponiendo acciones de sensibilizaci\u00f3n para promover la preservaci\u00f3n de la vida marina.<\/p>\n<\/div><\/div>\n\n\n\n<div class=\"wp-block-media-text alignwide is-stacked-on-mobile\"><figure class=\"wp-block-media-text__media\"><img loading=\"lazy\" decoding=\"async\" width=\"960\" height=\"548\" src=\"https:\/\/eli-s.com\/wp-content\/uploads\/2013\/07\/12509725_1657698414489685_2091542054748146212_n.jpg\" alt=\"\" class=\"wp-image-2614\" srcset=\"https:\/\/eli-s.com\/wp-content\/uploads\/2013\/07\/12509725_1657698414489685_2091542054748146212_n.jpg 960w, https:\/\/eli-s.com\/wp-content\/uploads\/2013\/07\/12509725_1657698414489685_2091542054748146212_n-600x343.jpg 600w, https:\/\/eli-s.com\/wp-content\/uploads\/2013\/07\/12509725_1657698414489685_2091542054748146212_n-300x171.jpg 300w, https:\/\/eli-s.com\/wp-content\/uploads\/2013\/07\/12509725_1657698414489685_2091542054748146212_n-768x438.jpg 768w, https:\/\/eli-s.com\/wp-content\/uploads\/2013\/07\/12509725_1657698414489685_2091542054748146212_n-705x402.jpg 705w\" sizes=\"auto, (max-width: 960px) 100vw, 960px\" \/><\/figure><div class=\"wp-block-media-text__content\">\n<h2 class=\"wp-block-heading\" style=\"color:#42aaaa\">FORMACI\u00d3N<\/h2>\n\n\n\n<p class=\"has-text-color has-medium-font-size has-very-dark-gray-color\">Capacitar a los cient\u00edficos en metodolog\u00edas de investigaci\u00f3n de mam\u00edferos marinos:<\/p>\n\n\n\n<p class=\"has-text-color has-medium-font-size has-very-dark-gray-color\"><i class=\"fas fa-check\"><\/i> Foto-identificaci\u00f3n<\/p>\n\n\n\n<p class=\"has-text-color has-medium-font-size has-very-dark-gray-color\"><i class=\"fas fa-check\"><\/i> Toma de datos en el campo<\/p>\n\n\n\n<p class=\"has-text-color has-medium-font-size has-very-dark-gray-color\"><i class=\"fas fa-check\"><\/i> Ecologia de cet\u00e1ceos<\/p>\n<\/div><\/div>\n\n\n\n<div class=\"wp-block-media-text alignwide is-stacked-on-mobile\"><figure class=\"wp-block-media-text__media\"><img loading=\"lazy\" decoding=\"async\" width=\"1030\" height=\"797\" src=\"https:\/\/eli-s.com\/wp-content\/uploads\/2019\/09\/17-009-84-1030x797.jpg\" alt=\"\" class=\"wp-image-3738\" srcset=\"https:\/\/eli-s.com\/wp-content\/uploads\/2019\/09\/17-009-84-1030x797.jpg 1030w, https:\/\/eli-s.com\/wp-content\/uploads\/2019\/09\/17-009-84-600x465.jpg 600w, https:\/\/eli-s.com\/wp-content\/uploads\/2019\/09\/17-009-84-300x232.jpg 300w, https:\/\/eli-s.com\/wp-content\/uploads\/2019\/09\/17-009-84-768x595.jpg 768w, https:\/\/eli-s.com\/wp-content\/uploads\/2019\/09\/17-009-84-1500x1161.jpg 1500w, https:\/\/eli-s.com\/wp-content\/uploads\/2019\/09\/17-009-84-705x546.jpg 705w\" sizes=\"auto, (max-width: 1030px) 100vw, 1030px\" \/><\/figure><div class=\"wp-block-media-text__content\">\n<h2 class=\"wp-block-heading\" style=\"color:#42aaaa\">SER LA REFERENCIA CIENT\u00cdFICA NACIONAL SOBRE CETACEOS<\/h2>\n\n\n\n<p class=\"has-text-color has-medium-font-size has-very-dark-gray-color\">Comunicarse con la comunidad cient\u00edfica a trav\u00e9s de conferencias cient\u00edficas y publicaciones en revistas cient\u00edficas.<\/p>\n<\/div><\/div>\n\n\n\n<div style=\"height:47px\" aria-hidden=\"true\" class=\"wp-block-spacer\"><\/div>\n","protected":false},"excerpt":{"rendered":"<p>DESCUBRE NUESTRAS ACCIONES Transmitir valores fundamentales: respeto, intercambio, solidaridad, convivencia, conocimiento y educaci\u00f3n sobre el ecosistema marino. VALORES Transmitir valores fundamentales : Respeto Intercambio Solidaridad Convivencia Conocimiento Educaci\u00f3n sobre el ecosistema marino TALLERES EDUCATIVOS Crear conciencia sobre: Reciclaje La responsabilidad del hombre en la conservaci\u00f3n Ecosistema marino Fauna marina LIMPIEZA DE PLAYAS Y DEL OC\u00c9ANO [&hellip;]<\/p>\n","protected":false},"author":1,"featured_media":0,"parent":0,"menu_order":0,"comment_status":"closed","ping_status":"closed","template":"","meta":{"footnotes":""},"class_list":["post-2401","page","type-page","status-publish","hentry"],"jetpack_sharing_enabled":true,"_links":{"self":[{"href":"https:\/\/eli-s.com\/es\/wp-json\/wp\/v2\/pages\/2401","targetHints":{"allow":["GET"]}}],"collection":[{"href":"https:\/\/eli-s.com\/es\/wp-json\/wp\/v2\/pages"}],"about":[{"href":"https:\/\/eli-s.com\/es\/wp-json\/wp\/v2\/types\/page"}],"author":[{"embeddable":true,"href":"https:\/\/eli-s.com\/es\/wp-json\/wp\/v2\/users\/1"}],"replies":[{"embeddable":true,"href":"https:\/\/eli-s.com\/es\/wp-json\/wp\/v2\/comments?post=2401"}],"version-history":[{"count":103,"href":"https:\/\/eli-s.com\/es\/wp-json\/wp\/v2\/pages\/2401\/revisions"}],"predecessor-version":[{"id":5370,"href":"https:\/\/eli-s.com\/es\/wp-json\/wp\/v2\/pages\/2401\/revisions\/5370"}],"wp:attachment":[{"href":"https:\/\/eli-s.com\/es\/wp-json\/wp\/v2\/media?parent=2401"}],"curies":[{"name":"wp","href":"https:\/\/api.w.org\/{rel}","templated":true}]}}