{"id":1690,"date":"2014-12-31T11:59:53","date_gmt":"2014-12-31T10:59:53","guid":{"rendered":"http:\/\/eli-s.com\/?page_id=1690"},"modified":"2020-07-27T13:51:29","modified_gmt":"2020-07-27T12:51:29","slug":"eliscientific","status":"publish","type":"page","link":"https:\/\/eli-s.com\/es\/eliscientific\/","title":{"rendered":"ELI-SCIENTIFIC"},"content":{"rendered":"\n<div class=\"wp-block-media-text alignwide is-stacked-on-mobile\"><figure class=\"wp-block-media-text__media\"><img loading=\"lazy\" decoding=\"async\" width=\"1030\" height=\"735\" src=\"https:\/\/eli-s.com\/wp-content\/uploads\/2019\/09\/Mother-calf2-1-1030x735.jpg\" alt=\"\" class=\"wp-image-3542\" srcset=\"https:\/\/eli-s.com\/wp-content\/uploads\/2019\/09\/Mother-calf2-1-1030x735.jpg 1030w, https:\/\/eli-s.com\/wp-content\/uploads\/2019\/09\/Mother-calf2-1-600x428.jpg 600w, https:\/\/eli-s.com\/wp-content\/uploads\/2019\/09\/Mother-calf2-1-300x214.jpg 300w, https:\/\/eli-s.com\/wp-content\/uploads\/2019\/09\/Mother-calf2-1-768x548.jpg 768w, https:\/\/eli-s.com\/wp-content\/uploads\/2019\/09\/Mother-calf2-1-1500x1071.jpg 1500w, https:\/\/eli-s.com\/wp-content\/uploads\/2019\/09\/Mother-calf2-1-260x185.jpg 260w, https:\/\/eli-s.com\/wp-content\/uploads\/2019\/09\/Mother-calf2-1-705x503.jpg 705w\" sizes=\"auto, (max-width: 1030px) 100vw, 1030px\" \/><\/figure><div class=\"wp-block-media-text__content\">\n<h2 class=\"wp-block-heading\" style=\"color:#42aaaa\"><strong>El concepto<\/strong><\/h2>\n\n\n\n<p class=\"has-text-color has-text-align-left has-medium-font-size has-very-dark-gray-color\">El objetivo del proyecto de conservaci\u00f3n de cet\u00e1ceos (ballenas y delfines) en Centro-Am\u00e9rica es llevar a cabo investigaci\u00f3n cient\u00edfica para conservar los cet\u00e1ceos. Generar conocimiento sobre las especies en peligro de extinci\u00f3n ayudar a evaluar los problemas que enfrentan las especies y una vez que estos problemas se identifican podemos implementar medidas de gesti\u00f3n. No solo hacemos ciencia sino tambi\u00e9n conciencia de las comunidades locales. Es por eso que el proyecto tiene un programa educativo con ni\u00f1os de comunidades centroamericanas, as\u00ed como con pescadores y operadores tur\u00edsticos que ofrecen viajes de observaci\u00f3n de cet\u00e1ceos. En 2016, iniciamos nuestro primer proyecto de conservaci\u00f3n de cet\u00e1ceos en Nicaragua.<\/p>\n<\/div><\/div>\n","protected":false},"excerpt":{"rendered":"<p>El concepto El objetivo del proyecto de conservaci\u00f3n de cet\u00e1ceos (ballenas y delfines) en Centro-Am\u00e9rica es llevar a cabo investigaci\u00f3n cient\u00edfica para conservar los cet\u00e1ceos. Generar conocimiento sobre las especies en peligro de extinci\u00f3n ayudar a evaluar los problemas que enfrentan las especies y una vez que estos problemas se identifican podemos implementar medidas de [&hellip;]<\/p>\n","protected":false},"author":1,"featured_media":0,"parent":0,"menu_order":0,"comment_status":"open","ping_status":"closed","template":"","meta":{"footnotes":""},"class_list":["post-1690","page","type-page","status-publish","hentry"],"jetpack_sharing_enabled":true,"_links":{"self":[{"href":"https:\/\/eli-s.com\/es\/wp-json\/wp\/v2\/pages\/1690","targetHints":{"allow":["GET"]}}],"collection":[{"href":"https:\/\/eli-s.com\/es\/wp-json\/wp\/v2\/pages"}],"about":[{"href":"https:\/\/eli-s.com\/es\/wp-json\/wp\/v2\/types\/page"}],"author":[{"embeddable":true,"href":"https:\/\/eli-s.com\/es\/wp-json\/wp\/v2\/users\/1"}],"replies":[{"embeddable":true,"href":"https:\/\/eli-s.com\/es\/wp-json\/wp\/v2\/comments?post=1690"}],"version-history":[{"count":76,"href":"https:\/\/eli-s.com\/es\/wp-json\/wp\/v2\/pages\/1690\/revisions"}],"predecessor-version":[{"id":5204,"href":"https:\/\/eli-s.com\/es\/wp-json\/wp\/v2\/pages\/1690\/revisions\/5204"}],"wp:attachment":[{"href":"https:\/\/eli-s.com\/es\/wp-json\/wp\/v2\/media?parent=1690"}],"curies":[{"name":"wp","href":"https:\/\/api.w.org\/{rel}","templated":true}]}}