{"id":1066,"date":"2013-09-09T22:00:15","date_gmt":"2013-09-09T21:00:15","guid":{"rendered":"http:\/\/eli-s.com\/?page_id=1066"},"modified":"2019-09-17T03:42:17","modified_gmt":"2019-09-17T02:42:17","slug":"mentions-legales","status":"publish","type":"page","link":"https:\/\/eli-s.com\/es\/mentions-legales\/","title":{"rendered":"Mentions l\u00e9gales"},"content":{"rendered":"<h2>MENTIONS L\u00e9gales<\/h2>\n<p>Le pr\u00e9sent site, www.eli-s.com, est h\u00e9berg\u00e9 par la soci\u00e9t\u00e9 \u00a0<strong>1&#038;1 Internet SARL<\/strong> au capital de 100 000 EUR, dont le si\u00e9ge social est situ\u00e9 au\u00a07, place de la Gare , BP 70109 , 57201 Sarreguemines Cedex. Tel:\u00a00825 080 020 (appel factur\u00e9 0,15 \u20ac\/min depuis un poste fixe en France m\u00e9tropolitaine).<br \/>\n<span style=\"color: #339966;\"><em>support [at] 1and1.fr.<\/em><\/span><br \/>\n<span style=\"color: #339966;\"><em>www.1and1.fr<\/em><\/span><br \/>\n<span style=\"color: #339966;\"><em>RCS Sarreguemines B 431 303 775\u00a0<\/em><\/span><br \/>\n<span style=\"color: #339966;\"><em>SIRET 431 303 775 000 16\u00a0<\/em><\/span><br \/>\n<span style=\"color: #339966;\"><em>APE 642 B<\/em><\/span><\/p>\n<p>ELI-S est une association \u00a0loi de 1901.<br \/>\nSi\u00e8ge est situ\u00e9 \u00e0:<br \/>\n39 Allee de Verdalle 33470 GUJAN-MESTRAS<\/p>\n<p>Le site a \u00e9t\u00e9 cr\u00e9\u00e9 par <span style=\"color: #339966;\"><em>Laure Halvick _\u00a0http:\/\/lorhvk.com\/<\/em><\/span><\/p>\n<p>Le charg\u00e9 de maintenance du site est <em>Joelle De Weerdt<\/em><span style=\"color: #339966;\"><i>\u00a0(sylvain.deweerdt@eli-s.com)<\/i><\/span><\/p>\n<p>Le pr\u00e9sident\u00a0de l&#8217;association\u00a0<strong>ELI-S<\/strong> est <span style=\"color: #339966;\"><em>Joelle De Weerdt<\/em><\/span><\/p>\n<p>Num\u00e9ro de t\u00e9l\u00e9phone : +33 5 56 66 91 94<br \/>\nEmail \u00e0 l\u2019adresse : contact@eli-s.com<\/p>\n","protected":false},"excerpt":{"rendered":"<p>MENTIONS L\u00e9gales Le pr\u00e9sent site, www.eli-s.com, est h\u00e9berg\u00e9 par la soci\u00e9t\u00e9 \u00a01&#038;1 Internet SARL au capital de 100 000 EUR, dont le si\u00e9ge social est situ\u00e9 au\u00a07, place de la Gare , BP 70109 , 57201 Sarreguemines Cedex. Tel:\u00a00825 080 020 (appel factur\u00e9 0,15 \u20ac\/min depuis un poste fixe en France m\u00e9tropolitaine). support [at] 1and1.fr. [&hellip;]<\/p>\n","protected":false},"author":1,"featured_media":0,"parent":0,"menu_order":0,"comment_status":"open","ping_status":"open","template":"","meta":{"footnotes":""},"class_list":["post-1066","page","type-page","status-publish","hentry"],"jetpack_sharing_enabled":true,"_links":{"self":[{"href":"https:\/\/eli-s.com\/es\/wp-json\/wp\/v2\/pages\/1066","targetHints":{"allow":["GET"]}}],"collection":[{"href":"https:\/\/eli-s.com\/es\/wp-json\/wp\/v2\/pages"}],"about":[{"href":"https:\/\/eli-s.com\/es\/wp-json\/wp\/v2\/types\/page"}],"author":[{"embeddable":true,"href":"https:\/\/eli-s.com\/es\/wp-json\/wp\/v2\/users\/1"}],"replies":[{"embeddable":true,"href":"https:\/\/eli-s.com\/es\/wp-json\/wp\/v2\/comments?post=1066"}],"version-history":[{"count":10,"href":"https:\/\/eli-s.com\/es\/wp-json\/wp\/v2\/pages\/1066\/revisions"}],"predecessor-version":[{"id":3409,"href":"https:\/\/eli-s.com\/es\/wp-json\/wp\/v2\/pages\/1066\/revisions\/3409"}],"wp:attachment":[{"href":"https:\/\/eli-s.com\/es\/wp-json\/wp\/v2\/media?parent=1066"}],"curies":[{"name":"wp","href":"https:\/\/api.w.org\/{rel}","templated":true}]}}