{"id":6,"date":"2013-07-30T08:42:18","date_gmt":"2013-07-30T07:42:18","guid":{"rendered":"http:\/\/eli-s.com\/?page_id=6"},"modified":"2025-07-26T21:05:27","modified_gmt":"2025-07-26T20:05:27","slug":"home","status":"publish","type":"page","link":"https:\/\/eli-s.com\/en\/","title":{"rendered":"HOME"},"content":{"rendered":"\n<figure class=\"wp-block-image size-full is-resized is-style-default\"><a href=\"https:\/\/eli-s.com\/presentation\/\"><img loading=\"lazy\" decoding=\"async\" width=\"1350\" height=\"650\" src=\"https:\/\/eli-s.com\/wp-content\/uploads\/2019\/09\/Association-ELI-S-5.png\" alt=\"\" class=\"wp-image-3509\" style=\"width:1350px;height:650px\" srcset=\"https:\/\/eli-s.com\/wp-content\/uploads\/2019\/09\/Association-ELI-S-5.png 1350w, https:\/\/eli-s.com\/wp-content\/uploads\/2019\/09\/Association-ELI-S-5-600x289.png 600w, https:\/\/eli-s.com\/wp-content\/uploads\/2019\/09\/Association-ELI-S-5-300x144.png 300w, https:\/\/eli-s.com\/wp-content\/uploads\/2019\/09\/Association-ELI-S-5-768x370.png 768w, https:\/\/eli-s.com\/wp-content\/uploads\/2019\/09\/Association-ELI-S-5-1030x496.png 1030w, https:\/\/eli-s.com\/wp-content\/uploads\/2019\/09\/Association-ELI-S-5-705x339.png 705w\" sizes=\"auto, (max-width: 1350px) 100vw, 1350px\" \/><\/a><\/figure>\n\n\n\n<p><\/p>\n\n\n\n<h1 class=\"wp-block-heading has-text-align-center has-text-color\" style=\"color:#42aaaa\">APPLICATIONS ARE NOW OPEN FOR OUR MARINE MAMMAL TRAINING PROGRAM<\/h1>\n\n\n\n<p class=\"has-text-align-center has-very-dark-gray-color has-text-color has-medium-font-size\">Between August 2025 and March 2026. <strong>Send us <a href=\"training@eli-s.com\">an email<\/a> for more information<\/strong><\/p>\n\n\n\n<div style=\"height:33px\" aria-hidden=\"true\" class=\"wp-block-spacer\"><\/div>\n\n\n\n<h1 class=\"wp-block-heading has-text-align-center has-text-color\" style=\"color:#42aaaa\">QUI SOMMES-NOUS ?<\/h1>\n\n\n\n<p class=\"has-text-align-center has-very-dark-gray-color has-text-color has-medium-font-size\"><strong>Depuis 2016 l\u2019association ELI-S a mis en place un projet de conservation des c\u00e9tac\u00e9s au Nicaragua<\/strong><\/p>\n\n\n\n<div class=\"wp-block-button\"><a class=\"wp-block-button__link has-very-dark-gray-color has-text-color has-background no-border-radius wp-element-button\" href=\"https:\/\/eli-s.com\/presentation\/\" style=\"background-color:#f0f0f0\" target=\"_blank\" rel=\"https:\/\/eli-s.com\/a-propos\/ noopener noreferrer\"><strong>EN SAVOIR PLUS<\/strong><\/a><\/div>\n\n\n\n<p><\/p>\n\n\n\n<div style=\"height:33px\" aria-hidden=\"true\" class=\"wp-block-spacer\"><\/div>\n\n\n\n<div class=\"wp-block-media-text alignwide is-stacked-on-mobile is-image-fill-element\"><figure class=\"wp-block-media-text__media\"><img loading=\"lazy\" decoding=\"async\" width=\"1030\" height=\"599\" src=\"https:\/\/eli-s.com\/wp-content\/uploads\/2019\/09\/MC_BPPexcursion1-1030x599.jpg\" alt=\"\" class=\"wp-image-3539 size-full\" style=\"object-position:19% 100%\" srcset=\"https:\/\/eli-s.com\/wp-content\/uploads\/2019\/09\/MC_BPPexcursion1-1030x599.jpg 1030w, https:\/\/eli-s.com\/wp-content\/uploads\/2019\/09\/MC_BPPexcursion1-600x349.jpg 600w, https:\/\/eli-s.com\/wp-content\/uploads\/2019\/09\/MC_BPPexcursion1-300x175.jpg 300w, https:\/\/eli-s.com\/wp-content\/uploads\/2019\/09\/MC_BPPexcursion1-768x447.jpg 768w, https:\/\/eli-s.com\/wp-content\/uploads\/2019\/09\/MC_BPPexcursion1-1500x873.jpg 1500w, https:\/\/eli-s.com\/wp-content\/uploads\/2019\/09\/MC_BPPexcursion1-705x410.jpg 705w\" sizes=\"auto, (max-width: 1030px) 100vw, 1030px\" \/><\/figure><div class=\"wp-block-media-text__content\">\n<p class=\"has-text-align-center has-text-color has-large-font-size\" style=\"color:#42aaaa\"><strong><a href=\"https:\/\/eli-s.com\/science-2\/\" target=\"_blank\" rel=\"noreferrer noopener\" aria-label=\"SCIENCE (opens in a new tab)\">SCIENCE<\/a><\/strong><\/p>\n\n\n\n<p class=\"has-text-align-center has-medium-font-size\">Conna\u00eetre pour mieux prot\u00e9ger<\/p>\n<\/div><\/div>\n\n\n\n<div class=\"wp-block-media-text alignwide has-media-on-the-right is-stacked-on-mobile is-image-fill-element\"><div class=\"wp-block-media-text__content\">\n<p class=\"has-text-align-center has-text-color has-large-font-size\" style=\"color:#42aaaa\"><strong><a href=\"https:\/\/eli-s.com\/education\/\">EDUCATION<\/a><\/strong><\/p>\n\n\n\n<p class=\"has-text-align-center has-medium-font-size\">Soutenir les communaut\u00e9s locales<\/p>\n<\/div><figure class=\"wp-block-media-text__media\"><img loading=\"lazy\" decoding=\"async\" width=\"1030\" height=\"773\" src=\"https:\/\/eli-s.com\/wp-content\/uploads\/2019\/10\/72320819_3414226588602336_1845807236778033152_n-1030x773.jpg\" alt=\"\" class=\"wp-image-3923 size-full\" style=\"object-position:50% 39%\" srcset=\"https:\/\/eli-s.com\/wp-content\/uploads\/2019\/10\/72320819_3414226588602336_1845807236778033152_n-1030x773.jpg 1030w, https:\/\/eli-s.com\/wp-content\/uploads\/2019\/10\/72320819_3414226588602336_1845807236778033152_n-600x450.jpg 600w, https:\/\/eli-s.com\/wp-content\/uploads\/2019\/10\/72320819_3414226588602336_1845807236778033152_n-300x225.jpg 300w, https:\/\/eli-s.com\/wp-content\/uploads\/2019\/10\/72320819_3414226588602336_1845807236778033152_n-768x576.jpg 768w, https:\/\/eli-s.com\/wp-content\/uploads\/2019\/10\/72320819_3414226588602336_1845807236778033152_n-1500x1125.jpg 1500w, https:\/\/eli-s.com\/wp-content\/uploads\/2019\/10\/72320819_3414226588602336_1845807236778033152_n-705x529.jpg 705w\" sizes=\"auto, (max-width: 1030px) 100vw, 1030px\" \/><\/figure><\/div>\n\n\n\n<div class=\"wp-block-media-text alignwide is-stacked-on-mobile is-image-fill-element\"><figure class=\"wp-block-media-text__media\"><img loading=\"lazy\" decoding=\"async\" width=\"1030\" height=\"611\" src=\"https:\/\/eli-s.com\/wp-content\/uploads\/2019\/09\/Maderas-1030x611.jpg\" alt=\"\" class=\"wp-image-3536 size-full\" style=\"object-position:99% 91%\" srcset=\"https:\/\/eli-s.com\/wp-content\/uploads\/2019\/09\/Maderas-1030x611.jpg 1030w, https:\/\/eli-s.com\/wp-content\/uploads\/2019\/09\/Maderas-600x356.jpg 600w, https:\/\/eli-s.com\/wp-content\/uploads\/2019\/09\/Maderas-300x178.jpg 300w, https:\/\/eli-s.com\/wp-content\/uploads\/2019\/09\/Maderas-768x455.jpg 768w, https:\/\/eli-s.com\/wp-content\/uploads\/2019\/09\/Maderas-1500x889.jpg 1500w, https:\/\/eli-s.com\/wp-content\/uploads\/2019\/09\/Maderas-705x418.jpg 705w\" sizes=\"auto, (max-width: 1030px) 100vw, 1030px\" \/><\/figure><div class=\"wp-block-media-text__content\">\n<p class=\"has-text-align-center has-text-color has-large-font-size\" style=\"color:#42aaaa\"><strong><a href=\"https:\/\/eli-s.com\/conservation\/\">CONSERVATION<\/a><\/strong><\/p>\n\n\n\n<p class=\"has-text-align-center has-medium-font-size\">D\u00e9velopper&nbsp;des&nbsp;strat\u00e9gies&nbsp;de&nbsp;gestion<\/p>\n<\/div><\/div>\n\n\n\n<div style=\"height:100px\" aria-hidden=\"true\" class=\"wp-block-spacer\"><\/div>\n\n\n\n<h1 class=\"wp-block-heading has-text-align-center has-text-color\" style=\"color:#42aaaa\">SOUHAITEZ-VOUS AGIR ?<\/h1>\n\n\n\n<div style=\"height:48px\" aria-hidden=\"true\" class=\"wp-block-spacer\"><\/div>\n\n\n\n<div class=\"wp-block-media-text alignwide is-stacked-on-mobile is-image-fill-element\"><figure class=\"wp-block-media-text__media\"><img loading=\"lazy\" decoding=\"async\" width=\"1030\" height=\"687\" src=\"https:\/\/eli-s.com\/wp-content\/uploads\/2019\/10\/CCN_5026-1030x687.jpg\" alt=\"\" class=\"wp-image-4083 size-full\" style=\"object-position:48% 53%\" srcset=\"https:\/\/eli-s.com\/wp-content\/uploads\/2019\/10\/CCN_5026-1030x687.jpg 1030w, https:\/\/eli-s.com\/wp-content\/uploads\/2019\/10\/CCN_5026-600x400.jpg 600w, https:\/\/eli-s.com\/wp-content\/uploads\/2019\/10\/CCN_5026-300x200.jpg 300w, https:\/\/eli-s.com\/wp-content\/uploads\/2019\/10\/CCN_5026-768x512.jpg 768w, https:\/\/eli-s.com\/wp-content\/uploads\/2019\/10\/CCN_5026-1500x1000.jpg 1500w, https:\/\/eli-s.com\/wp-content\/uploads\/2019\/10\/CCN_5026-705x470.jpg 705w\" sizes=\"auto, (max-width: 1030px) 100vw, 1030px\" \/><\/figure><div class=\"wp-block-media-text__content\">\n<p class=\"has-text-align-center has-text-color has-large-font-size\" style=\"color:#42aaaa\"><strong><a href=\"https:\/\/eli-s.com\/benevolat-2\/\">DEVENIR B\u00c9N\u00c9VOLE<\/a><\/strong><\/p>\n\n\n\n<p class=\"has-text-align-center has-medium-font-size\">J\u2019offre mon temps et mes comp\u00e9tences pour la conservation des c\u00e9tac\u00e9s<\/p>\n<\/div><\/div>\n\n\n\n<div class=\"wp-block-media-text alignwide has-media-on-the-right is-stacked-on-mobile is-image-fill-element\"><div class=\"wp-block-media-text__content\">\n<p class=\"has-text-align-center has-text-color has-large-font-size\" style=\"color:#42aaaa\"><strong><a href=\"https:\/\/eli-s.com\/nous-soutenir\/\">NOUS SOUTENIR<\/a><\/strong><\/p>\n\n\n\n<p class=\"has-text-align-center has-medium-font-size\">Il existe diff\u00e9rentes fa\u00e7ons de nous soutenir financi\u00e8rement<\/p>\n<\/div><figure class=\"wp-block-media-text__media\"><img loading=\"lazy\" decoding=\"async\" width=\"960\" height=\"720\" src=\"https:\/\/eli-s.com\/wp-content\/uploads\/2013\/07\/12924342_1683589748567218_5486444620708011574_n.jpg\" alt=\"\" class=\"wp-image-2623 size-full\" style=\"object-position:49% 36%\" srcset=\"https:\/\/eli-s.com\/wp-content\/uploads\/2013\/07\/12924342_1683589748567218_5486444620708011574_n.jpg 960w, https:\/\/eli-s.com\/wp-content\/uploads\/2013\/07\/12924342_1683589748567218_5486444620708011574_n-600x450.jpg 600w, https:\/\/eli-s.com\/wp-content\/uploads\/2013\/07\/12924342_1683589748567218_5486444620708011574_n-300x225.jpg 300w, https:\/\/eli-s.com\/wp-content\/uploads\/2013\/07\/12924342_1683589748567218_5486444620708011574_n-768x576.jpg 768w, https:\/\/eli-s.com\/wp-content\/uploads\/2013\/07\/12924342_1683589748567218_5486444620708011574_n-705x529.jpg 705w\" sizes=\"auto, (max-width: 960px) 100vw, 960px\" \/><\/figure><\/div>\n\n\n\n<div class=\"wp-block-media-text alignwide is-stacked-on-mobile is-image-fill-element\"><figure class=\"wp-block-media-text__media\"><img loading=\"lazy\" decoding=\"async\" width=\"1030\" height=\"687\" src=\"https:\/\/eli-s.com\/wp-content\/uploads\/2019\/10\/CCN_9300-1030x687.jpg\" alt=\"\" class=\"wp-image-3968 size-full\" style=\"object-position:53% 36%\" srcset=\"https:\/\/eli-s.com\/wp-content\/uploads\/2019\/10\/CCN_9300-1030x687.jpg 1030w, https:\/\/eli-s.com\/wp-content\/uploads\/2019\/10\/CCN_9300-600x400.jpg 600w, https:\/\/eli-s.com\/wp-content\/uploads\/2019\/10\/CCN_9300-300x200.jpg 300w, https:\/\/eli-s.com\/wp-content\/uploads\/2019\/10\/CCN_9300-768x512.jpg 768w, https:\/\/eli-s.com\/wp-content\/uploads\/2019\/10\/CCN_9300-1500x1000.jpg 1500w, https:\/\/eli-s.com\/wp-content\/uploads\/2019\/10\/CCN_9300-705x470.jpg 705w\" sizes=\"auto, (max-width: 1030px) 100vw, 1030px\" \/><\/figure><div class=\"wp-block-media-text__content\">\n<p class=\"has-text-align-center has-text-color has-large-font-size\" style=\"color:#42aaaa\"><strong><a href=\"https:\/\/eli-s.com\/sortie-en-mer\/\">NOUS REJOINDRE<\/a><\/strong><\/p>\n\n\n\n<p class=\"has-text-align-center has-medium-font-size\">Je souhaite effectuer de la recherche sur le terrain avec vous<\/p>\n<\/div><\/div>\n\n\n\n<div style=\"height:76px\" aria-hidden=\"true\" class=\"wp-block-spacer\"><\/div>\n\n\n\n<h2 class=\"wp-block-heading has-text-align-center has-text-color\" style=\"color:#42aaaa\"> L\u2019ASSOCIATION ELI-S TRAVAILLE SUR PLUSIEURS OBJECTIFS DES NATIONS UNIES<\/h2>\n\n\n\n<div style=\"height:32px\" aria-hidden=\"true\" class=\"wp-block-spacer\"><\/div>\n\n\n\n<figure class=\"wp-block-gallery has-nested-images columns-5 is-cropped wp-block-gallery-1 is-layout-flex wp-block-gallery-is-layout-flex\">\n<figure class=\"wp-block-image size-large\"><img loading=\"lazy\" decoding=\"async\" width=\"1030\" height=\"1030\" data-id=\"4103\" src=\"https:\/\/eli-s.com\/wp-content\/uploads\/2019\/10\/Objectif-4-1030x1030.png\" alt=\"\" class=\"wp-image-4103\" srcset=\"https:\/\/eli-s.com\/wp-content\/uploads\/2019\/10\/Objectif-4-1030x1030.png 1030w, https:\/\/eli-s.com\/wp-content\/uploads\/2019\/10\/Objectif-4-300x300.png 300w, https:\/\/eli-s.com\/wp-content\/uploads\/2019\/10\/Objectif-4-100x100.png 100w, https:\/\/eli-s.com\/wp-content\/uploads\/2019\/10\/Objectif-4-600x600.png 600w, https:\/\/eli-s.com\/wp-content\/uploads\/2019\/10\/Objectif-4-80x80.png 80w, https:\/\/eli-s.com\/wp-content\/uploads\/2019\/10\/Objectif-4-768x768.png 768w, https:\/\/eli-s.com\/wp-content\/uploads\/2019\/10\/Objectif-4-36x36.png 36w, https:\/\/eli-s.com\/wp-content\/uploads\/2019\/10\/Objectif-4-180x180.png 180w, https:\/\/eli-s.com\/wp-content\/uploads\/2019\/10\/Objectif-4-705x705.png 705w, https:\/\/eli-s.com\/wp-content\/uploads\/2019\/10\/Objectif-4.png 1500w\" sizes=\"auto, (max-width: 1030px) 100vw, 1030px\" \/><\/figure>\n\n\n\n<figure class=\"wp-block-image size-large\"><img loading=\"lazy\" decoding=\"async\" width=\"600\" height=\"600\" data-id=\"4105\" src=\"https:\/\/eli-s.com\/wp-content\/uploads\/2019\/10\/Objectif-5.png\" alt=\"\" class=\"wp-image-4105\" srcset=\"https:\/\/eli-s.com\/wp-content\/uploads\/2019\/10\/Objectif-5.png 600w, https:\/\/eli-s.com\/wp-content\/uploads\/2019\/10\/Objectif-5-300x300.png 300w, https:\/\/eli-s.com\/wp-content\/uploads\/2019\/10\/Objectif-5-100x100.png 100w, https:\/\/eli-s.com\/wp-content\/uploads\/2019\/10\/Objectif-5-80x80.png 80w, https:\/\/eli-s.com\/wp-content\/uploads\/2019\/10\/Objectif-5-36x36.png 36w, https:\/\/eli-s.com\/wp-content\/uploads\/2019\/10\/Objectif-5-180x180.png 180w, https:\/\/eli-s.com\/wp-content\/uploads\/2019\/10\/Objectif-5-450x450.png 450w\" sizes=\"auto, (max-width: 600px) 100vw, 600px\" \/><\/figure>\n\n\n\n<figure class=\"wp-block-image size-large\"><img loading=\"lazy\" decoding=\"async\" width=\"1000\" height=\"1000\" data-id=\"4104\" src=\"https:\/\/eli-s.com\/wp-content\/uploads\/2019\/10\/objectif-12.png\" alt=\"\" class=\"wp-image-4104\" srcset=\"https:\/\/eli-s.com\/wp-content\/uploads\/2019\/10\/objectif-12.png 1000w, https:\/\/eli-s.com\/wp-content\/uploads\/2019\/10\/objectif-12-300x300.png 300w, https:\/\/eli-s.com\/wp-content\/uploads\/2019\/10\/objectif-12-100x100.png 100w, https:\/\/eli-s.com\/wp-content\/uploads\/2019\/10\/objectif-12-600x600.png 600w, https:\/\/eli-s.com\/wp-content\/uploads\/2019\/10\/objectif-12-80x80.png 80w, https:\/\/eli-s.com\/wp-content\/uploads\/2019\/10\/objectif-12-768x768.png 768w, https:\/\/eli-s.com\/wp-content\/uploads\/2019\/10\/objectif-12-36x36.png 36w, https:\/\/eli-s.com\/wp-content\/uploads\/2019\/10\/objectif-12-180x180.png 180w, https:\/\/eli-s.com\/wp-content\/uploads\/2019\/10\/objectif-12-705x705.png 705w\" sizes=\"auto, (max-width: 1000px) 100vw, 1000px\" \/><\/figure>\n\n\n\n<figure class=\"wp-block-image size-large\"><img loading=\"lazy\" decoding=\"async\" width=\"1030\" height=\"1030\" data-id=\"4107\" src=\"https:\/\/eli-s.com\/wp-content\/uploads\/2019\/10\/Objectif-13-1030x1030.jpg\" alt=\"\" class=\"wp-image-4107\" srcset=\"https:\/\/eli-s.com\/wp-content\/uploads\/2019\/10\/Objectif-13-1030x1030.jpg 1030w, https:\/\/eli-s.com\/wp-content\/uploads\/2019\/10\/Objectif-13-300x300.jpg 300w, https:\/\/eli-s.com\/wp-content\/uploads\/2019\/10\/Objectif-13-100x100.jpg 100w, https:\/\/eli-s.com\/wp-content\/uploads\/2019\/10\/Objectif-13-600x600.jpg 600w, https:\/\/eli-s.com\/wp-content\/uploads\/2019\/10\/Objectif-13-80x80.jpg 80w, https:\/\/eli-s.com\/wp-content\/uploads\/2019\/10\/Objectif-13-768x768.jpg 768w, https:\/\/eli-s.com\/wp-content\/uploads\/2019\/10\/Objectif-13-36x36.jpg 36w, https:\/\/eli-s.com\/wp-content\/uploads\/2019\/10\/Objectif-13-180x180.jpg 180w, https:\/\/eli-s.com\/wp-content\/uploads\/2019\/10\/Objectif-13-1500x1500.jpg 1500w, https:\/\/eli-s.com\/wp-content\/uploads\/2019\/10\/Objectif-13-705x705.jpg 705w\" sizes=\"auto, (max-width: 1030px) 100vw, 1030px\" \/><\/figure>\n\n\n\n<figure class=\"wp-block-image size-large\"><img loading=\"lazy\" decoding=\"async\" width=\"1030\" height=\"1030\" data-id=\"4106\" src=\"https:\/\/eli-s.com\/wp-content\/uploads\/2019\/10\/objectif-14-1030x1030.jpg\" alt=\"\" class=\"wp-image-4106\" srcset=\"https:\/\/eli-s.com\/wp-content\/uploads\/2019\/10\/objectif-14-1030x1030.jpg 1030w, https:\/\/eli-s.com\/wp-content\/uploads\/2019\/10\/objectif-14-300x300.jpg 300w, https:\/\/eli-s.com\/wp-content\/uploads\/2019\/10\/objectif-14-100x100.jpg 100w, https:\/\/eli-s.com\/wp-content\/uploads\/2019\/10\/objectif-14-600x600.jpg 600w, https:\/\/eli-s.com\/wp-content\/uploads\/2019\/10\/objectif-14-80x80.jpg 80w, https:\/\/eli-s.com\/wp-content\/uploads\/2019\/10\/objectif-14-768x768.jpg 768w, https:\/\/eli-s.com\/wp-content\/uploads\/2019\/10\/objectif-14-36x36.jpg 36w, https:\/\/eli-s.com\/wp-content\/uploads\/2019\/10\/objectif-14-180x180.jpg 180w, https:\/\/eli-s.com\/wp-content\/uploads\/2019\/10\/objectif-14-1500x1500.jpg 1500w, https:\/\/eli-s.com\/wp-content\/uploads\/2019\/10\/objectif-14-705x705.jpg 705w\" sizes=\"auto, (max-width: 1030px) 100vw, 1030px\" \/><\/figure>\n<\/figure>\n\n\n\n<p><\/p>\n","protected":false},"excerpt":{"rendered":"<p>APPLICATIONS ARE NOW OPEN FOR OUR MARINE MAMMAL TRAINING PROGRAM Between August 2025 and March 2026. Send us an email for more information QUI SOMMES-NOUS ? Depuis 2016 l\u2019association ELI-S a mis en place un projet de conservation des c\u00e9tac\u00e9s au Nicaragua SCIENCE Conna\u00eetre pour mieux prot\u00e9ger EDUCATION Soutenir les communaut\u00e9s locales CONSERVATION D\u00e9velopper&nbsp;des&nbsp;strat\u00e9gies&nbsp;de&nbsp;gestion SOUHAITEZ-VOUS [&hellip;]<\/p>\n","protected":false},"author":1,"featured_media":0,"parent":0,"menu_order":0,"comment_status":"open","ping_status":"open","template":"","meta":{"footnotes":""},"class_list":["post-6","page","type-page","status-publish","hentry"],"jetpack_sharing_enabled":true,"_links":{"self":[{"href":"https:\/\/eli-s.com\/en\/wp-json\/wp\/v2\/pages\/6","targetHints":{"allow":["GET"]}}],"collection":[{"href":"https:\/\/eli-s.com\/en\/wp-json\/wp\/v2\/pages"}],"about":[{"href":"https:\/\/eli-s.com\/en\/wp-json\/wp\/v2\/types\/page"}],"author":[{"embeddable":true,"href":"https:\/\/eli-s.com\/en\/wp-json\/wp\/v2\/users\/1"}],"replies":[{"embeddable":true,"href":"https:\/\/eli-s.com\/en\/wp-json\/wp\/v2\/comments?post=6"}],"version-history":[{"count":292,"href":"https:\/\/eli-s.com\/en\/wp-json\/wp\/v2\/pages\/6\/revisions"}],"predecessor-version":[{"id":5797,"href":"https:\/\/eli-s.com\/en\/wp-json\/wp\/v2\/pages\/6\/revisions\/5797"}],"wp:attachment":[{"href":"https:\/\/eli-s.com\/en\/wp-json\/wp\/v2\/media?parent=6"}],"curies":[{"name":"wp","href":"https:\/\/api.w.org\/{rel}","templated":true}]}}